{"id":1200,"date":"2014-10-14T13:22:56","date_gmt":"2014-10-14T12:22:56","guid":{"rendered":"http:\/\/lmc2.univ-lyon1.fr\/?page_id=1200"},"modified":"2014-10-15T08:59:57","modified_gmt":"2014-10-15T07:59:57","slug":"sagane","status":"publish","type":"page","link":"https:\/\/lmc2.univ-lyon1.fr\/?page_id=1200","title":{"rendered":"SAGANE"},"content":{"rendered":"<h4><img loading=\"lazy\" decoding=\"async\" class=\"aligncenter size-full wp-image-1283\" src=\"http:\/\/lmc2.univ-lyon1.fr\/wp-content\/uploads\/2014\/10\/image0081.png\" alt=\"image008\" width=\"1433\" height=\"119\" srcset=\"https:\/\/lmc2.univ-lyon1.fr\/wp-content\/uploads\/2014\/10\/image0081.png 1433w, https:\/\/lmc2.univ-lyon1.fr\/wp-content\/uploads\/2014\/10\/image0081-300x24.png 300w, https:\/\/lmc2.univ-lyon1.fr\/wp-content\/uploads\/2014\/10\/image0081-1024x85.png 1024w\" sizes=\"auto, (max-width: 1433px) 100vw, 1433px\" \/><\/h4>\n<h4><span style=\"color: #ff9900;\"><strong>Objectifs\u00a0<\/strong><strong>:<\/strong><\/span><\/h4>\n<p style=\"text-align: justify;\">Le projet Sagane des p\u00f4les Mov\u2019eo, Plastipolis et Elastopole a pour objet de concevoir un syst\u00e8me complet d\u2019avitaillement en gaz naturel des automobiles principalement pour les v\u00e9hicules particuliers et utilitaires. Il a pour objectif d\u2019accro\u00eetre consid\u00e9rablement l\u2019autonomie de ces v\u00e9hicules, d\u2019am\u00e9liorer la fiabilit\u00e9 et la s\u00e9curit\u00e9 de leur fonctionnement, de r\u00e9pondre aux exigences de r\u00e9duction des gaz \u00e0 effet de serre et de r\u00e9duire les co\u00fbts de fabrication et d\u2019utilisation de tels syst\u00e8mes.<\/p>\n<h4><span style=\"color: #ff9900;\"><strong>Porteur\u00a0:<\/strong><\/span><\/h4>\n<h4><span style=\"color: #ff9900;\"><strong>Autres partenaires<\/strong>\u00a0:<\/span><\/h4>\n<h4><span style=\"color: #ff9900;\"><strong>Projets SAGANE en chiffres\u00a0:<\/strong><\/span><\/h4>\n<ul>\n<li>Projet FUI 20xx<\/li>\n<li>Dur\u00e9e : 48 mois<\/li>\n<li>Budget total : xxx M\u20ac.<\/li>\n<\/ul>\n<h4><span style=\"color: #ff9900;\"><strong>Labellisation par les p\u00f4les de comp\u00e9titivit\u00e9<\/strong> :<\/span><\/h4>\n<ul>\n<li>POLES MOV\u2019EO<\/li>\n<li>PLASTIPOLIS<\/li>\n<li>ELASTOPOLE<\/li>\n<\/ul>\n<h4><span style=\"color: #ff9900;\"><strong>Implication du LGCIE\u00a0(2012-2017) :<\/strong><\/span><\/h4>\n<h4><span style=\"color: #ff9900;\"><strong>Chercheurs concern\u00e9es<\/strong>\u00a0:<\/span><\/h4>\n<p>Hamelin Patrice (PR), Aron Gabor (MCF, HDR), Guillaume Guyader (Th\u00e9sard)<\/p>\n<h4><span style=\"color: #ff9900;\"><strong>Publications\u00a0:<\/strong><\/span><\/h4>\n<p style=\"text-align: justify;\">G. GUYADER, A. GABOR, P. HAMELIN, <em>Analysis Of 2d And 3d Circular Braiding Processes: Modeling The Interaction Between The Process Parameters And The Pre-Form Architecture<\/em>, Mechanism And Machine Theory, Volume 69, Novembre 2013, Pages 90-104<\/p>\n<div id='gallery-1' class='gallery galleryid-1200 gallery-columns-3 gallery-size-thumbnail'><figure class='gallery-item'>\n\t\t\t<div class='gallery-icon landscape'>\n\t\t\t\t<a href='https:\/\/lmc2.univ-lyon1.fr\/wp-content\/uploads\/2014\/10\/image0111.png'><img loading=\"lazy\" decoding=\"async\" width=\"150\" height=\"150\" src=\"https:\/\/lmc2.univ-lyon1.fr\/wp-content\/uploads\/2014\/10\/image0111-150x150.png\" class=\"attachment-thumbnail size-thumbnail\" alt=\"\" \/><\/a>\n\t\t\t<\/div><\/figure><figure class='gallery-item'>\n\t\t\t<div class='gallery-icon landscape'>\n\t\t\t\t<a href='https:\/\/lmc2.univ-lyon1.fr\/wp-content\/uploads\/2014\/10\/image013.jpg'><img loading=\"lazy\" decoding=\"async\" width=\"150\" height=\"150\" src=\"https:\/\/lmc2.univ-lyon1.fr\/wp-content\/uploads\/2014\/10\/image013-150x150.jpg\" class=\"attachment-thumbnail size-thumbnail\" alt=\"\" \/><\/a>\n\t\t\t<\/div><\/figure><figure class='gallery-item'>\n\t\t\t<div class='gallery-icon landscape'>\n\t\t\t\t<a href='https:\/\/lmc2.univ-lyon1.fr\/wp-content\/uploads\/2014\/10\/image0141.png'><img loading=\"lazy\" decoding=\"async\" width=\"150\" height=\"150\" src=\"https:\/\/lmc2.univ-lyon1.fr\/wp-content\/uploads\/2014\/10\/image0141-150x150.png\" class=\"attachment-thumbnail size-thumbnail\" alt=\"\" srcset=\"https:\/\/lmc2.univ-lyon1.fr\/wp-content\/uploads\/2014\/10\/image0141-150x150.png 150w, https:\/\/lmc2.univ-lyon1.fr\/wp-content\/uploads\/2014\/10\/image0141-400x400.png 400w\" sizes=\"auto, (max-width: 150px) 100vw, 150px\" \/><\/a>\n\t\t\t<\/div><\/figure>\n\t\t<\/div>\n\n","protected":false},"excerpt":{"rendered":"<p>Objectifs\u00a0: Le projet Sagane des p\u00f4les Mov\u2019eo, Plastipolis et Elastopole a pour objet de concevoir [&hellip;]<\/p>\n","protected":false},"author":1,"featured_media":0,"parent":0,"menu_order":0,"comment_status":"closed","ping_status":"open","template":"","meta":{"footnotes":""},"class_list":["post-1200","page","type-page","status-publish","hentry"],"_links":{"self":[{"href":"https:\/\/lmc2.univ-lyon1.fr\/index.php?rest_route=\/wp\/v2\/pages\/1200","targetHints":{"allow":["GET"]}}],"collection":[{"href":"https:\/\/lmc2.univ-lyon1.fr\/index.php?rest_route=\/wp\/v2\/pages"}],"about":[{"href":"https:\/\/lmc2.univ-lyon1.fr\/index.php?rest_route=\/wp\/v2\/types\/page"}],"author":[{"embeddable":true,"href":"https:\/\/lmc2.univ-lyon1.fr\/index.php?rest_route=\/wp\/v2\/users\/1"}],"replies":[{"embeddable":true,"href":"https:\/\/lmc2.univ-lyon1.fr\/index.php?rest_route=%2Fwp%2Fv2%2Fcomments&post=1200"}],"version-history":[{"count":5,"href":"https:\/\/lmc2.univ-lyon1.fr\/index.php?rest_route=\/wp\/v2\/pages\/1200\/revisions"}],"predecessor-version":[{"id":1288,"href":"https:\/\/lmc2.univ-lyon1.fr\/index.php?rest_route=\/wp\/v2\/pages\/1200\/revisions\/1288"}],"wp:attachment":[{"href":"https:\/\/lmc2.univ-lyon1.fr\/index.php?rest_route=%2Fwp%2Fv2%2Fmedia&parent=1200"}],"curies":[{"name":"wp","href":"https:\/\/api.w.org\/{rel}","templated":true}]}}