{"id":1207,"date":"2014-10-14T13:33:46","date_gmt":"2014-10-14T12:33:46","guid":{"rendered":"http:\/\/lmc2.univ-lyon1.fr\/?page_id=1207"},"modified":"2014-10-15T08:40:22","modified_gmt":"2014-10-15T07:40:22","slug":"contex-t","status":"publish","type":"page","link":"https:\/\/lmc2.univ-lyon1.fr\/?page_id=1207","title":{"rendered":"CONTEX-T"},"content":{"rendered":"<h4><img loading=\"lazy\" decoding=\"async\" class=\"aligncenter wp-image-1244 size-full\" src=\"http:\/\/lmc2.univ-lyon1.fr\/wp-content\/uploads\/2014\/10\/image004.png\" alt=\"image004\" width=\"897\" height=\"101\" srcset=\"https:\/\/lmc2.univ-lyon1.fr\/wp-content\/uploads\/2014\/10\/image004.png 897w, https:\/\/lmc2.univ-lyon1.fr\/wp-content\/uploads\/2014\/10\/image004-300x33.png 300w\" sizes=\"auto, (max-width: 897px) 100vw, 897px\" \/><\/h4>\n<h4><span style=\"color: #ff9900;\"><strong>Objectifs\u00a0<\/strong><strong>:<\/strong><\/span><\/h4>\n<p style=\"text-align: justify;\">CONTEX-T poursuit l&rsquo;objectif de transformer l&rsquo;industrie textile traditionnelle motiv\u00e9e par les moyens, en un secteur motiv\u00e9 par la connaissance, durable et comp\u00e9titif, en mettant sur pied des d\u00e9veloppements innovants au niveau des textiles \u00e0 haute technologie pour b\u00e2timents. Le projet poursuit l&rsquo;objectif de transformer l&rsquo;industrie textile traditionnelle motiv\u00e9e par les moyens, en un secteur motiv\u00e9 par la connaissance, durable et comp\u00e9titif, en mettant sur pied des d\u00e9veloppements innovants au niveau des textiles \u00e0 haute technologie pour b\u00e2timents. Il s&rsquo;agit ici notamment de structures portantes l\u00e9g\u00e8res renforc\u00e9es de textile (composites) et de structures \u00e0 membrane textile (suspendues \u00e0 des c\u00e2bles textiles).<\/p>\n<h4><span style=\"color: #ff9900;\"><strong>Porteur\u00a0:<\/strong><\/span><\/h4>\n<p style=\"text-align: justify;\">CENTEXBEL : centre scientifique et technologique de l&rsquo;industrie textile belge.<\/p>\n<h4><span style=\"color: #ff9900;\"><strong>Autres partenaires<\/strong>\u00a0:<\/span><\/h4>\n<p>30 partenaires de recherche.<\/p>\n<h4><span style=\"color: #ff9900;\"><strong>Projets CONTEX-T en chiffres :<\/strong><\/span><\/h4>\n<ul>\n<li>Projet europ\u00e9en 2006<\/li>\n<li>Dur\u00e9e : 48 mois<\/li>\n<li>Budget total : xxx M\u20ac.<\/li>\n<\/ul>\n<h4><span style=\"color: #ff9900;\"><strong>Labellisation par les p\u00f4les de comp\u00e9titivit\u00e9<\/strong> :<\/span><\/h4>\n<h4><span style=\"color: #ff9900;\"><strong>Implication du LGCIE\u00a0(2006-2010) :<\/strong><\/span><\/h4>\n<h4><span style=\"color: #ff9900;\"><strong>Chercheurs concern\u00e9es<\/strong>\u00a0:<\/span><\/h4>\n<p>Hamelin Patrice (PR), Aron Gabor (MCF, HDR), Geoffrey Promis (Th\u00e9sard)<\/p>\n<h4><span style=\"color: #ff9900;\"><strong>Publications\u00a0:<\/strong><\/span><\/h4>\n<p style=\"text-align: justify;\">G. PROMIS, A. GABOR, G. MADDALUNO, P. HAMELIN. <em>Behaviour of beams made in textile reinforced mineral matrix composites, an experimental study<\/em>, Composite Structures, Volume 92, Issue 10, September 2010, Pages 2565-2572<\/p>\n<p style=\"text-align: justify;\">G. PROMIS, A. GABOR, P. HAMELIN, <em>Analytical modeling of the bending behavior of textile reinforced mineral matrix composite beams<\/em>, Composite Structures, Volume 93, Issue 2, January 2011, Pages 792-801<\/p>\n<p style=\"text-align: justify;\">G. PROMIS, A. GABOR, P. HAMELIN, <em>Effect of post-tensioning on the bending behaviour of mineral matrix composite beams<\/em>, Construction and Building Materials, Volume 34, September 2012, Pages 442-450<\/p>\n<p style=\"text-align: justify;\">G. PROMIS, T. Q. BACH, A. GABOR, P. HAMELIN, <em>Failure Behavior of E-Glass Fiber- And Fabric-Reinforced LPC Composites Under Tension And Compression Loading<\/em>, Materials And Structures, 47, Pages 631-645, Avril 2014<\/p>\n<div id='gallery-1' class='gallery galleryid-1207 gallery-columns-4 gallery-size-thumbnail'><figure class='gallery-item'>\n\t\t\t<div class='gallery-icon landscape'>\n\t\t\t\t<a href='https:\/\/lmc2.univ-lyon1.fr\/wp-content\/uploads\/2014\/10\/image012.jpg'><img loading=\"lazy\" decoding=\"async\" width=\"150\" height=\"150\" src=\"https:\/\/lmc2.univ-lyon1.fr\/wp-content\/uploads\/2014\/10\/image012-150x150.jpg\" class=\"attachment-thumbnail size-thumbnail\" alt=\"\" \/><\/a>\n\t\t\t<\/div><\/figure><figure class='gallery-item'>\n\t\t\t<div class='gallery-icon landscape'>\n\t\t\t\t<a href='https:\/\/lmc2.univ-lyon1.fr\/wp-content\/uploads\/2014\/10\/image014.jpg'><img loading=\"lazy\" decoding=\"async\" width=\"150\" height=\"150\" src=\"https:\/\/lmc2.univ-lyon1.fr\/wp-content\/uploads\/2014\/10\/image014-150x150.jpg\" class=\"attachment-thumbnail size-thumbnail\" alt=\"\" \/><\/a>\n\t\t\t<\/div><\/figure><figure class='gallery-item'>\n\t\t\t<div class='gallery-icon landscape'>\n\t\t\t\t<a href='https:\/\/lmc2.univ-lyon1.fr\/wp-content\/uploads\/2014\/10\/image015.jpg'><img loading=\"lazy\" decoding=\"async\" width=\"150\" height=\"150\" src=\"https:\/\/lmc2.univ-lyon1.fr\/wp-content\/uploads\/2014\/10\/image015-150x150.jpg\" class=\"attachment-thumbnail size-thumbnail\" alt=\"\" srcset=\"https:\/\/lmc2.univ-lyon1.fr\/wp-content\/uploads\/2014\/10\/image015-150x150.jpg 150w, https:\/\/lmc2.univ-lyon1.fr\/wp-content\/uploads\/2014\/10\/image015-400x400.jpg 400w\" sizes=\"auto, (max-width: 150px) 100vw, 150px\" \/><\/a>\n\t\t\t<\/div><\/figure><figure class='gallery-item'>\n\t\t\t<div class='gallery-icon landscape'>\n\t\t\t\t<a href='https:\/\/lmc2.univ-lyon1.fr\/wp-content\/uploads\/2014\/10\/image017.jpg'><img loading=\"lazy\" decoding=\"async\" width=\"150\" height=\"150\" src=\"https:\/\/lmc2.univ-lyon1.fr\/wp-content\/uploads\/2014\/10\/image017-150x150.jpg\" class=\"attachment-thumbnail size-thumbnail\" alt=\"\" \/><\/a>\n\t\t\t<\/div><\/figure>\n\t\t<\/div>\n\n","protected":false},"excerpt":{"rendered":"<p>Objectifs\u00a0: CONTEX-T poursuit l&rsquo;objectif de transformer l&rsquo;industrie textile traditionnelle motiv\u00e9e par les moyens, en un [&hellip;]<\/p>\n","protected":false},"author":1,"featured_media":0,"parent":0,"menu_order":0,"comment_status":"closed","ping_status":"open","template":"","meta":{"footnotes":""},"class_list":["post-1207","page","type-page","status-publish","hentry"],"_links":{"self":[{"href":"https:\/\/lmc2.univ-lyon1.fr\/index.php?rest_route=\/wp\/v2\/pages\/1207","targetHints":{"allow":["GET"]}}],"collection":[{"href":"https:\/\/lmc2.univ-lyon1.fr\/index.php?rest_route=\/wp\/v2\/pages"}],"about":[{"href":"https:\/\/lmc2.univ-lyon1.fr\/index.php?rest_route=\/wp\/v2\/types\/page"}],"author":[{"embeddable":true,"href":"https:\/\/lmc2.univ-lyon1.fr\/index.php?rest_route=\/wp\/v2\/users\/1"}],"replies":[{"embeddable":true,"href":"https:\/\/lmc2.univ-lyon1.fr\/index.php?rest_route=%2Fwp%2Fv2%2Fcomments&post=1207"}],"version-history":[{"count":11,"href":"https:\/\/lmc2.univ-lyon1.fr\/index.php?rest_route=\/wp\/v2\/pages\/1207\/revisions"}],"predecessor-version":[{"id":1257,"href":"https:\/\/lmc2.univ-lyon1.fr\/index.php?rest_route=\/wp\/v2\/pages\/1207\/revisions\/1257"}],"wp:attachment":[{"href":"https:\/\/lmc2.univ-lyon1.fr\/index.php?rest_route=%2Fwp%2Fv2%2Fmedia&parent=1207"}],"curies":[{"name":"wp","href":"https:\/\/api.w.org\/{rel}","templated":true}]}}