{"id":1289,"date":"2014-10-15T09:10:14","date_gmt":"2014-10-15T08:10:14","guid":{"rendered":"http:\/\/lmc2.univ-lyon1.fr\/?page_id=1289"},"modified":"2014-11-27T16:38:43","modified_gmt":"2014-11-27T15:38:43","slug":"tipco","status":"publish","type":"page","link":"https:\/\/lmc2.univ-lyon1.fr\/?page_id=1289","title":{"rendered":"TIPCO"},"content":{"rendered":"<p><img loading=\"lazy\" decoding=\"async\" class=\"aligncenter size-full wp-image-1290\" src=\"http:\/\/lmc2.univ-lyon1.fr\/wp-content\/uploads\/2014\/10\/image0082.png\" alt=\"image008\" width=\"1334\" height=\"92\" srcset=\"https:\/\/lmc2.univ-lyon1.fr\/wp-content\/uploads\/2014\/10\/image0082.png 1334w, https:\/\/lmc2.univ-lyon1.fr\/wp-content\/uploads\/2014\/10\/image0082-300x20.png 300w, https:\/\/lmc2.univ-lyon1.fr\/wp-content\/uploads\/2014\/10\/image0082-1024x70.png 1024w\" sizes=\"auto, (max-width: 1334px) 100vw, 1334px\" \/><\/p>\n<h4><span style=\"color: #ff9900;\"><strong>Objectifs\u00a0<\/strong><strong>:<\/strong><\/span><\/h4>\n<p style=\"text-align: justify;\">D\u00e9velopper des techniques de transformation industrielles adapt\u00e9es \u00e0 la production de composants en composites fibre-ciment min\u00e9rales pour la construction<\/p>\n<h4><span style=\"color: #ff9900;\"><strong>Porteur\u00a0:<\/strong><\/span><\/h4>\n<p>MIHB (Moulage Industriel du Haut-Bugey)<\/p>\n<h4><span style=\"color: #ff9900;\"><strong>Autres partenaires<\/strong>\u00a0:<\/span><\/h4>\n<p>OCV, TEXINOV, SPIRALTEX, MADER<\/p>\n<h4><span style=\"color: #ff9900;\"><strong>Projets TIPCO en chiffres :<\/strong><\/span><\/h4>\n<ul>\n<li>projet FUI<\/li>\n<li>Dur\u00e9e : 48 mois<\/li>\n<li>Budget total : 2.7 M\u20ac<\/li>\n<li>Budget LGCIE-site Tuset : 300 K\u20ac<\/li>\n<\/ul>\n<h4><span style=\"color: #ff9900;\"><strong>Labellisation par les p\u00f4les de comp\u00e9titivit\u00e9<\/strong> :<\/span><\/h4>\n<ul>\n<li>PLASTIPOLIS<\/li>\n<li>TECHTERA<\/li>\n<\/ul>\n<h4><span style=\"color: #ff9900;\"><strong>Implication du LGCIE\u00a0(2010-2014) :<\/strong><\/span><\/h4>\n<ul>\n<li style=\"text-align: justify;\">Formuler et caract\u00e9riser une matrice min\u00e9rale adapt\u00e9e \u00e0 la fabrication de plaques minces en composite ciment verre (CCV)<\/li>\n<li style=\"text-align: justify;\">Optimiser la matrice min\u00e9rale pour r\u00e9pondre aux crit\u00e8res d\u00e9finis dans le cahier des charges (performances m\u00e9caniques, durabilit\u00e9\u2026)<\/li>\n<li style=\"text-align: justify;\">Adapter la composition de la matrice aux process m\u00e9langeage et impr\u00e9gnation de la chaine de production en vue d\u2019une production industrielle<\/li>\n<li style=\"text-align: justify;\">Caract\u00e9risation m\u00e9canique et identification des propri\u00e9t\u00e9s m\u00e9canique des TRC et composant sous forme de plaques minces<\/li>\n<\/ul>\n<h4><span style=\"color: #ff9900;\"><strong>Chercheurs concern\u00e9es<\/strong>\u00a0:<\/span><\/h4>\n<p>Hamelin Patrice (PR), Si-LARBI Amir (PR), Ambroise Jean (MCF HDR), Marie Michel (MCF), Angel Junes (Th\u00e9sard)<\/p>\n<h4><span style=\"color: #ff9900;\"><strong>Publications\u00a0:<\/strong><\/span><\/h4>\n<p style=\"text-align: justify;\">J. Ambroise, M. Michel, P. Hamelin, <em>D\u00e9veloppement de composites \u00e0 matrice min\u00e9rale et \u00e0 renfort textile (Textile Reinforced Cement or Concrete: TRC)<\/em>. Treizi\u00e8me \u00e9dition des Journ\u00e9es scientifiques du Regroupement Francophone pour la Recherche et la Formation sur le B\u00e9ton (RF)2B Lyon, France 5-6 juillet 2012<\/p>\n<p style=\"text-align: justify;\">M. Michel, J. Ambroise, <em>D.<\/em> Colloque International Francophone NoMaD 2012 LMDC \/ AUGC Toulouse, France 19-20 Novembre 2012<\/p>\n<p style=\"text-align: justify;\">Elodie Prud&rsquo;homme, Jean-Fran\u00e7ois Georgin, Marie Michel, Jean Ambroise, <em>Investigation of ettringite binder hydration at early age for Glass Fiber Reinforced Concrete application<\/em>, 38th International conference &amp; exposition on advanced ceramics end composites, Daytona beach, Florida, 26-31 janvier 2014<\/p>\n<p style=\"text-align: justify;\">Michel Marie, Limam Ali, Llosa Adeline, Reyes Emile, <em>Contribution of ettringitic binders in the fire resistance of composite materials<\/em>, 39th International conference &amp; exposition on advanced ceramics end composites, Daytona beach, Florida, 25-30 janvier 2015<\/p>\n<p style=\"text-align: justify;\">Michel Marie, Michel Laurent, Ambroise Jean, Ferrier Emmanuel, <em>Fire behaviour of composite materials made of ettringitic binder<\/em>, 39th International conference &amp; exposition on advanced ceramics end composites, Daytona beach, Florida, 25-30 janvier 2015<\/p>\n<h4 style=\"text-align: justify;\"><span style=\"color: #ff9900;\"><strong>Conf\u00e9rences : Actes de congr\u00e8s nationaux soumis \u00e0 un comit\u00e9 de lecture<\/strong><\/span><\/h4>\n<p style=\"text-align: justify;\">M. Michel, J. Ambroise, <em>D\u00e9veloppement de composites \u00e0 matrice min\u00e9rale et \u00e0 renfort textile.<\/em> 31\u00b0 rencontres universitaires de l\u2019AUGC, Cachan, France, 29-31 mai 2013<\/p>\n<p style=\"text-align: justify;\">M. Michel, J. Ambroise, <em>Comportement de composites multi-couches \u00e0 matrice min\u00e9rale soumis \u00e0 haute temp\u00e9rature<\/em>, Mat\u00e9riaux 2014, conf\u00e9rence pluridisciplinaire sur les mat\u00e9riaux (F\u00e9d\u00e9ration fran\u00e7aise des mat\u00e9riaux) 24-28 novembre 2014, Montpellier, France<\/p>\n<p style=\"text-align: justify;\">M. Michel, J. Ambroise, <em>Vieillissement des composites \u00e0 matrice min\u00e9rale_Comparaison CEM-liant ettringitique, <\/em>Mat\u00e9riaux 2014, conf\u00e9rence pluridisciplinaire sur les mat\u00e9riaux (F\u00e9d\u00e9ration fran\u00e7aise des mat\u00e9riaux) 24-28 novembre 2014, Montpellier, France<\/p>\n<div id='gallery-1' class='gallery galleryid-1289 gallery-columns-4 gallery-size-thumbnail'><figure class='gallery-item'>\n\t\t\t<div class='gallery-icon landscape'>\n\t\t\t\t<a href='https:\/\/lmc2.univ-lyon1.fr\/wp-content\/uploads\/2014\/10\/image011.jpg'><img loading=\"lazy\" decoding=\"async\" width=\"150\" height=\"150\" src=\"https:\/\/lmc2.univ-lyon1.fr\/wp-content\/uploads\/2014\/10\/image011-150x150.jpg\" class=\"attachment-thumbnail size-thumbnail\" alt=\"\" \/><\/a>\n\t\t\t<\/div><\/figure><figure class='gallery-item'>\n\t\t\t<div class='gallery-icon landscape'>\n\t\t\t\t<a href='https:\/\/lmc2.univ-lyon1.fr\/wp-content\/uploads\/2014\/10\/image0131.jpg'><img loading=\"lazy\" decoding=\"async\" width=\"150\" height=\"150\" src=\"https:\/\/lmc2.univ-lyon1.fr\/wp-content\/uploads\/2014\/10\/image0131-150x150.jpg\" class=\"attachment-thumbnail size-thumbnail\" alt=\"\" \/><\/a>\n\t\t\t<\/div><\/figure><figure class='gallery-item'>\n\t\t\t<div class='gallery-icon landscape'>\n\t\t\t\t<a href='https:\/\/lmc2.univ-lyon1.fr\/wp-content\/uploads\/2014\/10\/image0151.jpg'><img loading=\"lazy\" decoding=\"async\" width=\"150\" height=\"150\" src=\"https:\/\/lmc2.univ-lyon1.fr\/wp-content\/uploads\/2014\/10\/image0151-150x150.jpg\" class=\"attachment-thumbnail size-thumbnail\" alt=\"\" \/><\/a>\n\t\t\t<\/div><\/figure><figure class='gallery-item'>\n\t\t\t<div class='gallery-icon landscape'>\n\t\t\t\t<a href='https:\/\/lmc2.univ-lyon1.fr\/wp-content\/uploads\/2014\/10\/image0171.jpg'><img loading=\"lazy\" decoding=\"async\" width=\"150\" height=\"150\" src=\"https:\/\/lmc2.univ-lyon1.fr\/wp-content\/uploads\/2014\/10\/image0171-150x150.jpg\" class=\"attachment-thumbnail size-thumbnail\" alt=\"\" \/><\/a>\n\t\t\t<\/div><\/figure>\n\t\t<\/div>\n\n","protected":false},"excerpt":{"rendered":"<p>Objectifs\u00a0: D\u00e9velopper des techniques de transformation industrielles adapt\u00e9es \u00e0 la production de composants en composites [&hellip;]<\/p>\n","protected":false},"author":1,"featured_media":0,"parent":0,"menu_order":0,"comment_status":"closed","ping_status":"open","template":"","meta":{"footnotes":""},"class_list":["post-1289","page","type-page","status-publish","hentry"],"_links":{"self":[{"href":"https:\/\/lmc2.univ-lyon1.fr\/index.php?rest_route=\/wp\/v2\/pages\/1289","targetHints":{"allow":["GET"]}}],"collection":[{"href":"https:\/\/lmc2.univ-lyon1.fr\/index.php?rest_route=\/wp\/v2\/pages"}],"about":[{"href":"https:\/\/lmc2.univ-lyon1.fr\/index.php?rest_route=\/wp\/v2\/types\/page"}],"author":[{"embeddable":true,"href":"https:\/\/lmc2.univ-lyon1.fr\/index.php?rest_route=\/wp\/v2\/users\/1"}],"replies":[{"embeddable":true,"href":"https:\/\/lmc2.univ-lyon1.fr\/index.php?rest_route=%2Fwp%2Fv2%2Fcomments&post=1289"}],"version-history":[{"count":5,"href":"https:\/\/lmc2.univ-lyon1.fr\/index.php?rest_route=\/wp\/v2\/pages\/1289\/revisions"}],"predecessor-version":[{"id":1353,"href":"https:\/\/lmc2.univ-lyon1.fr\/index.php?rest_route=\/wp\/v2\/pages\/1289\/revisions\/1353"}],"wp:attachment":[{"href":"https:\/\/lmc2.univ-lyon1.fr\/index.php?rest_route=%2Fwp%2Fv2%2Fmedia&parent=1289"}],"curies":[{"name":"wp","href":"https:\/\/api.w.org\/{rel}","templated":true}]}}