{"id":1299,"date":"2014-10-15T09:13:00","date_gmt":"2014-10-15T08:13:00","guid":{"rendered":"http:\/\/lmc2.univ-lyon1.fr\/?page_id=1299"},"modified":"2014-11-27T16:37:29","modified_gmt":"2014-11-27T15:37:29","slug":"tipco-2","status":"publish","type":"page","link":"https:\/\/lmc2.univ-lyon1.fr\/?page_id=1299","title":{"rendered":"TIPCO"},"content":{"rendered":"<p><img loading=\"lazy\" decoding=\"async\" class=\"aligncenter size-full wp-image-1290\" src=\"http:\/\/lmc2.univ-lyon1.fr\/wp-content\/uploads\/2014\/10\/image0082.png\" alt=\"image008\" width=\"1334\" height=\"92\" srcset=\"https:\/\/lmc2.univ-lyon1.fr\/wp-content\/uploads\/2014\/10\/image0082.png 1334w, https:\/\/lmc2.univ-lyon1.fr\/wp-content\/uploads\/2014\/10\/image0082-300x20.png 300w, https:\/\/lmc2.univ-lyon1.fr\/wp-content\/uploads\/2014\/10\/image0082-1024x70.png 1024w\" sizes=\"auto, (max-width: 1334px) 100vw, 1334px\" \/><\/p>\n<h4><span style=\"color: #ff9900;\"><strong>Reasearchers<\/strong> :<\/span><\/h4>\n<p>Hamelin Patrice (PR), Si-LARBI Amir (PR), Ambroise Jean (Ass PR), Marie Michel (MCF), Angel Junes (PhD Student)<\/p>\n<h4><span style=\"color: #ff9900;\"><strong>Publications\u00a0:<\/strong><\/span><\/h4>\n<p style=\"text-align: justify;\">J. Ambroise, M. Michel, P. Hamelin, <em>D\u00e9veloppement de composites \u00e0 matrice min\u00e9rale et \u00e0 renfort textile (Textile Reinforced Cement or Concrete: TRC)<\/em>. Treizi\u00e8me \u00e9dition des Journ\u00e9es scientifiques du Regroupement Francophone pour la Recherche et la Formation sur le B\u00e9ton (RF)2B Lyon, France 5-6 juillet 2012<\/p>\n<p style=\"text-align: justify;\">M. Michel, J. Ambroise, <em>D.<\/em> Colloque International Francophone NoMaD 2012 LMDC \/ AUGC Toulouse, France 19-20 Novembre 2012<\/p>\n<p style=\"text-align: justify;\">Elodie Prud&rsquo;homme, Jean-Fran\u00e7ois Georgin, Marie Michel, Jean Ambroise, <em>Investigation of ettringite binder hydration at early age for Glass Fiber Reinforced Concrete application<\/em>, 38th International conference &amp; exposition on advanced ceramics end composites, Daytona beach, Florida, 26-31 janvier 2014<\/p>\n<p style=\"text-align: justify;\">Michel Marie, Limam Ali, Llosa Adeline, Reyes Emile, <em>Contribution of ettringitic binders in the fire resistance of composite materials<\/em>, 39th International conference &amp; exposition on advanced ceramics end composites, Daytona beach, Florida, 25-30 janvier 2015<\/p>\n<p style=\"text-align: justify;\">Michel Marie, Michel Laurent, Ambroise Jean, Ferrier Emmanuel, <em>Fire behaviour of composite materials made of ettringitic binder<\/em>, 39th International conference &amp; exposition on advanced ceramics end composites, Daytona beach, Florida, 25-30 janvier 2015<\/p>\n<h4 style=\"text-align: justify;\"><span style=\"color: #ff9900;\"><strong>Conferences :<br \/>\n<\/strong><\/span><\/h4>\n<p style=\"text-align: justify;\">M. Michel, J. Ambroise, <em>D\u00e9veloppement de composites \u00e0 matrice min\u00e9rale et \u00e0 renfort textile.<\/em> 31\u00b0 rencontres universitaires de l\u2019AUGC, Cachan, France, 29-31 mai 2013<\/p>\n<p style=\"text-align: justify;\">M. Michel, J. Ambroise, <em>Comportement de composites multi-couches \u00e0 matrice min\u00e9rale soumis \u00e0 haute temp\u00e9rature<\/em>, Mat\u00e9riaux 2014, conf\u00e9rence pluridisciplinaire sur les mat\u00e9riaux (F\u00e9d\u00e9ration fran\u00e7aise des mat\u00e9riaux) 24-28 novembre 2014, Montpellier, France<\/p>\n<p style=\"text-align: justify;\">M. Michel, J. Ambroise, <em>Vieillissement des composites \u00e0 matrice min\u00e9rale_Comparaison CEM-liant ettringitique, <\/em>Mat\u00e9riaux 2014, conf\u00e9rence pluridisciplinaire sur les mat\u00e9riaux (F\u00e9d\u00e9ration fran\u00e7aise des mat\u00e9riaux) 24-28 novembre 2014, Montpellier, France<\/p>\n<p>&nbsp;<\/p>\n","protected":false},"excerpt":{"rendered":"<p>Reasearchers : Hamelin Patrice (PR), Si-LARBI Amir (PR), Ambroise Jean (Ass PR), Marie Michel (MCF), [&hellip;]<\/p>\n","protected":false},"author":1,"featured_media":0,"parent":0,"menu_order":0,"comment_status":"closed","ping_status":"open","template":"","meta":{"footnotes":""},"class_list":["post-1299","page","type-page","status-publish","hentry"],"_links":{"self":[{"href":"https:\/\/lmc2.univ-lyon1.fr\/index.php?rest_route=\/wp\/v2\/pages\/1299","targetHints":{"allow":["GET"]}}],"collection":[{"href":"https:\/\/lmc2.univ-lyon1.fr\/index.php?rest_route=\/wp\/v2\/pages"}],"about":[{"href":"https:\/\/lmc2.univ-lyon1.fr\/index.php?rest_route=\/wp\/v2\/types\/page"}],"author":[{"embeddable":true,"href":"https:\/\/lmc2.univ-lyon1.fr\/index.php?rest_route=\/wp\/v2\/users\/1"}],"replies":[{"embeddable":true,"href":"https:\/\/lmc2.univ-lyon1.fr\/index.php?rest_route=%2Fwp%2Fv2%2Fcomments&post=1299"}],"version-history":[{"count":2,"href":"https:\/\/lmc2.univ-lyon1.fr\/index.php?rest_route=\/wp\/v2\/pages\/1299\/revisions"}],"predecessor-version":[{"id":1311,"href":"https:\/\/lmc2.univ-lyon1.fr\/index.php?rest_route=\/wp\/v2\/pages\/1299\/revisions\/1311"}],"wp:attachment":[{"href":"https:\/\/lmc2.univ-lyon1.fr\/index.php?rest_route=%2Fwp%2Fv2%2Fmedia&parent=1299"}],"curies":[{"name":"wp","href":"https:\/\/api.w.org\/{rel}","templated":true}]}}