{"id":1525,"date":"2015-09-04T08:35:10","date_gmt":"2015-09-04T07:35:10","guid":{"rendered":"http:\/\/lmc2.univ-lyon1.fr\/?page_id=1525"},"modified":"2015-09-04T09:01:36","modified_gmt":"2015-09-04T08:01:36","slug":"alachek-ibrahim","status":"publish","type":"page","link":"https:\/\/lmc2.univ-lyon1.fr\/?page_id=1525","title":{"rendered":"ALACHEK Ibrahim"},"content":{"rendered":"<p><img loading=\"lazy\" decoding=\"async\" class=\"aligncenter size-full wp-image-1541\" src=\"http:\/\/lmc2.univ-lyon1.fr\/wp-content\/uploads\/2015\/09\/Ibrahim1.jpg\" alt=\"Ibrahim\" width=\"179\" height=\"292\" \/><\/p>\n<p><strong>Sujet de Doctorat<br \/>\n<\/strong><\/p>\n<h4 style=\"text-align: justify;\"><em>Comportement au cours du temps des \u00e9l\u00e9ments de structure multi-mat\u00e9riaux coll\u00e9s<\/em><\/h4>\n<p><strong>R\u00e9sum\u00e9<\/strong><\/p>\n<p>Le sujet principal de la th\u00e8se portera sur l\u2019analyse du comportement m\u00e9canique au cours du temps de structures multi-mat\u00e9riaux alliant notamment le b\u00e9ton aux composites ou \u00e0 l\u2019acier. L\u2019analyse et la r\u00e9solution du probl\u00e8me pos\u00e9 se feront \u00e0 deux \u00e9chelles : au niveau des interfaces et \u00e0 l\u2019\u00e9chelle d\u2019un \u00e9l\u00e9ment de structure. La connexion entre les diff\u00e9rentes parties se fera par collage et \/ ou but\u00e9es m\u00e9caniques.<\/p>\n<p style=\"text-align: justify;\">L\u2019effet du vieillissement sera d\u2019abord \u00e9tudi\u00e9 \u00e0 l\u2019\u00e9chelle de l\u2019interface (essais push-out, double-cisaillement&#8230;) par des m\u00e9thodes de vieillissement naturel et de vieillissement acc\u00e9l\u00e9r\u00e9, selon des protocoles exp\u00e9rimentaux en cours de calage au Laboratoire. Les m\u00e9canismes d\u2019endommagement seront identifi\u00e9s et, en association avec la simulation num\u00e9rique, les r\u00e9sultats permettront alors de conna\u00eetre les \u00e9tats de contraintes \u00e0 ne pas d\u00e9passer pour garantir la durabilit\u00e9 de ces structures.<\/p>\n<p style=\"text-align: justify;\">Parall\u00e8lement, \u00e0 l\u2019\u00e9chelle de l\u2019\u00e9l\u00e9ment de structure, il conviendra de compl\u00e9ter la connaissance du comportement instantan\u00e9 d\u2019\u00e9l\u00e9ments fl\u00e9chis en tenant compte de l\u2019influence des effets bi-axiaux, dus par exemple aux chargements hors plan. En effet, la connaissance pr\u00e9cise de l\u2019\u00e9tat de contrainte sous charge de courte dur\u00e9e est indispensable pour d\u00e9terminer la r\u00e9ponse \u00e0 long terme. Puis, la r\u00e9ponse sous charge mod\u00e9r\u00e9e de longue dur\u00e9e sera \u00e9tablie dans le cadre de la visco\u00e9lasticit\u00e9 lin\u00e9aire en utilisant des m\u00e9thodes de calcul de pr\u00e9cision croissante : module effectif, m\u00e9thode int\u00e9grale, m\u00e9thode incr\u00e9mentale. Le vieillissement et les d\u00e9formations de retrait \u00e9ventuelles seront progressivement int\u00e9gr\u00e9s dans la d\u00e9marche.<\/p>\n<p style=\"text-align: justify;\">L\u2019ensemble des r\u00e9sultats obtenus seront valid\u00e9s exp\u00e9rimentalement \u00e0 l\u2019\u00e9chelle d\u2019\u00e9l\u00e9ments de structure sous chargement instantan\u00e9 et sous les effets coupl\u00e9s de charge de longue dur\u00e9e et de vieillissement, \u00e0 partir des r\u00e9sultats d\u2019essais issus de la litt\u00e9rature ou obtenus au Laboratoire.<\/p>\n<p style=\"text-align: justify;\"><strong>Encadrants<\/strong><\/p>\n<ul>\n<li>Bruno JURKIEWIEZ<\/li>\n<li>Nad\u00e8ge REBOUL<\/li>\n<\/ul>\n<p><strong>D\u00e9but et fin de th\u00e8se<br \/>\n<\/strong><\/p>\n<p>01\/10\/2015 \u2013 01\/09\/2018<\/p>\n<p><strong>Activit\u00e9s p\u00e9dagogiques<br \/>\n<\/strong><\/p>\n<p>&#8230;<\/p>\n<p>&nbsp;<\/p>\n","protected":false},"excerpt":{"rendered":"<p>Sujet de Doctorat Comportement au cours du temps des \u00e9l\u00e9ments de structure multi-mat\u00e9riaux coll\u00e9s R\u00e9sum\u00e9 [&hellip;]<\/p>\n","protected":false},"author":1,"featured_media":0,"parent":0,"menu_order":0,"comment_status":"closed","ping_status":"open","template":"","meta":{"footnotes":""},"class_list":["post-1525","page","type-page","status-publish","hentry"],"_links":{"self":[{"href":"https:\/\/lmc2.univ-lyon1.fr\/index.php?rest_route=\/wp\/v2\/pages\/1525","targetHints":{"allow":["GET"]}}],"collection":[{"href":"https:\/\/lmc2.univ-lyon1.fr\/index.php?rest_route=\/wp\/v2\/pages"}],"about":[{"href":"https:\/\/lmc2.univ-lyon1.fr\/index.php?rest_route=\/wp\/v2\/types\/page"}],"author":[{"embeddable":true,"href":"https:\/\/lmc2.univ-lyon1.fr\/index.php?rest_route=\/wp\/v2\/users\/1"}],"replies":[{"embeddable":true,"href":"https:\/\/lmc2.univ-lyon1.fr\/index.php?rest_route=%2Fwp%2Fv2%2Fcomments&post=1525"}],"version-history":[{"count":5,"href":"https:\/\/lmc2.univ-lyon1.fr\/index.php?rest_route=\/wp\/v2\/pages\/1525\/revisions"}],"predecessor-version":[{"id":1539,"href":"https:\/\/lmc2.univ-lyon1.fr\/index.php?rest_route=\/wp\/v2\/pages\/1525\/revisions\/1539"}],"wp:attachment":[{"href":"https:\/\/lmc2.univ-lyon1.fr\/index.php?rest_route=%2Fwp%2Fv2%2Fmedia&parent=1525"}],"curies":[{"name":"wp","href":"https:\/\/api.w.org\/{rel}","templated":true}]}}