{"id":1619,"date":"2015-10-01T10:05:32","date_gmt":"2015-10-01T09:05:32","guid":{"rendered":"http:\/\/lmc2.univ-lyon1.fr\/?page_id=1619"},"modified":"2017-07-06T14:40:30","modified_gmt":"2017-07-06T13:40:30","slug":"baranger-thouraya-fr","status":"publish","type":"page","link":"https:\/\/lmc2.univ-lyon1.fr\/?page_id=1619","title":{"rendered":"BARANGER THOURAYA"},"content":{"rendered":"<p><img loading=\"lazy\" decoding=\"async\" class=\"aligncenter wp-image-1620 size-medium\" src=\"http:\/\/lmc2.univ-lyon1.fr\/wp-content\/uploads\/2015\/10\/Thouraya-249x300.jpg\" alt=\"\" width=\"249\" height=\"300\" srcset=\"https:\/\/lmc2.univ-lyon1.fr\/wp-content\/uploads\/2015\/10\/Thouraya-249x300.jpg 249w, https:\/\/lmc2.univ-lyon1.fr\/wp-content\/uploads\/2015\/10\/Thouraya.jpg 834w\" sizes=\"auto, (max-width: 249px) 100vw, 249px\" \/><\/p>\n<p><strong><em>Mes activit\u00e9s de recherche<\/em><\/strong><\/p>\n<p style=\"text-align: justify;\">Mes activit\u00e9s de recherche s\u2019inscrivent dans le cadre de la r\u00e9solution d\u2019\u00e9quations aux d\u00e9riv\u00e9es partielles de la m\u00e9canique des solides issues d\u2019applications industrielles. L\u2019objectif est de produire des r\u00e9sultats th\u00e9oriques et num\u00e9riques ainsi que la r\u00e9alisation de logiciels. Mon expertise s\u2019inscrit dans le cadre de la simulation num\u00e9rique du comportement non lin\u00e9aire des solides et des structures composites, l\u2019optimisation et analyse de sensibilit\u00e9 ainsi que les probl\u00e8mes inverses. Deux principaux axes peuvent \u00eatre d\u00e9clin\u00e9s:<\/p>\n<ul>\n<li style=\"text-align: justify;\">Le d\u00e9veloppement de m\u00e9thodes et mod\u00e8les num\u00e9riques pour les probl\u00e8mes directes en m\u00e9canique non lin\u00e9aire des structures : \u00e9l\u00e9ments finis, homog\u00e9n\u00e9isation, optimisation, structures textiles tendues, comportement Hyper-visco\u00e9lastique et endommagement de Mullins dans les Elastom\u00e8res, mod\u00e9lisation multi-\u00e9chelle spatio-temporelle, Arlequin etc.<\/li>\n<li style=\"text-align: justify;\">Le d\u00e9veloppement de m\u00e9thodes\/m\u00e9thodologies de r\u00e9solution de probl\u00e8mes inverses pour l\u2019identification de param\u00e8tres et\/ou de conditions aux limites (probl\u00e8me de Cauchy): m\u00e9thode de champs virtuels, erreur en relation de comportement, r\u00e9gularisation, gradient topologique etc. Les applications sont vari\u00e9es: identification de param\u00e8tres mat\u00e9riaux, de fissures, de zones de \u00a0contacte et d\u2019endommagement, inclusions, sources\/puits dans des milieux poreux.<\/li>\n<\/ul>\n<p><a href=\"http:\/\/lmc2.univ-lyon1.fr\/wp-content\/uploads\/2017\/07\/Liste_Baranger.htm\" target=\"_blank\" rel=\"noopener noreferrer\">Liste<\/a> des publications<\/p>\n<p><strong><em>Mes activit\u00e9s d\u2019enseignement<\/em><\/strong><\/p>\n<p style=\"text-align: justify;\">Mes enseignements en m\u00e9canique appliqu\u00e9es, s\u2019adressent aux \u00e9l\u00e8ves du D\u00e9partement de M\u00e9canique de Polytech Lyon et du Master M\u00e9canique et Energ\u00e9tique du D\u00e9partement de M\u00e9canique de la FST. Actuellement, j\u2019assure la responsabilit\u00e9 des modules suivants:<\/p>\n<ul>\n<li>M\u00e9canique non lin\u00e9aire des structures<\/li>\n<li>Structures Composites<\/li>\n<li>Optimisation des Structures et Probl\u00e8mes inverses<\/li>\n<\/ul>\n<p><em><strong>Responsabilit\u00e9s collectives<\/strong><\/em><\/p>\n<ul>\n<li>Directeur du D\u00e9partement M\u00e9canique de Polytech Lyon<\/li>\n<li>Membre du Conseil de Gouvernance de Polytech Lyon<\/li>\n<li>Correspondant du Master MEGA G\u00e9nie M\u00e9canique \u00e0 l\u2019Universit\u00e9 Lyon 1<\/li>\n<\/ul>\n<p><em><strong>Mail :<\/strong><\/em> <a href=\"mailto:thouraya.baranger@univ-lyon1.fr\" target=\"_blank\" rel=\"noopener noreferrer\">thouraya.baranger@univ-lyon1.fr<\/a><\/p>\n<p><a href=\"http:\/\/www.researchgate.net\/profile\/Thouraya_Nouri_Baranger\/\">http:\/\/www.researchgate.net\/profile\/Thouraya_Nouri_Baranger\/<\/a><\/p>\n","protected":false},"excerpt":{"rendered":"<p>Mes activit\u00e9s de recherche Mes activit\u00e9s de recherche s\u2019inscrivent dans le cadre de la r\u00e9solution [&hellip;]<\/p>\n","protected":false},"author":1,"featured_media":0,"parent":0,"menu_order":0,"comment_status":"closed","ping_status":"open","template":"","meta":{"footnotes":""},"class_list":["post-1619","page","type-page","status-publish","hentry"],"_links":{"self":[{"href":"https:\/\/lmc2.univ-lyon1.fr\/index.php?rest_route=\/wp\/v2\/pages\/1619","targetHints":{"allow":["GET"]}}],"collection":[{"href":"https:\/\/lmc2.univ-lyon1.fr\/index.php?rest_route=\/wp\/v2\/pages"}],"about":[{"href":"https:\/\/lmc2.univ-lyon1.fr\/index.php?rest_route=\/wp\/v2\/types\/page"}],"author":[{"embeddable":true,"href":"https:\/\/lmc2.univ-lyon1.fr\/index.php?rest_route=\/wp\/v2\/users\/1"}],"replies":[{"embeddable":true,"href":"https:\/\/lmc2.univ-lyon1.fr\/index.php?rest_route=%2Fwp%2Fv2%2Fcomments&post=1619"}],"version-history":[{"count":5,"href":"https:\/\/lmc2.univ-lyon1.fr\/index.php?rest_route=\/wp\/v2\/pages\/1619\/revisions"}],"predecessor-version":[{"id":2083,"href":"https:\/\/lmc2.univ-lyon1.fr\/index.php?rest_route=\/wp\/v2\/pages\/1619\/revisions\/2083"}],"wp:attachment":[{"href":"https:\/\/lmc2.univ-lyon1.fr\/index.php?rest_route=%2Fwp%2Fv2%2Fmedia&parent=1619"}],"curies":[{"name":"wp","href":"https:\/\/api.w.org\/{rel}","templated":true}]}}