{"id":1765,"date":"2016-03-02T16:29:11","date_gmt":"2016-03-02T15:29:11","guid":{"rendered":"http:\/\/lmc2.univ-lyon1.fr\/?page_id=1765"},"modified":"2016-03-02T17:01:18","modified_gmt":"2016-03-02T16:01:18","slug":"1765-2","status":"publish","type":"page","link":"https:\/\/lmc2.univ-lyon1.fr\/?page_id=1765","title":{"rendered":"HYBRIDAL"},"content":{"rendered":"<h4><img loading=\"lazy\" decoding=\"async\" class=\"aligncenter wp-image-1760 size-full\" src=\"http:\/\/lmc2.univ-lyon1.fr\/wp-content\/uploads\/2016\/03\/Hybridal.jpg\" alt=\"\" width=\"931\" height=\"206\" srcset=\"https:\/\/lmc2.univ-lyon1.fr\/wp-content\/uploads\/2016\/03\/Hybridal.jpg 931w, https:\/\/lmc2.univ-lyon1.fr\/wp-content\/uploads\/2016\/03\/Hybridal-300x66.jpg 300w, https:\/\/lmc2.univ-lyon1.fr\/wp-content\/uploads\/2016\/03\/Hybridal-768x170.jpg 768w\" sizes=\"auto, (max-width: 931px) 100vw, 931px\" \/><\/h4>\n<p><strong><em>D\u00e9veloppement de solutions constructives hybrides Bois B\u00e9ton BFUP Colles structurales pour des applications planchers et fa\u00e7ades<\/em><\/strong><\/p>\n<h4><span style=\"color: #ff9900;\"><strong>Objectifs\u00a0<\/strong><strong>:<\/strong><\/span><\/h4>\n<p style=\"text-align: justify;\">L\u2019objet du projet est le d\u00e9veloppement d\u2019un nouveau concept d&rsquo;\u00e9co-structure en bois lamell\u00e9 coll\u00e9 s&rsquo;appuyant sur les proc\u00e9d\u00e9s de formulation de colles structurales et de mat\u00e9riaux c\u00e9ramiques hautes performances.<\/p>\n<p style=\"text-align: justify;\">Notre ambition est de permettre le rapprochement de deux secteurs \u00e9conomiques du domaine de la construction : celui du bois et celui des cimentiers.<\/p>\n<p style=\"text-align: justify;\">Ce concept sera appliqu\u00e9 dans un premier temps dans le d\u00e9veloppement de planchers puis dans un deuxi\u00e8me temps le d\u00e9veloppement de fa\u00e7ades.<\/p>\n<p style=\"text-align: justify;\">L\u2019ajout de la solution fa\u00e7ade va permettre aux industriels de commercialiser une solution globale regroupant un plancher et une facade.<\/p>\n<p style=\"text-align: justify;\">Les syst\u00e8mes constructifs qui seront d\u00e9velopp\u00e9s (fa\u00e7ades et planchers) seront compos\u00e9s d\u2019une faible quantit\u00e9 de b\u00e9ton fibr\u00e9 \u00e0 ultra-haute performance (BFUP), de b\u00e9ton classique et d\u2019une proportion importante de bois (bois lamell\u00e9-coll\u00e9). L\u2019assemblage par collage permettra de tirer le meilleur parti des potentialit\u00e9s offertes par ces mat\u00e9riaux tout en apportant des avantages sp\u00e9cifiques.<\/p>\n<h4><span style=\"color: #ff9900;\"><strong>Porteur\u00a0:<\/strong><\/span><\/h4>\n<p style=\"text-align: justify;\">JOUSSELIN<\/p>\n<h4><span style=\"color: #ff9900;\"><strong>Autres partenaires<\/strong>\u00a0:<\/span><\/h4>\n<ul style=\"list-style-type: disc;\">\n<li>CRUARD<\/li>\n<li>BOSTIK<\/li>\n<li>LMC2<\/li>\n<\/ul>\n<h4><span style=\"color: #ff9900;\"><strong>Projets HYBRIDAL en chiffres :<\/strong><\/span><\/h4>\n<ul>\n<li>Dur\u00e9e : 42 mois<\/li>\n<li>Financement LMC2 : 391 k\u20ac<\/li>\n<\/ul>\n<h4><span style=\"color: #ff9900;\"><strong>Implication du LMC2 :<\/strong><\/span><\/h4>\n<p style=\"text-align: justify;\">Le laboratoire visera \u00e0 optimiser les combinaisons des mat\u00e9riaux. Cette combinaison de mat\u00e9riaux est guid\u00e9e par un choix de performances, de facilit\u00e9 de mise en \u0153uvre, de co\u00fbt et de disponibilit\u00e9 des mat\u00e9riaux. Sur le plan m\u00e9canique, leur succ\u00e8s repose sur leur compatibilit\u00e9 et leur compl\u00e9mentarit\u00e9, chaque mat\u00e9riau \u00e9tant utilis\u00e9 pour ses principales qualit\u00e9s (r\u00e9sistance en compression ou en traction, ductilit\u00e9). Cette recherche s\u2019appuiera sur une approche d\u00e9terministe d\u2019exp\u00e9rimentation sur prototype coupl\u00e9e \u00e0 des mod\u00e9lisations par des approches globales ou locales.<\/p>\n<h4><span style=\"color: #ff9900;\"><strong>Chercheurs concern\u00e9s<\/strong>\u00a0:<\/span><\/h4>\n<p>Emmanuel Ferrier (PR), Laurent Michel (MCF)<\/p>\n<p><img loading=\"lazy\" decoding=\"async\" class=\"aligncenter size-full wp-image-1762\" src=\"http:\/\/lmc2.univ-lyon1.fr\/wp-content\/uploads\/2016\/03\/Hybridal2.jpg.png\" alt=\"Hybridal2.jpg\" width=\"955\" height=\"123\" srcset=\"https:\/\/lmc2.univ-lyon1.fr\/wp-content\/uploads\/2016\/03\/Hybridal2.jpg.png 955w, https:\/\/lmc2.univ-lyon1.fr\/wp-content\/uploads\/2016\/03\/Hybridal2.jpg-300x39.png 300w, https:\/\/lmc2.univ-lyon1.fr\/wp-content\/uploads\/2016\/03\/Hybridal2.jpg-768x99.png 768w\" sizes=\"auto, (max-width: 955px) 100vw, 955px\" \/><\/p>\n","protected":false},"excerpt":{"rendered":"<p>D\u00e9veloppement de solutions constructives hybrides Bois B\u00e9ton BFUP Colles structurales pour des applications planchers et [&hellip;]<\/p>\n","protected":false},"author":1,"featured_media":0,"parent":0,"menu_order":0,"comment_status":"closed","ping_status":"closed","template":"","meta":{"footnotes":""},"class_list":["post-1765","page","type-page","status-publish","hentry"],"_links":{"self":[{"href":"https:\/\/lmc2.univ-lyon1.fr\/index.php?rest_route=\/wp\/v2\/pages\/1765","targetHints":{"allow":["GET"]}}],"collection":[{"href":"https:\/\/lmc2.univ-lyon1.fr\/index.php?rest_route=\/wp\/v2\/pages"}],"about":[{"href":"https:\/\/lmc2.univ-lyon1.fr\/index.php?rest_route=\/wp\/v2\/types\/page"}],"author":[{"embeddable":true,"href":"https:\/\/lmc2.univ-lyon1.fr\/index.php?rest_route=\/wp\/v2\/users\/1"}],"replies":[{"embeddable":true,"href":"https:\/\/lmc2.univ-lyon1.fr\/index.php?rest_route=%2Fwp%2Fv2%2Fcomments&post=1765"}],"version-history":[{"count":3,"href":"https:\/\/lmc2.univ-lyon1.fr\/index.php?rest_route=\/wp\/v2\/pages\/1765\/revisions"}],"predecessor-version":[{"id":1820,"href":"https:\/\/lmc2.univ-lyon1.fr\/index.php?rest_route=\/wp\/v2\/pages\/1765\/revisions\/1820"}],"wp:attachment":[{"href":"https:\/\/lmc2.univ-lyon1.fr\/index.php?rest_route=%2Fwp%2Fv2%2Fmedia&parent=1765"}],"curies":[{"name":"wp","href":"https:\/\/api.w.org\/{rel}","templated":true}]}}