{"id":1767,"date":"2016-03-02T16:37:43","date_gmt":"2016-03-02T15:37:43","guid":{"rendered":"http:\/\/lmc2.univ-lyon1.fr\/?page_id=1767"},"modified":"2025-05-06T14:38:56","modified_gmt":"2025-05-06T13:38:56","slug":"micro","status":"publish","type":"page","link":"https:\/\/lmc2.univ-lyon1.fr\/?page_id=1767","title":{"rendered":"MICRO (2015-2020)"},"content":{"rendered":"\n<table style=\"border-collapse: collapse; width: 102.365%; height: 113px;\">\n<tbody>\n<tr style=\"height: 113px;\">\n<td style=\"width: 11.1111%; height: 113px; text-align: center;\"><a href=\"http:\/\/lmc2.univ-lyon1.fr\/wp-content\/uploads\/2025\/05\/LMC2.jpg\"><img loading=\"lazy\" decoding=\"async\" class=\"alignnone size-medium wp-image-3203\" src=\"http:\/\/lmc2.univ-lyon1.fr\/wp-content\/uploads\/2025\/05\/LMC2-300x102.jpg\" alt=\"\" width=\"300\" height=\"102\" srcset=\"https:\/\/lmc2.univ-lyon1.fr\/wp-content\/uploads\/2025\/05\/LMC2-300x102.jpg 300w, https:\/\/lmc2.univ-lyon1.fr\/wp-content\/uploads\/2025\/05\/LMC2.jpg 384w\" sizes=\"auto, (max-width: 300px) 100vw, 300px\" \/><\/a><\/td>\n<td style=\"width: 11.1111%; height: 113px; text-align: center;\"><a href=\"http:\/\/lmc2.univ-lyon1.fr\/wp-content\/uploads\/2025\/05\/Sika.png\"><img loading=\"lazy\" decoding=\"async\" class=\"alignnone size-full wp-image-3209\" src=\"http:\/\/lmc2.univ-lyon1.fr\/wp-content\/uploads\/2025\/05\/Sika.png\" alt=\"\" width=\"107\" height=\"92\"><\/a><\/td>\n<td style=\"width: 11.1111%; height: 113px; text-align: center;\"><a href=\"http:\/\/lmc2.univ-lyon1.fr\/wp-content\/uploads\/2025\/05\/laris.png\"><img loading=\"lazy\" decoding=\"async\" class=\"alignnone size-full wp-image-3208\" src=\"http:\/\/lmc2.univ-lyon1.fr\/wp-content\/uploads\/2025\/05\/laris.png\" alt=\"\" width=\"100\" height=\"60\"><\/a><\/td>\n<td style=\"width: 11.1111%; height: 113px; text-align: center;\"><a href=\"http:\/\/lmc2.univ-lyon1.fr\/wp-content\/uploads\/2025\/05\/LTDS.png\"><img loading=\"lazy\" decoding=\"async\" class=\"alignnone size-full wp-image-3206\" src=\"http:\/\/lmc2.univ-lyon1.fr\/wp-content\/uploads\/2025\/05\/LTDS.png\" alt=\"\" width=\"68\" height=\"28\"><\/a><\/td>\n<td style=\"width: 11.1111%; height: 113px; text-align: center;\"><a href=\"http:\/\/lmc2.univ-lyon1.fr\/wp-content\/uploads\/2025\/05\/Imt.jpg\"><img loading=\"lazy\" decoding=\"async\" class=\"alignnone size-full wp-image-3204\" src=\"http:\/\/lmc2.univ-lyon1.fr\/wp-content\/uploads\/2025\/05\/Imt.jpg\" alt=\"\" width=\"128\" height=\"87\"><\/a><\/td>\n<td style=\"width: 11.1111%; height: 113px; text-align: center;\"><a href=\"http:\/\/lmc2.univ-lyon1.fr\/wp-content\/uploads\/2025\/05\/ifstar.png\"><img loading=\"lazy\" decoding=\"async\" class=\"alignnone size-full wp-image-3202\" src=\"http:\/\/lmc2.univ-lyon1.fr\/wp-content\/uploads\/2025\/05\/ifstar.png\" alt=\"\" width=\"149\" height=\"44\"><\/a><\/td>\n<td style=\"width: 11.1111%; height: 113px; text-align: center;\"><a href=\"http:\/\/lmc2.univ-lyon1.fr\/wp-content\/uploads\/2025\/05\/Freyssinet.png\"><img loading=\"lazy\" decoding=\"async\" class=\"alignnone size-full wp-image-3201\" src=\"http:\/\/lmc2.univ-lyon1.fr\/wp-content\/uploads\/2025\/05\/Freyssinet.png\" alt=\"\" width=\"101\" height=\"68\"><\/a><\/td>\n<td style=\"width: 11.1111%; height: 113px; text-align: center;\"><a href=\"http:\/\/lmc2.univ-lyon1.fr\/wp-content\/uploads\/2025\/05\/Imp.png\"><img loading=\"lazy\" decoding=\"async\" class=\"alignnone size-full wp-image-3200\" src=\"http:\/\/lmc2.univ-lyon1.fr\/wp-content\/uploads\/2025\/05\/Imp.png\" alt=\"\" width=\"66\" height=\"46\"><\/a><\/td>\n<td style=\"width: 11.1111%; height: 113px; text-align: center;\"><a href=\"http:\/\/lmc2.univ-lyon1.fr\/wp-content\/uploads\/2025\/05\/l2moc.png\"><img loading=\"lazy\" decoding=\"async\" class=\"alignnone size-medium wp-image-3205\" src=\"http:\/\/lmc2.univ-lyon1.fr\/wp-content\/uploads\/2025\/05\/l2moc-300x118.png\" alt=\"\" width=\"300\" height=\"118\" srcset=\"https:\/\/lmc2.univ-lyon1.fr\/wp-content\/uploads\/2025\/05\/l2moc-300x118.png 300w, https:\/\/lmc2.univ-lyon1.fr\/wp-content\/uploads\/2025\/05\/l2moc.png 320w\" sizes=\"auto, (max-width: 300px) 100vw, 300px\" \/><\/a><\/td>\n<\/tr>\n<\/tbody>\n<\/table>\n\n\n<h3><strong>M<\/strong>at\u00e9riaux <strong>I<\/strong>nnovants <strong>C<\/strong>omposites pour la <strong>R<\/strong>\u00e9paration d\u2019<strong>O<\/strong>uvrages &#8211; Approche fiabiliste du dimensionnement pour leur requalification et la pr\u00e9diction de leur durabilit\u00e9.<\/h3>\n<h4><span style=\"color: #ff9900;\"><strong>Objectifs\u00a0<\/strong><strong>:<\/strong><\/span><\/h4>\n<p style=\"text-align: justify;\">Face \u00e0 la n\u00e9cessit\u00e9 d\u2019entretien et de mise aux normes du patrimoine b\u00e2ti fran\u00e7ais, la r\u00e9paration et\/ou le renforcement des structures d\u00e9ficientes par collage de mat\u00e9riaux composites (tissus stratifi\u00e9s sur site ou lamelles rigides coll\u00e9es) s\u2019impose comme une m\u00e9thode de choix pour prolonger la vie des ouvrages. Toutefois la valorisation des mat\u00e9riaux composites dans la construction implique la poursuite de recherches sur les points suivants :<\/p>\n<ul>\n<li data-leveltext=\"\uf0b7\" data-font=\"Symbol\" data-listid=\"6\" data-list-defn-props=\"{&quot;335552541&quot;:1,&quot;335559685&quot;:720,&quot;335559991&quot;:360,&quot;469769226&quot;:&quot;Symbol&quot;,&quot;469769242&quot;:[8226],&quot;469777803&quot;:&quot;left&quot;,&quot;469777804&quot;:&quot;\uf0b7&quot;,&quot;469777815&quot;:&quot;hybridMultilevel&quot;}\" aria-setsize=\"-1\" data-aria-posinset=\"1\" data-aria-level=\"1\"><span data-contrast=\"auto\">D\u00e9velopper de <\/span><b><span data-contrast=\"auto\">mat\u00e9riaux composites biosourc\u00e9s<\/span><\/b><span data-ccp-props=\"{&quot;201341983&quot;:0,&quot;335559685&quot;:714,&quot;335559739&quot;:0,&quot;335559740&quot;:240,&quot;335559991&quot;:357}\">\u00a0<\/span><\/li>\n<li data-leveltext=\"\uf0b7\" data-font=\"Symbol\" data-listid=\"6\" data-list-defn-props=\"{&quot;335552541&quot;:1,&quot;335559685&quot;:720,&quot;335559991&quot;:360,&quot;469769226&quot;:&quot;Symbol&quot;,&quot;469769242&quot;:[8226],&quot;469777803&quot;:&quot;left&quot;,&quot;469777804&quot;:&quot;\uf0b7&quot;,&quot;469777815&quot;:&quot;hybridMultilevel&quot;}\" aria-setsize=\"-1\" data-aria-posinset=\"1\" data-aria-level=\"1\"><span data-contrast=\"auto\">D\u00e9bloquer le verrou limitant l\u2019utilisation de mat\u00e9riaux composites en <\/span><b><span data-contrast=\"auto\">r\u00e9paration d\u2019ouvrages<\/span><\/b><span data-contrast=\"auto\"> existants en d\u00e9terminant leur <\/span><b><span data-contrast=\"auto\">durabilit\u00e9<\/span><\/b><span data-ccp-props=\"{&quot;201341983&quot;:0,&quot;335559685&quot;:714,&quot;335559739&quot;:0,&quot;335559740&quot;:240,&quot;335559991&quot;:357}\">\u00a0<\/span><\/li>\n<li data-leveltext=\"\uf0b7\" data-font=\"Symbol\" data-listid=\"6\" data-list-defn-props=\"{&quot;335552541&quot;:1,&quot;335559685&quot;:720,&quot;335559991&quot;:360,&quot;469769226&quot;:&quot;Symbol&quot;,&quot;469769242&quot;:[8226],&quot;469777803&quot;:&quot;left&quot;,&quot;469777804&quot;:&quot;\uf0b7&quot;,&quot;469777815&quot;:&quot;hybridMultilevel&quot;}\" aria-setsize=\"-1\" data-aria-posinset=\"1\" data-aria-level=\"1\"><span data-contrast=\"auto\">Am\u00e9liorer<\/span><span data-contrast=\"auto\"> la m\u00e9thode de <\/span><b><span data-contrast=\"auto\">pr\u00e9diction de la dur\u00e9e de vie des ouvrages requalifi\u00e9s<\/span><\/b><span data-contrast=\"auto\">, par une approche fiabiliste et une analyse multi-\u00e9chelle en s\u2019appuyant sur des comp\u00e9tences pluridisciplinaires de 7 laboratoires<\/span><span data-ccp-props=\"{&quot;201341983&quot;:0,&quot;335559685&quot;:714,&quot;335559739&quot;:0,&quot;335559740&quot;:240,&quot;335559991&quot;:357}\">\u00a0<\/span><\/li>\n<\/ul>\n<p style=\"text-align: justify;\">Dans cette liste non exhaustive d\u2019actions de recherche potentielles, le projet de recherche MICRO, retenu par l\u2019ANR en 2015, r\u00e9unit 7 laboratoires de recherche reconnus dans le domaine du g\u00e9nie civil et des composites (annexe 1 : pr\u00e9sentation des laboratoires) et s\u2019int\u00e9resse essentiellement aux 4 axes en gras ci-dessus.<\/p>\n<p style=\"text-align: justify;\">MICRO est un projet transversal et pluridisciplinaire, fortement connect\u00e9 aux enjeux soci\u00e9taux actuels.<\/p>\n<p style=\"text-align: justify;\">Il vise \u00e0 mieux appr\u00e9hender les m\u00e9canismes de vieillissement et la fiabilit\u00e9 des mat\u00e9riaux et infrastructures en milieu urbain, afin d\u2019am\u00e9liorer les technologies de r\u00e9novation\/r\u00e9ing\u00e9nierie \u00e0 bas co\u00fbt et hautes performances. Pour ce faire, le projet cherche \u00e0 lever les derniers verrous qui limitent encore le d\u00e9veloppement \u00e0 large \u00e9chelle de ce proc\u00e9d\u00e9 constructif par une analyse multi-\u00e9chelle et une approche fiabiliste.<\/p>\n<h4><span style=\"color: #ff9900;\"><strong>Porteur :<span style=\"font-size: 16px; color: #808080;\"> BENZARTI Karim (IFSTTAR)<\/span><\/strong><\/span><\/h4>\n<h4><span style=\"color: #ff9900;\"><strong>Autres partenaires<\/strong>\u00a0:<\/span><\/h4>\n<ul style=\"list-style-type: disc;\">\n<li>Universit\u00e9 LYON 1 (LMC2)<\/li>\n<li>Universit\u00e9 d\u2019Angers (LARIS)<\/li>\n<li>INSA de LYON (IMP)<\/li>\n<li>Ecole des mines d\u2019Al\u00e8s (ARMINES)<\/li>\n<li>Universit\u00e9 de Cergy Pontoise (L2MGC)<\/li>\n<li>Ecole Centrale de Lyon (LTDS)<\/li>\n<\/ul>\n<h4><span style=\"color: #ff9900;\"><strong>Projets ANR-MICRO en chiffres :<\/strong><\/span><\/h4>\n<ul>\n<li>Dur\u00e9e : 48 mois<\/li>\n<li>Financement LMC2 : 239 k\u20ac<\/li>\n<\/ul>\n<h4><span style=\"color: #ff9900;\"><strong>Chercheurs concern\u00e9s<\/strong> :<span style=\"color: #808080;\">\u00a0<\/span><\/span><span style=\"font-size: 16px; color: #808080;\"> Laurence Curtil (PR), Marie Michel (MCF)<\/span><\/h4>\n<h4><span style=\"color: #ff9900;\"><strong>R\u00e9sultats<\/strong>\u00a0:<span style=\"color: #808080;\">\u00a0<\/span><\/span><\/h4>\n<ul>\n<li data-leveltext=\"\uf0b7\" data-font=\"Symbol\" data-listid=\"7\" data-list-defn-props=\"{&quot;335552541&quot;:1,&quot;335559685&quot;:720,&quot;335559991&quot;:360,&quot;469769226&quot;:&quot;Symbol&quot;,&quot;469769242&quot;:[8226],&quot;469777803&quot;:&quot;left&quot;,&quot;469777804&quot;:&quot;\uf0b7&quot;,&quot;469777815&quot;:&quot;hybridMultilevel&quot;}\" aria-setsize=\"-1\" data-aria-posinset=\"1\" data-aria-level=\"1\"><span data-contrast=\"auto\">Suivi des <\/span><b><span data-contrast=\"auto\">indicateurs de vieillissement<\/span><\/b><span data-contrast=\"auto\">.<\/span><span data-ccp-props=\"{&quot;201341983&quot;:0,&quot;335551550&quot;:6,&quot;335551620&quot;:6,&quot;335559739&quot;:0,&quot;335559740&quot;:240,&quot;469777462&quot;:[426],&quot;469777927&quot;:[0],&quot;469777928&quot;:[8]}\">\u00a0<\/span><\/li>\n<li data-leveltext=\"\uf0b7\" data-font=\"Symbol\" data-listid=\"7\" data-list-defn-props=\"{&quot;335552541&quot;:1,&quot;335559685&quot;:720,&quot;335559991&quot;:360,&quot;469769226&quot;:&quot;Symbol&quot;,&quot;469769242&quot;:[8226],&quot;469777803&quot;:&quot;left&quot;,&quot;469777804&quot;:&quot;\uf0b7&quot;,&quot;469777815&quot;:&quot;hybridMultilevel&quot;}\" aria-setsize=\"-1\" data-aria-posinset=\"1\" data-aria-level=\"1\"><span data-contrast=\"auto\">Exploitation statistique des surfaces de r\u00e9ponses des indicateurs de vieillissement et <\/span><b><span data-contrast=\"auto\">formulation fiabiliste du dimensionnement<\/span><\/b><span data-ccp-props=\"{&quot;201341983&quot;:0,&quot;335551550&quot;:6,&quot;335551620&quot;:6,&quot;335559739&quot;:0,&quot;335559740&quot;:240,&quot;469777462&quot;:[426],&quot;469777927&quot;:[0],&quot;469777928&quot;:[8]}\">\u00a0<\/span><\/li>\n<li data-leveltext=\"\uf0b7\" data-font=\"Symbol\" data-listid=\"7\" data-list-defn-props=\"{&quot;335552541&quot;:1,&quot;335559685&quot;:720,&quot;335559991&quot;:360,&quot;469769226&quot;:&quot;Symbol&quot;,&quot;469769242&quot;:[8226],&quot;469777803&quot;:&quot;left&quot;,&quot;469777804&quot;:&quot;\uf0b7&quot;,&quot;469777815&quot;:&quot;hybridMultilevel&quot;}\" aria-setsize=\"-1\" data-aria-posinset=\"1\" data-aria-level=\"1\"><span data-contrast=\"auto\">R\u00e9paration sur poutres endommag\u00e9es<\/span><\/li>\n<li data-leveltext=\"\uf0b7\" data-font=\"Symbol\" data-listid=\"7\" data-list-defn-props=\"{&quot;335552541&quot;:1,&quot;335559685&quot;:720,&quot;335559991&quot;:360,&quot;469769226&quot;:&quot;Symbol&quot;,&quot;469769242&quot;:[8226],&quot;469777803&quot;:&quot;left&quot;,&quot;469777804&quot;:&quot;\uf0b7&quot;,&quot;469777815&quot;:&quot;hybridMultilevel&quot;}\" aria-setsize=\"-1\" data-aria-posinset=\"1\" data-aria-level=\"1\"><span data-contrast=\"auto\">Fabrication intelligente et surveillance \u00e0 l&rsquo;aide de capteurs PZT<\/span><span data-ccp-props=\"{&quot;201341983&quot;:0,&quot;335551550&quot;:6,&quot;335551620&quot;:6,&quot;335559739&quot;:0,&quot;335559740&quot;:240,&quot;469777462&quot;:[426],&quot;469777927&quot;:[0],&quot;469777928&quot;:[8]}\">\u00a0<\/span><\/li>\n<li data-leveltext=\"\uf0b7\" data-font=\"Symbol\" data-listid=\"7\" data-list-defn-props=\"{&quot;335552541&quot;:1,&quot;335559685&quot;:720,&quot;335559991&quot;:360,&quot;469769226&quot;:&quot;Symbol&quot;,&quot;469769242&quot;:[8226],&quot;469777803&quot;:&quot;left&quot;,&quot;469777804&quot;:&quot;\uf0b7&quot;,&quot;469777815&quot;:&quot;hybridMultilevel&quot;}\" aria-setsize=\"-1\" data-aria-posinset=\"1\" data-aria-level=\"1\"><span data-contrast=\"auto\">Formulation et optimisation de la mise en \u0153uvre des <\/span><b><span data-contrast=\"auto\">mat\u00e9riaux composites \u00e0 fibres naturelles<\/span><\/b><span data-ccp-props=\"{&quot;201341983&quot;:0,&quot;335551550&quot;:6,&quot;335551620&quot;:6,&quot;335559739&quot;:0,&quot;335559740&quot;:240,&quot;469777462&quot;:[426],&quot;469777927&quot;:[0],&quot;469777928&quot;:[8]}\">\u00a0<\/span><\/li>\n<\/ul>\n<p style=\"text-align: center;\"><a href=\"http:\/\/lmc2.univ-lyon1.fr\/wp-content\/uploads\/2025\/05\/site-dexposition.png\"><img loading=\"lazy\" decoding=\"async\" class=\" wp-image-3210 aligncenter\" src=\"http:\/\/lmc2.univ-lyon1.fr\/wp-content\/uploads\/2025\/05\/site-dexposition-300x103.png\" alt=\"\" width=\"616\" height=\"211\" srcset=\"https:\/\/lmc2.univ-lyon1.fr\/wp-content\/uploads\/2025\/05\/site-dexposition-300x103.png 300w, https:\/\/lmc2.univ-lyon1.fr\/wp-content\/uploads\/2025\/05\/site-dexposition-768x263.png 768w, https:\/\/lmc2.univ-lyon1.fr\/wp-content\/uploads\/2025\/05\/site-dexposition.png 956w\" sizes=\"auto, (max-width: 616px) 100vw, 616px\" \/><span class=\"TextRun SCXW39406454 BCX0\" lang=\"FR-FR\" xml:lang=\"FR-FR\" data-contrast=\"auto\"><span class=\"NormalTextRun SCXW39406454 BCX0\">(a)Site d\u2019exposition pour le vieillissement naturel (VN) des mat\u00e9riaux (Villeurbanne \u2013 R\u00e9gion Lyonnaise)<\/span><span class=\"NormalTextRun SCXW39406454 BCX0\">\u202f; (b) <\/span><span class=\"NormalTextRun SCXW39406454 BCX0\">Comparaison des \u00e9volutions de diff\u00e9rents indicateurs pour les stratifi\u00e9s \u00e0 fibres de carbone (PRFC) ou de lin (PRFL), apr\u00e8s vieillissements acc\u00e9l\u00e9r\u00e9s (VA) ou naturel (VN).<\/span><\/span><span class=\"EOP SCXW39406454 BCX0\" data-ccp-props=\"{&quot;335551550&quot;:6,&quot;335551620&quot;:6}\">\u00a0<\/span><\/a><\/p>\n<p>\u00a0<\/p>\n<p style=\"text-align: center;\"><a href=\"http:\/\/lmc2.univ-lyon1.fr\/wp-content\/uploads\/2025\/05\/probabilte.jpg\"><img loading=\"lazy\" decoding=\"async\" class=\"alignnone size-medium wp-image-3314\" src=\"http:\/\/lmc2.univ-lyon1.fr\/wp-content\/uploads\/2025\/05\/probabilte-300x201.jpg\" alt=\"\" width=\"300\" height=\"201\" srcset=\"https:\/\/lmc2.univ-lyon1.fr\/wp-content\/uploads\/2025\/05\/probabilte-300x201.jpg 300w, https:\/\/lmc2.univ-lyon1.fr\/wp-content\/uploads\/2025\/05\/probabilte-768x515.jpg 768w, https:\/\/lmc2.univ-lyon1.fr\/wp-content\/uploads\/2025\/05\/probabilte.jpg 790w\" sizes=\"auto, (max-width: 300px) 100vw, 300px\" \/><\/a><\/p>\n<p style=\"text-align: center;\"><a href=\"http:\/\/lmc2.univ-lyon1.fr\/wp-content\/uploads\/2025\/05\/probabilte.jpg\"><span class=\"TextRun SCXW42958672 BCX0\" lang=\"FR-FR\" xml:lang=\"FR-FR\" data-contrast=\"auto\"><span class=\"NormalTextRun SCXW42958672 BCX0\">Probabilit\u00e9 de d\u00e9faillance du syst\u00e8me composite \u00e0 fibres de lin (PRFL) en condition de vieillissement naturel<\/span><\/span><span class=\"EOP SCXW42958672 BCX0\" data-ccp-props=\"{&quot;335551550&quot;:2,&quot;335551620&quot;:2}\">\u00a0<\/span><\/a><\/p>\n<p>\u00a0<\/p>\n<h4><span style=\"color: #ff9900;\"><strong>Publications<\/strong>\u00a0: <\/span><\/h4>\n<ul>\n<li><span style=\"color: #737373; font-size: 1rem;\">YAN, H. RIAHI, K. BENZARTI, R. CHLELA, L. CURTIL, D. BIGAUD, \u201cLifetime prediction of flax fiber reinforced composites using Tweedie Exponential Dispersion Degradation process\u201d, Article accept\u00e9 par Mathematical Problems in Engineering. Research Article 6629637 Volume 2021, https:\/\/doi.org\/10.1155\/2021\/6629637.<\/span><\/li>\n<li>ZOMBRE, R. CHLELA, M. MICHEL, K. BENZARTI, L. CURTIL, \u201cenvironmental durability of hand layup carbon\/epoxy composites intended for concrete strengthening\u201d, 9th International Conference on Fibre-Reinforced Polymer (FRP) Composites in Civil Engineering (CICE 2018), PARIS 17-19 JULY 2018, conf\u00e9rence organis\u00e9e par Ifsttar et Univ. Lyon1, \u00e0 comit\u00e9 de lecture.<\/li>\n<li>NGUYEN, N. REBOUL, L. CURTIL, \u201cComposites reinforced flax or carbon fibers under hygrothermal ageing: Follow of durability by Acoustic Emission monitoring and tensile tests\u201d, 5h Engineering Mechanics Institute (EMI) International Conference, LYON 3-5 JULY 2019,<\/li>\n<\/ul>\n<div class=\"logo-container\">\u00a0<\/div>\n<div><img loading=\"lazy\" decoding=\"async\" class=\"aligncenter wp-image-1770 \" src=\"http:\/\/lmc2.univ-lyon1.fr\/wp-content\/uploads\/2016\/03\/ANR.jpg\" alt=\"\" width=\"140\" height=\"58\" \/><\/div>","protected":false},"excerpt":{"rendered":"<p>Mat\u00e9riaux Innovants Composites pour la R\u00e9paration d\u2019Ouvrages &#8211; Approche fiabiliste du dimensionnement pour leur requalification [&hellip;]<\/p>\n","protected":false},"author":1,"featured_media":0,"parent":0,"menu_order":0,"comment_status":"closed","ping_status":"closed","template":"","meta":{"footnotes":""},"class_list":["post-1767","page","type-page","status-publish","hentry"],"_links":{"self":[{"href":"https:\/\/lmc2.univ-lyon1.fr\/index.php?rest_route=\/wp\/v2\/pages\/1767","targetHints":{"allow":["GET"]}}],"collection":[{"href":"https:\/\/lmc2.univ-lyon1.fr\/index.php?rest_route=\/wp\/v2\/pages"}],"about":[{"href":"https:\/\/lmc2.univ-lyon1.fr\/index.php?rest_route=\/wp\/v2\/types\/page"}],"author":[{"embeddable":true,"href":"https:\/\/lmc2.univ-lyon1.fr\/index.php?rest_route=\/wp\/v2\/users\/1"}],"replies":[{"embeddable":true,"href":"https:\/\/lmc2.univ-lyon1.fr\/index.php?rest_route=%2Fwp%2Fv2%2Fcomments&post=1767"}],"version-history":[{"count":7,"href":"https:\/\/lmc2.univ-lyon1.fr\/index.php?rest_route=\/wp\/v2\/pages\/1767\/revisions"}],"predecessor-version":[{"id":3316,"href":"https:\/\/lmc2.univ-lyon1.fr\/index.php?rest_route=\/wp\/v2\/pages\/1767\/revisions\/3316"}],"wp:attachment":[{"href":"https:\/\/lmc2.univ-lyon1.fr\/index.php?rest_route=%2Fwp%2Fv2%2Fmedia&parent=1767"}],"curies":[{"name":"wp","href":"https:\/\/api.w.org\/{rel}","templated":true}]}}