{"id":1775,"date":"2016-03-02T16:37:58","date_gmt":"2016-03-02T15:37:58","guid":{"rendered":"http:\/\/lmc2.univ-lyon1.fr\/?page_id=1775"},"modified":"2016-03-02T17:00:56","modified_gmt":"2016-03-02T16:00:56","slug":"micro-2","status":"publish","type":"page","link":"https:\/\/lmc2.univ-lyon1.fr\/?page_id=1775","title":{"rendered":"MICRO"},"content":{"rendered":"<h4><img loading=\"lazy\" decoding=\"async\" class=\"aligncenter wp-image-1769 size-full\" src=\"http:\/\/lmc2.univ-lyon1.fr\/wp-content\/uploads\/2016\/03\/Micro.jpg\" alt=\"\" width=\"963\" height=\"201\" srcset=\"https:\/\/lmc2.univ-lyon1.fr\/wp-content\/uploads\/2016\/03\/Micro.jpg 963w, https:\/\/lmc2.univ-lyon1.fr\/wp-content\/uploads\/2016\/03\/Micro-300x63.jpg 300w, https:\/\/lmc2.univ-lyon1.fr\/wp-content\/uploads\/2016\/03\/Micro-768x160.jpg 768w\" sizes=\"auto, (max-width: 963px) 100vw, 963px\" \/><\/h4>\n<h3 style=\"text-align: center;\"><strong>M<\/strong>at\u00e9riaux <strong>I<\/strong>nnovants <strong>C<\/strong>omposites pour la <strong>R<\/strong>\u00e9paration d\u2019<strong>O<\/strong>uvrages &#8211; Approche fiabiliste du dimensionnement pour leur requalification et la pr\u00e9diction de leur durabilit\u00e9.<\/h3>\n<h4><span style=\"color: #ff9900;\"><strong>Objectifs\u00a0<\/strong><strong>:<\/strong><\/span><\/h4>\n<p style=\"text-align: justify;\">Face \u00e0 la n\u00e9cessit\u00e9 d\u2019entretien et de mise aux normes du patrimoine b\u00e2ti fran\u00e7ais, la r\u00e9paration et\/ou le renforcement des structures d\u00e9ficientes par collage de mat\u00e9riaux composites (tissus stratifi\u00e9s sur site ou lamelles rigides coll\u00e9es) s\u2019impose comme une m\u00e9thode de choix pour prolonger la vie des ouvrages. Toutefois la valorisation des mat\u00e9riaux composites dans la construction implique la poursuite de recherches sur les points suivants :<\/p>\n<p style=\"text-align: justify;\">&#8211; Evolution des formulations des mat\u00e9riaux traditionnels en fonction de crit\u00e8res li\u00e9s \u00e0 la mise en \u0153uvre sur chantier en veillant aux probl\u00e8mes d\u2019hygi\u00e8ne et de s\u00e9curit\u00e9 ;<\/p>\n<p style=\"text-align: justify;\"><strong>&#8211; Evolution des formulations vers des mat\u00e9riaux innovants<\/strong> \u00e0 empreinte environnementale r\u00e9duite ;<\/p>\n<p style=\"text-align: justify;\">&#8211; D\u00e9veloppement de nouveaux proc\u00e9d\u00e9s de mise en \u0153uvre pour am\u00e9liorer reproductibilit\u00e9, fiabilit\u00e9, et durabilit\u00e9 ;<\/p>\n<p style=\"text-align: justify;\">&#8211; D\u00e9termination des performances instantan\u00e9es et diff\u00e9r\u00e9es ; Ces performances concernent \u00e9galement le comportement au feu, la r\u00e9sistance aux chocs, aux s\u00e9ismes\u2026<\/p>\n<p style=\"text-align: justify;\"><strong>&#8211; D\u00e9termination du nouveau comportement de la structure renforc\u00e9e<\/strong> ;<\/p>\n<p style=\"text-align: justify;\">&#8211; Caract\u00e9risation de la multifonctionnalit\u00e9 du mat\u00e9riau lors de la mise en \u0153uvre (traitement thermique, impr\u00e9gnation contr\u00f4l\u00e9e) ou de l\u2019exploitation des ouvrages en int\u00e9grant des capteurs (contr\u00f4le actif ou passif) ;<\/p>\n<p style=\"text-align: justify;\"><strong>&#8211; Optimisation de la dur\u00e9e de vie des mat\u00e9riaux et des ouvrages avec pr\u00e9vision de leur durabilit\u00e9<\/strong> ;<\/p>\n<p style=\"text-align: justify;\"><strong>&#8211; Planification optimis\u00e9e des inspections et des actions de maintenance ;<\/strong><\/p>\n<p style=\"text-align: justify;\">&#8211; Optimisation de la forme du renfort composite bas\u00e9e sur une minimisation du co\u00fbt \u00ab global \u00bb (co\u00fbt des mat\u00e9riaux, co\u00fbt de la mise en place, co\u00fbt de la d\u00e9faillance\u2026) et la maximisation de la fiabilit\u00e9.<\/p>\n<p style=\"text-align: justify;\">&#8211; Mise au point de proc\u00e9dures de recyclage en fin de vie.<\/p>\n<p style=\"text-align: justify;\">Dans cette liste non exhaustive d\u2019actions de recherche potentielles, le projet de recherche MICRO, retenu par l\u2019ANR en 2015, r\u00e9unit 7 laboratoires de recherche reconnus dans le domaine du g\u00e9nie civil et des composites (annexe 1 : pr\u00e9sentation des laboratoires) et s\u2019int\u00e9resse essentiellement aux 4 axes en gras ci-dessus.<\/p>\n<p style=\"text-align: justify;\">MICRO est un projet transversal et pluridisciplinaire, fortement connect\u00e9 aux enjeux soci\u00e9taux actuels.<\/p>\n<p style=\"text-align: justify;\">Il vise \u00e0 mieux appr\u00e9hender les m\u00e9canismes de vieillissement et la fiabilit\u00e9 des mat\u00e9riaux et infrastructures en milieu urbain, afin d\u2019am\u00e9liorer les technologies de r\u00e9novation\/r\u00e9ing\u00e9nierie \u00e0 bas co\u00fbt et hautes performances. Pour ce faire, le projet cherche \u00e0 lever les derniers verrous qui limitent encore le d\u00e9veloppement \u00e0 large \u00e9chelle de ce proc\u00e9d\u00e9 constructif par une analyse multi-\u00e9chelle et une approche fiabiliste.<\/p>\n<h4><span style=\"color: #ff9900;\"><strong>Porteur\u00a0:<\/strong><\/span><\/h4>\n<p style=\"text-align: justify;\">BENZARTI Karim (IFSTTAR)<\/p>\n<h4><span style=\"color: #ff9900;\"><strong>Autres partenaires<\/strong>\u00a0:<\/span><\/h4>\n<ul style=\"list-style-type: disc;\">\n<li>Universit\u00e9 LYON 1 (LMC2)<\/li>\n<li>Universit\u00e9 d\u2019Angers (LARIS)<\/li>\n<li>INSA de LYON (IMP)<\/li>\n<li>Ecole des mines d\u2019Al\u00e8s (ARMINES)<\/li>\n<li>Universit\u00e9 de Cergy Pontoise (L2MGC)<\/li>\n<li>Ecole Centrale de Lyon (LTDS)<\/li>\n<\/ul>\n<h4><span style=\"color: #ff9900;\"><strong>Projets ANR-MICRO en chiffres :<\/strong><\/span><\/h4>\n<ul>\n<li>Dur\u00e9e : 48 mois<\/li>\n<li>Financement LMC2 : 239 k\u20ac<\/li>\n<\/ul>\n<h4><span style=\"color: #ff9900;\"><strong>Chercheurs concern\u00e9s<\/strong>\u00a0:<\/span><\/h4>\n<p>Laurence Curtil (PR), Marie Michel (MCF)<\/p>\n<p><img loading=\"lazy\" decoding=\"async\" class=\"aligncenter wp-image-1770 size-full\" src=\"http:\/\/lmc2.univ-lyon1.fr\/wp-content\/uploads\/2016\/03\/ANR.jpg\" alt=\"\" width=\"241\" height=\"100\" \/><\/p>\n","protected":false},"excerpt":{"rendered":"<p>Mat\u00e9riaux Innovants Composites pour la R\u00e9paration d\u2019Ouvrages &#8211; Approche fiabiliste du dimensionnement pour leur requalification [&hellip;]<\/p>\n","protected":false},"author":1,"featured_media":0,"parent":0,"menu_order":0,"comment_status":"closed","ping_status":"closed","template":"","meta":{"footnotes":""},"class_list":["post-1775","page","type-page","status-publish","hentry"],"_links":{"self":[{"href":"https:\/\/lmc2.univ-lyon1.fr\/index.php?rest_route=\/wp\/v2\/pages\/1775","targetHints":{"allow":["GET"]}}],"collection":[{"href":"https:\/\/lmc2.univ-lyon1.fr\/index.php?rest_route=\/wp\/v2\/pages"}],"about":[{"href":"https:\/\/lmc2.univ-lyon1.fr\/index.php?rest_route=\/wp\/v2\/types\/page"}],"author":[{"embeddable":true,"href":"https:\/\/lmc2.univ-lyon1.fr\/index.php?rest_route=\/wp\/v2\/users\/1"}],"replies":[{"embeddable":true,"href":"https:\/\/lmc2.univ-lyon1.fr\/index.php?rest_route=%2Fwp%2Fv2%2Fcomments&post=1775"}],"version-history":[{"count":2,"href":"https:\/\/lmc2.univ-lyon1.fr\/index.php?rest_route=\/wp\/v2\/pages\/1775\/revisions"}],"predecessor-version":[{"id":1819,"href":"https:\/\/lmc2.univ-lyon1.fr\/index.php?rest_route=\/wp\/v2\/pages\/1775\/revisions\/1819"}],"wp:attachment":[{"href":"https:\/\/lmc2.univ-lyon1.fr\/index.php?rest_route=%2Fwp%2Fv2%2Fmedia&parent=1775"}],"curies":[{"name":"wp","href":"https:\/\/api.w.org\/{rel}","templated":true}]}}