{"id":1785,"date":"2016-03-02T16:46:07","date_gmt":"2016-03-02T15:46:07","guid":{"rendered":"http:\/\/lmc2.univ-lyon1.fr\/?page_id=1785"},"modified":"2016-03-02T17:00:39","modified_gmt":"2016-03-02T16:00:39","slug":"print-cim-2","status":"publish","type":"page","link":"https:\/\/lmc2.univ-lyon1.fr\/?page_id=1785","title":{"rendered":"PRINT CIM"},"content":{"rendered":"<h4><img loading=\"lazy\" decoding=\"async\" class=\"aligncenter wp-image-1778 size-full\" src=\"http:\/\/lmc2.univ-lyon1.fr\/wp-content\/uploads\/2016\/03\/Print-CIM.jpg\" alt=\"\" width=\"961\" height=\"199\" srcset=\"https:\/\/lmc2.univ-lyon1.fr\/wp-content\/uploads\/2016\/03\/Print-CIM.jpg 961w, https:\/\/lmc2.univ-lyon1.fr\/wp-content\/uploads\/2016\/03\/Print-CIM-300x62.jpg 300w, https:\/\/lmc2.univ-lyon1.fr\/wp-content\/uploads\/2016\/03\/Print-CIM-768x159.jpg 768w\" sizes=\"auto, (max-width: 961px) 100vw, 961px\" \/><\/h4>\n<h3 style=\"text-align: center;\"><strong>Cha\u00eene num\u00e9rique 3D \u2013 Mortier base ciment <\/strong><\/h3>\n<h4><span style=\"color: #ff9900;\"><strong>Objectifs\u00a0<\/strong><strong>:<\/strong><\/span><\/h4>\n<p style=\"text-align: justify;\">L\u2019objectif du projet est de d\u00e9velopper un parement de fa\u00e7ade innovant en ayant recours \u00e0 une cha\u00eene num\u00e9rique 3D qui permette de r\u00e9pondre aux grands enjeux du secteur du b\u00e2timent, \u00e0 savoir, accro\u00eetre l\u2019efficacit\u00e9 \u00e9nerg\u00e9tique des b\u00e2timents neufs et anciens et r\u00e9duire les d\u00e9lais et les co\u00fbts de construction. Il s\u2019agira de mettre au point un proc\u00e9d\u00e9 industriel de fabrication de panneaux de fa\u00e7ade textur\u00e9e \u00e0 base de mat\u00e9riau cimentaire en utilisant une cha\u00eene num\u00e9rique 3D. Le but est de produire des panneaux de bardage en <strong>grande s\u00e9rie<\/strong>. Il s\u2019agira de panneaux de grandes dimensions (3 X 2 m\u00e8tres) et de faible \u00e9paisseur (&lt; 10 mm pour le mortier \u00e0 base de ciment). Mettre au point un proc\u00e9d\u00e9 de fabrication servant \u00e0 la fois \u00e0 produire des <strong>bardages sur-mesure<\/strong> (petites s\u00e9ries) et des <strong>pi\u00e8ces sp\u00e9ciales<\/strong> pour traiter les ouvertures et les angles de la fa\u00e7ade.<\/p>\n<h4><span style=\"color: #ff9900;\"><strong>Porteur\u00a0:<\/strong><\/span><\/h4>\n<p style=\"text-align: justify;\">WEBER France (Groupe Saint-Gobain)<\/p>\n<h4><span style=\"color: #ff9900;\"><strong>Autres partenaires<\/strong>\u00a0:<\/span><\/h4>\n<ul style=\"list-style-type: disc;\">\n<li>COGITECH<\/li>\n<li>MECANUMERIC<\/li>\n<li>LGCIE<\/li>\n<li>EMSE<\/li>\n<\/ul>\n<h4><span style=\"color: #ff9900;\"><strong>Projets PRINT CIM en chiffres :<\/strong><\/span><\/h4>\n<ul>\n<li>Dur\u00e9e : 48 mois<\/li>\n<li>Financement LMC2 : 236 k\u20ac<\/li>\n<\/ul>\n<h4><span style=\"color: #ff9900;\"><strong>Implication du laboratoire :<br \/>\n<\/strong><\/span><\/h4>\n<p style=\"text-align: justify;\">Le laboratoire va apporter ses comp\u00e9tences en mati\u00e8re de comportement de composites textile cimentaires \u00e0 hautes performances. Il s\u2019int\u00e9ressera particuli\u00e8rement au comportement m\u00e9canique des pi\u00e8ces utilisant des mat\u00e9riaux cimentaires fabriqu\u00e9es \u00e0 partir des diff\u00e9rents proc\u00e9d\u00e9s de fabrication mettant en \u0153uvre une cha\u00eene num\u00e9rique.<\/p>\n<h4><span style=\"color: #ff9900;\"><strong>Chercheurs concern\u00e9s<\/strong>\u00a0:<\/span><\/h4>\n<p>Emmanuel Ferrier (PR), Marie Michel (MCF), Laurent Michel (MCF)<\/p>\n<div id='gallery-1' class='gallery galleryid-1785 gallery-columns-4 gallery-size-full'><figure class='gallery-item'>\n\t\t\t<div class='gallery-icon landscape'>\n\t\t\t\t<img loading=\"lazy\" decoding=\"async\" width=\"143\" height=\"143\" src=\"https:\/\/lmc2.univ-lyon1.fr\/wp-content\/uploads\/2016\/03\/EMSE-1.jpg\" class=\"attachment-full size-full\" alt=\"\" \/>\n\t\t\t<\/div><\/figure><figure class='gallery-item'>\n\t\t\t<div class='gallery-icon landscape'>\n\t\t\t\t<img loading=\"lazy\" decoding=\"async\" width=\"340\" height=\"78\" src=\"https:\/\/lmc2.univ-lyon1.fr\/wp-content\/uploads\/2016\/03\/mecanumeric-1.jpg\" class=\"attachment-full size-full\" alt=\"\" srcset=\"https:\/\/lmc2.univ-lyon1.fr\/wp-content\/uploads\/2016\/03\/mecanumeric-1.jpg 340w, https:\/\/lmc2.univ-lyon1.fr\/wp-content\/uploads\/2016\/03\/mecanumeric-1-300x69.jpg 300w\" sizes=\"auto, (max-width: 340px) 100vw, 340px\" \/>\n\t\t\t<\/div><\/figure><figure class='gallery-item'>\n\t\t\t<div class='gallery-icon landscape'>\n\t\t\t\t<img loading=\"lazy\" decoding=\"async\" width=\"184\" height=\"61\" src=\"https:\/\/lmc2.univ-lyon1.fr\/wp-content\/uploads\/2016\/03\/Weber-1.jpg\" class=\"attachment-full size-full\" alt=\"\" \/>\n\t\t\t<\/div><\/figure><figure class='gallery-item'>\n\t\t\t<div class='gallery-icon portrait'>\n\t\t\t\t<img loading=\"lazy\" decoding=\"async\" width=\"188\" height=\"237\" src=\"https:\/\/lmc2.univ-lyon1.fr\/wp-content\/uploads\/2016\/03\/Cogitech-1.jpg\" class=\"attachment-full size-full\" alt=\"\" \/>\n\t\t\t<\/div><\/figure>\n\t\t<\/div>\n\n","protected":false},"excerpt":{"rendered":"<p>Cha\u00eene num\u00e9rique 3D \u2013 Mortier base ciment Objectifs\u00a0: L\u2019objectif du projet est de d\u00e9velopper un [&hellip;]<\/p>\n","protected":false},"author":1,"featured_media":0,"parent":0,"menu_order":0,"comment_status":"closed","ping_status":"closed","template":"","meta":{"footnotes":""},"class_list":["post-1785","page","type-page","status-publish","hentry"],"_links":{"self":[{"href":"https:\/\/lmc2.univ-lyon1.fr\/index.php?rest_route=\/wp\/v2\/pages\/1785","targetHints":{"allow":["GET"]}}],"collection":[{"href":"https:\/\/lmc2.univ-lyon1.fr\/index.php?rest_route=\/wp\/v2\/pages"}],"about":[{"href":"https:\/\/lmc2.univ-lyon1.fr\/index.php?rest_route=\/wp\/v2\/types\/page"}],"author":[{"embeddable":true,"href":"https:\/\/lmc2.univ-lyon1.fr\/index.php?rest_route=\/wp\/v2\/users\/1"}],"replies":[{"embeddable":true,"href":"https:\/\/lmc2.univ-lyon1.fr\/index.php?rest_route=%2Fwp%2Fv2%2Fcomments&post=1785"}],"version-history":[{"count":2,"href":"https:\/\/lmc2.univ-lyon1.fr\/index.php?rest_route=\/wp\/v2\/pages\/1785\/revisions"}],"predecessor-version":[{"id":1818,"href":"https:\/\/lmc2.univ-lyon1.fr\/index.php?rest_route=\/wp\/v2\/pages\/1785\/revisions\/1818"}],"wp:attachment":[{"href":"https:\/\/lmc2.univ-lyon1.fr\/index.php?rest_route=%2Fwp%2Fv2%2Fmedia&parent=1785"}],"curies":[{"name":"wp","href":"https:\/\/api.w.org\/{rel}","templated":true}]}}