{"id":1929,"date":"2016-09-14T15:23:54","date_gmt":"2016-09-14T14:23:54","guid":{"rendered":"http:\/\/lmc2.univ-lyon1.fr\/?page_id=1929"},"modified":"2018-09-19T14:20:13","modified_gmt":"2018-09-19T13:20:13","slug":"grazide-cecile","status":"publish","type":"page","link":"https:\/\/lmc2.univ-lyon1.fr\/?page_id=1929","title":{"rendered":"GRAZIDE CECILE"},"content":{"rendered":"<p><img loading=\"lazy\" decoding=\"async\" class=\"aligncenter size-full wp-image-1931\" src=\"http:\/\/lmc2.univ-lyon1.fr\/wp-content\/uploads\/2016\/09\/Grazide.jpg\" alt=\"grazide\" width=\"228\" height=\"251\" \/><\/p>\n<p><strong><em>Mes activit\u00e9s de recherche<\/em><\/strong><\/p>\n<p>Mes activit\u00e9s de recherche s\u2019articulent autour des mat\u00e9riaux h\u00e9t\u00e9rog\u00e8nes\/composites anisotropes utilis\u00e9s en G\u00e9nie Civil. Mes principaux axes de recherche concernent\u00a0:<\/p>\n<ul>\n<li>le d\u00e9veloppement de maillages num\u00e9riques prenant en compte l\u2019h\u00e9t\u00e9rog\u00e9n\u00e9it\u00e9 et l\u2019anisotropie du mat\u00e9riau, en int\u00e9grant la position, la forme des inclusions et leur arrangement \u00a0dans la matrice,<\/li>\n<li>La mod\u00e9lisation num\u00e9rique par \u00e9l\u00e9ments finis des mat\u00e9riaux h\u00e9t\u00e9rog\u00e8nes\/composites dans le but de pr\u00e9dire l\u2019effet des inclusions sur le comportement m\u00e9canique du mat\u00e9riau anisotrope.<\/li>\n<\/ul>\n<p><a href=\"http:\/\/lmc2.univ-lyon1.fr\/wp-content\/uploads\/2017\/07\/Liste_Grazide.htm\">Liste<\/a> des publications<\/p>\n<p><strong><em>Mes activit\u00e9s d\u2019enseignement<\/em><\/strong><\/p>\n<p>Mes enseignements portent sur les bases d\u2019op\u00e9ration de la construction, le management de projets en phase d\u2019\u00e9tudes et le dimensionnement de structure bois.\u00a0 Mon enseignement se fait \u00e0 l\u2019IUT G\u00e9nie Civil D\u00e9veloppement Durable de Lyon 1.<\/p>\n<p><em><strong>Mail :<\/strong><\/em> <a href=\"mailto:cecile.grazide@univ-lyon1.fr\">cecile.grazide@univ-lyon1.fr<\/a><\/p>\n","protected":false},"excerpt":{"rendered":"<p>Mes activit\u00e9s de recherche Mes activit\u00e9s de recherche s\u2019articulent autour des mat\u00e9riaux h\u00e9t\u00e9rog\u00e8nes\/composites anisotropes utilis\u00e9s [&hellip;]<\/p>\n","protected":false},"author":1,"featured_media":0,"parent":0,"menu_order":0,"comment_status":"closed","ping_status":"closed","template":"","meta":{"footnotes":""},"class_list":["post-1929","page","type-page","status-publish","hentry"],"_links":{"self":[{"href":"https:\/\/lmc2.univ-lyon1.fr\/index.php?rest_route=\/wp\/v2\/pages\/1929","targetHints":{"allow":["GET"]}}],"collection":[{"href":"https:\/\/lmc2.univ-lyon1.fr\/index.php?rest_route=\/wp\/v2\/pages"}],"about":[{"href":"https:\/\/lmc2.univ-lyon1.fr\/index.php?rest_route=\/wp\/v2\/types\/page"}],"author":[{"embeddable":true,"href":"https:\/\/lmc2.univ-lyon1.fr\/index.php?rest_route=\/wp\/v2\/users\/1"}],"replies":[{"embeddable":true,"href":"https:\/\/lmc2.univ-lyon1.fr\/index.php?rest_route=%2Fwp%2Fv2%2Fcomments&post=1929"}],"version-history":[{"count":3,"href":"https:\/\/lmc2.univ-lyon1.fr\/index.php?rest_route=\/wp\/v2\/pages\/1929\/revisions"}],"predecessor-version":[{"id":2244,"href":"https:\/\/lmc2.univ-lyon1.fr\/index.php?rest_route=\/wp\/v2\/pages\/1929\/revisions\/2244"}],"wp:attachment":[{"href":"https:\/\/lmc2.univ-lyon1.fr\/index.php?rest_route=%2Fwp%2Fv2%2Fmedia&parent=1929"}],"curies":[{"name":"wp","href":"https:\/\/api.w.org\/{rel}","templated":true}]}}