{"id":2003,"date":"2016-10-21T08:31:31","date_gmt":"2016-10-21T07:31:31","guid":{"rendered":"http:\/\/lmc2.univ-lyon1.fr\/?page_id=2003"},"modified":"2016-10-24T09:24:59","modified_gmt":"2016-10-24T08:24:59","slug":"homoro-omayma","status":"publish","type":"page","link":"https:\/\/lmc2.univ-lyon1.fr\/?page_id=2003","title":{"rendered":"HOMORO Omayma"},"content":{"rendered":"<p><img loading=\"lazy\" decoding=\"async\" class=\"aligncenter wp-image-2030 size-medium\" src=\"http:\/\/lmc2.univ-lyon1.fr\/wp-content\/uploads\/2016\/10\/Omayma-1-300x226.png\" width=\"300\" height=\"226\" srcset=\"https:\/\/lmc2.univ-lyon1.fr\/wp-content\/uploads\/2016\/10\/Omayma-1-300x226.png 300w, https:\/\/lmc2.univ-lyon1.fr\/wp-content\/uploads\/2016\/10\/Omayma-1.png 439w\" sizes=\"auto, (max-width: 300px) 100vw, 300px\" \/><\/p>\n<p><strong>Sujet de Doctorat<br \/>\n<\/strong><\/p>\n<h4 style=\"text-align: justify;\"><em>Etudes exp\u00e9rimentale et num\u00e9rique du comportement m\u00e9canique d\u2019un TRC pr\u00e9-\u00ad\u2010impr\u00e9gn\u00e9 par voie s\u00e8che<\/em><\/h4>\n<p><strong>R\u00e9sum\u00e9<\/strong><\/p>\n<p style=\"text-align: justify;\">Les TRCs \u00ab Textile Reinforced Concrete \u00bb sont des micro-\u00ad\u2010b\u00e9tons renforc\u00e9s de nappes de textiles constitu\u00e9s de fils multi-\u00ad\u2010filamentaires. Du fait de l\u2019utilisation d\u2019une matrice min\u00e9rale, les int\u00e9r\u00eats sont multiples : produit \u00e9cologique car recyclable, non\u00a0 toxicit\u00e9, disponibilit\u00e9 des mati\u00e8res premi\u00e8res. De ce fait, ces\u00a0 composites se sont\u00a0 largement\u00a0 d\u00e9velopp\u00e9s\u00a0 ces\u00a0 derni\u00e8res\u00a0 ann\u00e9es\u00a0 dans\u00a0 le domaine du renforcement et\/ou de la r\u00e9paration des structures de g\u00e9nie civil.\u00a0 Ce projet s\u2019int\u00e9ressera \u00e0 des TRCs obtenus\u00a0 avec\u00a0 un\u00a0 proc\u00e9d\u00e9\u00a0 de\u00a0 pr\u00e9-impr\u00e9gnation par\u00a0 voie\u00a0 s\u00e8che. Ce proc\u00e9d\u00e9 innovant est bas\u00e9 sur l\u2019utilisation d\u2019un champ \u00e9lectrostatique alternatif pour faire migrer \u00e0 sec des poudres liantes et\/ou fonctionnelles dans des textiles. Cette technologie permet d\u2019obtenir une r\u00e9partition de la poudre extr\u00eamement homog\u00e8ne. Ce qui permet d\u2019augmenter les performances m\u00e9caniques du mat\u00e9riau.\u00a0\u00a0\u00a0\u00a0 Deux volets seront abord\u00e9s dans ce projet:<\/p>\n<ul>\n<li style=\"text-align: justify;\">\u00a0Un volet exp\u00e9rimental comportant : une \u00e9tude param\u00e9trique d\u2019optimisation de la dispersion de la poudre au sein du textile; La mise en place d\u2019un processus de fixation de la poudre dans le textile en vue d\u2019une manipulation et d\u2019une mise en \u0153uvre ais\u00e9e ; l\u2019\u00e9tude de l\u2019hydratation de la poudre cimentaire (homog\u00e9n\u00e9it\u00e9, sensibilit\u00e9 \u00e0 la dispersion de la poudre) ; la caract\u00e9risation des propri\u00e9t\u00e9s m\u00e9caniques (essais de traction) ; Observations microscopiques du semi-\u00ad\u2010produit et du produit final par tomographie \u00e0 rayons X ou microscopie \u00e9lectronique \u00e0 balayage.<\/li>\n<li style=\"text-align: justify;\">\u00a0Un volet num\u00e9rique comportant: l\u2019identification de la loi de comportement du produit fini par homog\u00e9n\u00e9isation num\u00e9rique utilisant la microstructure observ\u00e9e dans le volet exp\u00e9rimental et une mod\u00e9lisation \u00a0multi-\u00ad\u2010\u00e9chelle. \u00a0Identification \u00a0des \u00a0param\u00e8tres \u00a0de \u00a0la \u00a0loi \u00a0de \u00a0comportement \u00a0par \u00a0r\u00e9solution \u00a0de probl\u00e8mes inverses exploitant des champs de d\u00e9placement obtenus par la technique de corr\u00e9lation d\u2019images. Comparaison et validation avec le mod\u00e8le d\u2019homog\u00e9n\u00e9isation num\u00e9rique. L\u2019objectif final de la th\u00e8se est la mise au point et l\u2019int\u00e9gration dans un code de calcul d\u2019un mod\u00e8le de comportement adapt\u00e9 au\u00a0\u00a0 TRC. Le mod\u00e8le d\u00e9velopp\u00e9\u0301 devra prendre en compte les m\u00e9canismes\u00a0\u00a0\u00a0 d\u2019endommagement pr\u00e9pond\u00e9rants, les microfissurations du micro-\u00ad\u2010b\u00e9ton et le d\u00e9laminage\u00a0 \u00a0aux \u00a0interfaces \u00a0fibre\/micro-b\u00e9ton,\u00a0 \u00a0\u00e0 travers l\u2019introduction de variables d\u2019endommagement ayant une signification physique.<\/li>\n<\/ul>\n<p style=\"text-align: justify;\"><strong>Encadrants<\/strong><\/p>\n<ul>\n<li>Thouraya NOURI BARANGER<\/li>\n<li>Marie MICHEL<\/li>\n<li>Emma LANOYE<\/li>\n<\/ul>\n<p><strong>D\u00e9but et fin de th\u00e8se<br \/>\n<\/strong><\/p>\n<p>01\/10\/2016 \u2013 30\/09\/2019<\/p>\n<p><strong>Activit\u00e9s p\u00e9dagogiques<br \/>\n<\/strong><\/p>\n<p>&#8230;<\/p>\n","protected":false},"excerpt":{"rendered":"<p>Sujet de Doctorat Etudes exp\u00e9rimentale et num\u00e9rique du comportement m\u00e9canique d\u2019un TRC pr\u00e9-\u00ad\u2010impr\u00e9gn\u00e9 par voie [&hellip;]<\/p>\n","protected":false},"author":1,"featured_media":0,"parent":0,"menu_order":0,"comment_status":"closed","ping_status":"closed","template":"","meta":{"footnotes":""},"class_list":["post-2003","page","type-page","status-publish","hentry"],"_links":{"self":[{"href":"https:\/\/lmc2.univ-lyon1.fr\/index.php?rest_route=\/wp\/v2\/pages\/2003","targetHints":{"allow":["GET"]}}],"collection":[{"href":"https:\/\/lmc2.univ-lyon1.fr\/index.php?rest_route=\/wp\/v2\/pages"}],"about":[{"href":"https:\/\/lmc2.univ-lyon1.fr\/index.php?rest_route=\/wp\/v2\/types\/page"}],"author":[{"embeddable":true,"href":"https:\/\/lmc2.univ-lyon1.fr\/index.php?rest_route=\/wp\/v2\/users\/1"}],"replies":[{"embeddable":true,"href":"https:\/\/lmc2.univ-lyon1.fr\/index.php?rest_route=%2Fwp%2Fv2%2Fcomments&post=2003"}],"version-history":[{"count":3,"href":"https:\/\/lmc2.univ-lyon1.fr\/index.php?rest_route=\/wp\/v2\/pages\/2003\/revisions"}],"predecessor-version":[{"id":2031,"href":"https:\/\/lmc2.univ-lyon1.fr\/index.php?rest_route=\/wp\/v2\/pages\/2003\/revisions\/2031"}],"wp:attachment":[{"href":"https:\/\/lmc2.univ-lyon1.fr\/index.php?rest_route=%2Fwp%2Fv2%2Fmedia&parent=2003"}],"curies":[{"name":"wp","href":"https:\/\/api.w.org\/{rel}","templated":true}]}}