{"id":2100,"date":"2017-07-12T20:19:41","date_gmt":"2017-07-12T19:19:41","guid":{"rendered":"http:\/\/lmc2.univ-lyon1.fr\/?page_id=2100"},"modified":"2025-05-06T15:42:36","modified_gmt":"2025-05-06T14:42:36","slug":"moovabat","status":"publish","type":"page","link":"https:\/\/lmc2.univ-lyon1.fr\/?page_id=2100","title":{"rendered":"MOOVABAT ( 2017-2021 )"},"content":{"rendered":"\n<p style=\"text-align: center;\" aria-level=\"1\"><b><span data-contrast=\"none\">\u00a0\u00bb b\u00e2timent modulaire : <\/span><\/b><b><span data-contrast=\"none\">Nouveau mode de construction, d&rsquo;exploitation et de maintenance des b\u00e2timents<\/span><\/b><span data-ccp-props=\"{&quot;134245418&quot;:true,&quot;134245529&quot;:true,&quot;335551550&quot;:2,&quot;335551620&quot;:2,&quot;335559738&quot;:240,&quot;335559739&quot;:0}\"> \u00ab\u00a0<\/span><\/p>\n<table style=\"border-collapse: collapse; width: 102.59%; height: 177px;\">\n<tbody>\n<tr style=\"height: 177px;\">\n<td style=\"width: 20%; height: 177px;\"><a href=\"http:\/\/lmc2.univ-lyon1.fr\/wp-content\/uploads\/2025\/05\/LMC2.jpg\"><img loading=\"lazy\" decoding=\"async\" class=\"alignnone size-medium wp-image-3203\" src=\"http:\/\/lmc2.univ-lyon1.fr\/wp-content\/uploads\/2025\/05\/LMC2-300x102.jpg\" alt=\"\" width=\"300\" height=\"102\" srcset=\"https:\/\/lmc2.univ-lyon1.fr\/wp-content\/uploads\/2025\/05\/LMC2-300x102.jpg 300w, https:\/\/lmc2.univ-lyon1.fr\/wp-content\/uploads\/2025\/05\/LMC2.jpg 384w\" sizes=\"auto, (max-width: 300px) 100vw, 300px\" \/><\/a><\/td>\n<td style=\"width: 20%; height: 177px;\"><a href=\"http:\/\/lmc2.univ-lyon1.fr\/wp-content\/uploads\/2025\/05\/tenerrdis.png\"><img loading=\"lazy\" decoding=\"async\" class=\"alignnone size-full wp-image-3218\" src=\"http:\/\/lmc2.univ-lyon1.fr\/wp-content\/uploads\/2025\/05\/tenerrdis.png\" alt=\"\" width=\"300\" height=\"85\"><\/a><\/td>\n<td style=\"width: 20%; height: 177px;\"><a href=\"http:\/\/lmc2.univ-lyon1.fr\/wp-content\/uploads\/2025\/05\/rosaz.png\"><img loading=\"lazy\" decoding=\"async\" class=\"alignnone size-medium wp-image-3217\" src=\"http:\/\/lmc2.univ-lyon1.fr\/wp-content\/uploads\/2025\/05\/rosaz-300x133.png\" alt=\"\" width=\"300\" height=\"133\" srcset=\"https:\/\/lmc2.univ-lyon1.fr\/wp-content\/uploads\/2025\/05\/rosaz-300x133.png 300w, https:\/\/lmc2.univ-lyon1.fr\/wp-content\/uploads\/2025\/05\/rosaz.png 335w\" sizes=\"auto, (max-width: 300px) 100vw, 300px\" \/><\/a><\/td>\n<td style=\"width: 20%; height: 177px;\"><a href=\"http:\/\/lmc2.univ-lyon1.fr\/wp-content\/uploads\/2025\/05\/R2i.png\"><img loading=\"lazy\" decoding=\"async\" class=\"alignnone size-medium wp-image-3216\" src=\"http:\/\/lmc2.univ-lyon1.fr\/wp-content\/uploads\/2025\/05\/R2i-300x197.png\" alt=\"\" width=\"300\" height=\"197\" srcset=\"https:\/\/lmc2.univ-lyon1.fr\/wp-content\/uploads\/2025\/05\/R2i-300x197.png 300w, https:\/\/lmc2.univ-lyon1.fr\/wp-content\/uploads\/2025\/05\/R2i.png 317w\" sizes=\"auto, (max-width: 300px) 100vw, 300px\" \/><\/a><\/td>\n<td style=\"width: 20%; height: 177px;\"><a href=\"http:\/\/lmc2.univ-lyon1.fr\/wp-content\/uploads\/2025\/05\/groupe-streiff.png\"><img loading=\"lazy\" decoding=\"async\" class=\"alignnone size-medium wp-image-3214\" src=\"http:\/\/lmc2.univ-lyon1.fr\/wp-content\/uploads\/2025\/05\/groupe-streiff-300x86.png\" alt=\"\" width=\"300\" height=\"86\" srcset=\"https:\/\/lmc2.univ-lyon1.fr\/wp-content\/uploads\/2025\/05\/groupe-streiff-300x86.png 300w, https:\/\/lmc2.univ-lyon1.fr\/wp-content\/uploads\/2025\/05\/groupe-streiff.png 633w\" sizes=\"auto, (max-width: 300px) 100vw, 300px\" \/><\/a><\/td>\n<\/tr>\n<\/tbody>\n<\/table>\n\n\n<h3><span style=\"color: #000000;\"><strong>B\u00e2timents technologiques performants, de type laboratoires et salles blanches, versatiles et \u00e0 co\u00fbt comp\u00e9titif<\/strong><\/span><\/h3>\n<p><strong>PROJET ACCOMPAGN\u00c9 PAR L\u2019ADEME DANS LE CADRE DU PROGRAMME \u00c9NERGIES D\u00c9CARBONN\u00c9S DES INVESTISSEMENTS D\u2019AVENIR<\/strong><\/p>\n<h4><span style=\"color: #ff9900;\"><strong>Objectifs\u00a0:<\/strong><\/span><\/h4>\n<ul>\n<li data-leveltext=\"\uf0b7\" data-font=\"Symbol\" data-listid=\"10\" data-list-defn-props=\"{&quot;335552541&quot;:1,&quot;335559685&quot;:720,&quot;335559991&quot;:360,&quot;469769226&quot;:&quot;Symbol&quot;,&quot;469769242&quot;:[8226],&quot;469777803&quot;:&quot;left&quot;,&quot;469777804&quot;:&quot;\uf0b7&quot;,&quot;469777815&quot;:&quot;hybridMultilevel&quot;}\" aria-setsize=\"-1\" data-aria-posinset=\"1\" data-aria-level=\"1\"><span data-contrast=\"auto\">D\u00e9velopper un nouveau mode de construction, d&rsquo;exploitation et de maintenance de b\u00e2timents \u00e0 destination des industries de haute technologie.\u00a0<\/span><span data-ccp-props=\"{&quot;134245418&quot;:true,&quot;134245529&quot;:true,&quot;335551550&quot;:6,&quot;335551620&quot;:6,&quot;335559738&quot;:40,&quot;335559739&quot;:0}\">\u00a0<\/span><\/li>\n<li data-leveltext=\"\uf0b7\" data-font=\"Symbol\" data-listid=\"10\" data-list-defn-props=\"{&quot;335552541&quot;:1,&quot;335559685&quot;:720,&quot;335559991&quot;:360,&quot;469769226&quot;:&quot;Symbol&quot;,&quot;469769242&quot;:[8226],&quot;469777803&quot;:&quot;left&quot;,&quot;469777804&quot;:&quot;\uf0b7&quot;,&quot;469777815&quot;:&quot;hybridMultilevel&quot;}\" aria-setsize=\"-1\" data-aria-posinset=\"1\" data-aria-level=\"1\"><span data-contrast=\"auto\">Proposer une solution adapt\u00e9e, \u00e9volutive, r\u00e9alisable dans un d\u00e9lai r\u00e9duit \u00e0 quelques semaines, tout en maitrisant les co\u00fbts et l&rsquo;impact.\u00a0<\/span><span data-ccp-props=\"{&quot;134245418&quot;:true,&quot;134245529&quot;:true,&quot;335551550&quot;:6,&quot;335551620&quot;:6,&quot;335559738&quot;:40,&quot;335559739&quot;:0}\">\u00a0<\/span><\/li>\n<li data-leveltext=\"\uf0b7\" data-font=\"Symbol\" data-listid=\"10\" data-list-defn-props=\"{&quot;335552541&quot;:1,&quot;335559685&quot;:720,&quot;335559991&quot;:360,&quot;469769226&quot;:&quot;Symbol&quot;,&quot;469769242&quot;:[8226],&quot;469777803&quot;:&quot;left&quot;,&quot;469777804&quot;:&quot;\uf0b7&quot;,&quot;469777815&quot;:&quot;hybridMultilevel&quot;}\" aria-setsize=\"-1\" data-aria-posinset=\"1\" data-aria-level=\"1\"><span data-contrast=\"auto\">\u00ab\u202fVersatilit\u00e9\u202f\u00bb\u202f: s\u2019adapter continuellement \u00e0 leurs usagers et aux \u00e9volutions technologiques, de sorte \u00e0 repousser leur obsolescence et \u00e0 augmenter leur dur\u00e9e de vie.\u202f<\/span><span data-ccp-props=\"{&quot;134245418&quot;:true,&quot;134245529&quot;:true,&quot;335551550&quot;:6,&quot;335551620&quot;:6,&quot;335559738&quot;:40,&quot;335559739&quot;:0}\">\u00a0<\/span><\/li>\n<li data-leveltext=\"\uf0b7\" data-font=\"Symbol\" data-listid=\"10\" data-list-defn-props=\"{&quot;335552541&quot;:1,&quot;335559685&quot;:720,&quot;335559991&quot;:360,&quot;469769226&quot;:&quot;Symbol&quot;,&quot;469769242&quot;:[8226],&quot;469777803&quot;:&quot;left&quot;,&quot;469777804&quot;:&quot;\uf0b7&quot;,&quot;469777815&quot;:&quot;hybridMultilevel&quot;}\" aria-setsize=\"-1\" data-aria-posinset=\"1\" data-aria-level=\"1\"><span data-contrast=\"auto\">\u00a0R\u00e9duire la consommation \u00e9nerg\u00e9tique et de raccourcir les d\u00e9lais de mise en \u0153uvre, tout en gardant un prix comp\u00e9titif<\/span><span data-ccp-props=\"{&quot;134245418&quot;:true,&quot;134245529&quot;:true,&quot;335551550&quot;:6,&quot;335551620&quot;:6,&quot;335559738&quot;:40,&quot;335559739&quot;:0}\">\u00a0<\/span><\/li>\n<li data-leveltext=\"\uf0b7\" data-font=\"Symbol\" data-listid=\"10\" data-list-defn-props=\"{&quot;335552541&quot;:1,&quot;335559685&quot;:720,&quot;335559991&quot;:360,&quot;469769226&quot;:&quot;Symbol&quot;,&quot;469769242&quot;:[8226],&quot;469777803&quot;:&quot;left&quot;,&quot;469777804&quot;:&quot;\uf0b7&quot;,&quot;469777815&quot;:&quot;hybridMultilevel&quot;}\" aria-setsize=\"-1\" data-aria-posinset=\"1\" data-aria-level=\"1\"><span data-contrast=\"auto\">Concentrer les fonctions technologiques dans des \u00e9l\u00e9ments interchangeables &#8211;\u00a0 PODES connect\u00e9s \u00e0 une structure -HUB\u00a0<\/span><span data-ccp-props=\"{}\">\u00a0<\/span><\/li>\n<li data-leveltext=\"\uf0b7\" data-font=\"Symbol\" data-listid=\"10\" data-list-defn-props=\"{&quot;335552541&quot;:1,&quot;335559685&quot;:720,&quot;335559991&quot;:360,&quot;469769226&quot;:&quot;Symbol&quot;,&quot;469769242&quot;:[8226],&quot;469777803&quot;:&quot;left&quot;,&quot;469777804&quot;:&quot;\uf0b7&quot;,&quot;469777815&quot;:&quot;hybridMultilevel&quot;}\" aria-setsize=\"-1\" data-aria-posinset=\"1\" data-aria-level=\"1\"><span data-contrast=\"auto\">R\u00e9duire de 80 % la consommation \u00e9nerg\u00e9tique en phase d\u2019exploitation<\/span><span data-ccp-props=\"{}\">\u00a0<\/span><\/li>\n<\/ul>\n<h4><span style=\"color: #ff9900;\"><strong>Porteur :<span style=\"font-size: 16px; color: #808080;\"> ER2i<\/span><\/strong><\/span><\/h4>\n<h4><span style=\"color: #ff9900;\"><strong>Autres partenaires :<span style=\"font-size: 16px; color: #808080;\">\u00a0<\/span><\/strong><\/span><span style=\"font-size: 16px; color: #808080;\">LMC2 \u2013 Universit\u00e9 Lyon 1 , Barel &amp; Pelletier , STREIFF , ROSAZ Energie<\/span><\/h4>\n<h4><span style=\"color: #ff9900;\"><strong>Projet MOOVABAT en chiffres :<\/strong><\/span><\/h4>\n<ul>\n<li>Dur\u00e9e : 42 mois<\/li>\n<li>Financement LMC2 : 592 k\u20ac<\/li>\n<\/ul>\n<h4><span style=\"color: #ff9900;\"><strong>Implication du laboratoire :<\/strong><\/span><\/h4>\n<p><span class=\"TextRun SCXW93074797 BCX0\" lang=\"FR-FR\" xml:lang=\"FR-FR\" data-contrast=\"auto\"><span class=\"NormalTextRun SCXW93074797 BCX0\">L<\/span><span class=\"NormalTextRun SCXW93074797 BCX0\">e LMC2 a <\/span><span class=\"NormalTextRun AdvancedProofingIssueV2Themed SCXW93074797 BCX0\">\u00e9t\u00e9 en charge<\/span><span class=\"NormalTextRun SCXW93074797 BCX0\"> du d\u00e9veloppement et de la conception de structures modulaires l\u00e9g\u00e8res et performantes du point de vie m\u00e9canique et \u00e9nerg\u00e9tique<\/span><span class=\"NormalTextRun SCXW93074797 BCX0\"> (<\/span><span class=\"NormalTextRun SCXW93074797 BCX0\">d\u00e9veloppement du PODE en mat\u00e9riaux composites<\/span><span class=\"NormalTextRun SCXW93074797 BCX0\"> et du syst\u00e8me de mise en place dans le HUB)<\/span><\/span><span class=\"EOP SCXW93074797 BCX0\" data-ccp-props=\"{}\"> .<\/span><\/p>\n<h4><span style=\"color: #ff9900;\"><strong>Chercheurs concern\u00e9s :\u00a0<\/strong><\/span><span style=\"font-size: 16px; color: #808080;\">Emmanuel Ferrier (PR), Laurent Michel (MCF)<\/span><\/h4>\n<h4><span style=\"color: #ff9900;\"><strong>R\u00e9sultats:\u00a0<\/strong><\/span><\/h4>\n<ul>\n<li data-leveltext=\"\uf0b7\" data-font=\"Symbol\" data-listid=\"11\" data-list-defn-props=\"{&quot;335552541&quot;:1,&quot;335559685&quot;:720,&quot;335559991&quot;:360,&quot;469769226&quot;:&quot;Symbol&quot;,&quot;469769242&quot;:[8226],&quot;469777803&quot;:&quot;left&quot;,&quot;469777804&quot;:&quot;\uf0b7&quot;,&quot;469777815&quot;:&quot;hybridMultilevel&quot;}\" aria-setsize=\"-1\" data-aria-posinset=\"1\" data-aria-level=\"1\"><span data-contrast=\"auto\">Choix d\u2019une solution tout composite<\/span><span data-ccp-props=\"{}\">\u00a0<\/span><\/li>\n<li data-leveltext=\"\uf0b7\" data-font=\"Symbol\" data-listid=\"11\" data-list-defn-props=\"{&quot;335552541&quot;:1,&quot;335559685&quot;:720,&quot;335559991&quot;:360,&quot;469769226&quot;:&quot;Symbol&quot;,&quot;469769242&quot;:[8226],&quot;469777803&quot;:&quot;left&quot;,&quot;469777804&quot;:&quot;\uf0b7&quot;,&quot;469777815&quot;:&quot;hybridMultilevel&quot;}\" aria-setsize=\"-1\" data-aria-posinset=\"1\" data-aria-level=\"1\"><span data-contrast=\"auto\">L\u2019utilisation structurelle des mat\u00e9riaux plastiques renforc\u00e9s de fibre (FRP)<\/span><span data-ccp-props=\"{}\">\u00a0<\/span><\/li>\n<li data-leveltext=\"\uf0b7\" data-font=\"Symbol\" data-listid=\"11\" data-list-defn-props=\"{&quot;335552541&quot;:1,&quot;335559685&quot;:720,&quot;335559991&quot;:360,&quot;469769226&quot;:&quot;Symbol&quot;,&quot;469769242&quot;:[8226],&quot;469777803&quot;:&quot;left&quot;,&quot;469777804&quot;:&quot;\uf0b7&quot;,&quot;469777815&quot;:&quot;hybridMultilevel&quot;}\" aria-setsize=\"-1\" data-aria-posinset=\"1\" data-aria-level=\"1\"><span data-contrast=\"auto\">Solution propos\u00e9e pour le cadre de la structure des modules\u202f: poutres de section rectangulaire, constitu\u00e9es de profil\u00e9s en U assembl\u00e9s par collage avec des plats de faibles \u00e9paisseurs<\/span><span data-ccp-props=\"{}\">\u00a0<\/span><\/li>\n<li data-leveltext=\"\uf0b7\" data-font=\"Symbol\" data-listid=\"11\" data-list-defn-props=\"{&quot;335552541&quot;:1,&quot;335559685&quot;:720,&quot;335559991&quot;:360,&quot;469769226&quot;:&quot;Symbol&quot;,&quot;469769242&quot;:[8226],&quot;469777803&quot;:&quot;left&quot;,&quot;469777804&quot;:&quot;\uf0b7&quot;,&quot;469777815&quot;:&quot;hybridMultilevel&quot;}\" aria-setsize=\"-1\" data-aria-posinset=\"1\" data-aria-level=\"1\"><span data-contrast=\"auto\">Assemblage \u00e0 l\u2019aide de connecteurs m\u00e9talliques et par boulonnage des diff\u00e9rents \u00e9l\u00e9ments structurels du module<\/span><span data-ccp-props=\"{}\">\u00a0<\/span><\/li>\n<\/ul>\n<p>\u00a0<\/p>\n<table style=\"border-collapse: collapse; width: 100%;\">\n<tbody>\n<tr>\n<td style=\"width: 23.587%;\">\u00a0<\/td>\n<td style=\"width: 29.1304%; text-align: center;\"><a href=\"http:\/\/lmc2.univ-lyon1.fr\/wp-content\/uploads\/2025\/05\/vue-a.png\"><img loading=\"lazy\" decoding=\"async\" class=\"alignnone size-medium wp-image-3318\" src=\"http:\/\/lmc2.univ-lyon1.fr\/wp-content\/uploads\/2025\/05\/vue-a-300x208.png\" alt=\"\" width=\"300\" height=\"208\" srcset=\"https:\/\/lmc2.univ-lyon1.fr\/wp-content\/uploads\/2025\/05\/vue-a-300x208.png 300w, https:\/\/lmc2.univ-lyon1.fr\/wp-content\/uploads\/2025\/05\/vue-a.png 687w\" sizes=\"auto, (max-width: 300px) 100vw, 300px\" \/><\/a><\/td>\n<td style=\"width: 24.1304%; text-align: center;\"><a href=\"http:\/\/lmc2.univ-lyon1.fr\/wp-content\/uploads\/2025\/05\/vue-b.png\"><img loading=\"lazy\" decoding=\"async\" class=\"alignnone size-medium wp-image-3319\" src=\"http:\/\/lmc2.univ-lyon1.fr\/wp-content\/uploads\/2025\/05\/vue-b-300x199.png\" alt=\"\" width=\"300\" height=\"199\" srcset=\"https:\/\/lmc2.univ-lyon1.fr\/wp-content\/uploads\/2025\/05\/vue-b-300x199.png 300w, https:\/\/lmc2.univ-lyon1.fr\/wp-content\/uploads\/2025\/05\/vue-b.png 717w\" sizes=\"auto, (max-width: 300px) 100vw, 300px\" \/><\/a><\/td>\n<td style=\"width: 23.1522%;\">\u00a0<\/td>\n<\/tr>\n<tr>\n<td style=\"width: 23.587%;\">\u00a0<\/td>\n<td style=\"width: 29.1304%; text-align: center;\">Vue du d\u00e9monstrateur du projet<\/td>\n<td style=\"width: 24.1304%; text-align: center;\">Syst\u00e8me constructif<\/td>\n<td style=\"width: 23.1522%;\">\u00a0<\/td>\n<\/tr>\n<\/tbody>\n<\/table>\n<p>\u00a0<\/p>\n<p>\u00a0<\/p>\n<div class=\"logo-container\" style=\"text-align: center;\"><a href=\"http:\/\/lmc2.univ-lyon1.fr\/wp-content\/uploads\/2025\/05\/systeme-constructif-scaled.png\"><img loading=\"lazy\" decoding=\"async\" class=\"alignnone  wp-image-3219\" src=\"http:\/\/lmc2.univ-lyon1.fr\/wp-content\/uploads\/2025\/05\/systeme-constructif-300x128.png\" alt=\"\" width=\"396\" height=\"169\" srcset=\"https:\/\/lmc2.univ-lyon1.fr\/wp-content\/uploads\/2025\/05\/systeme-constructif-300x128.png 300w, https:\/\/lmc2.univ-lyon1.fr\/wp-content\/uploads\/2025\/05\/systeme-constructif-1024x436.png 1024w, https:\/\/lmc2.univ-lyon1.fr\/wp-content\/uploads\/2025\/05\/systeme-constructif-768x327.png 768w, https:\/\/lmc2.univ-lyon1.fr\/wp-content\/uploads\/2025\/05\/systeme-constructif-1536x654.png 1536w, https:\/\/lmc2.univ-lyon1.fr\/wp-content\/uploads\/2025\/05\/systeme-constructif-2048x872.png 2048w\" sizes=\"auto, (max-width: 396px) 100vw, 396px\" \/><\/a><\/div>\n<div class=\"logo-container\" style=\"text-align: center;\"><i style=\"color: #777777; font-size: revert;\"><span data-contrast=\"none\">1) connecteur m\u00e9tallique ; 2) cadre structurel en FRP, 3) WallE+<\/span><\/i><\/div>\n<div>\n<p style=\"text-align: center;\">Principales vue du HUB et du PODE du projet Moovabat<\/p>\n<\/div>\n\n\n<h4><span style=\"color: #ff9900;\"><strong>Publications :<span style=\"font-size: 16px; color: #808080;\">&nbsp;<span class=\"NormalTextRun SCXW246193060 BCX0\">Ferrara, G., <\/span><span class=\"NormalTextRun SCXW246193060 BCX0\">Helson<\/span><span class=\"NormalTextRun SCXW246193060 BCX0\">, O., Michel, L., Ferrier, E<\/span><span class=\"NormalTextRun SCXW246193060 BCX0\">, <\/span><span class=\"NormalTextRun SCXW246193060 BCX0\">Mechanical <\/span><span class=\"NormalTextRun SpellingErrorV2Themed SCXW246193060 BCX0\">Characterisation<\/span><span class=\"NormalTextRun SCXW246193060 BCX0\"> of GFRP Frame and Beam-to-Column Joints Including Steel Plate Fastened Connections<\/span><span class=\"NormalTextRun SCXW246193060 BCX0\">, <\/span><span class=\"NormalTextRun SCXW246193060 BCX0\">Materials<\/span> <span class=\"NormalTextRun SCXW246193060 BCX0\">Open Access<\/span> <span class=\"NormalTextRun SCXW246193060 BCX0\">Volume 15, Issue 23<\/span><span class=\"NormalTextRun SCXW246193060 BCX0\">, <\/span><span class=\"NormalTextRun SCXW246193060 BCX0\">December 2022<\/span><span class=\"NormalTextRun SCXW246193060 BCX0\">,<\/span><span class=\"NormalTextRun SCXW246193060 BCX0\"> Article number 828<\/span><span class=\"NormalTextRun SCXW246193060 BCX0\">2<\/span><\/span><\/strong><\/span><\/h4>\n<p>&nbsp;<\/p>\n\n\n","protected":false},"excerpt":{"rendered":"<p>\u00a0\u00bb b\u00e2timent modulaire : Nouveau mode de construction, d&rsquo;exploitation et de maintenance des b\u00e2timents \u00ab\u00a0 [&hellip;]<\/p>\n","protected":false},"author":1,"featured_media":0,"parent":0,"menu_order":0,"comment_status":"closed","ping_status":"closed","template":"","meta":{"footnotes":""},"class_list":["post-2100","page","type-page","status-publish","hentry"],"_links":{"self":[{"href":"https:\/\/lmc2.univ-lyon1.fr\/index.php?rest_route=\/wp\/v2\/pages\/2100","targetHints":{"allow":["GET"]}}],"collection":[{"href":"https:\/\/lmc2.univ-lyon1.fr\/index.php?rest_route=\/wp\/v2\/pages"}],"about":[{"href":"https:\/\/lmc2.univ-lyon1.fr\/index.php?rest_route=\/wp\/v2\/types\/page"}],"author":[{"embeddable":true,"href":"https:\/\/lmc2.univ-lyon1.fr\/index.php?rest_route=\/wp\/v2\/users\/1"}],"replies":[{"embeddable":true,"href":"https:\/\/lmc2.univ-lyon1.fr\/index.php?rest_route=%2Fwp%2Fv2%2Fcomments&post=2100"}],"version-history":[{"count":10,"href":"https:\/\/lmc2.univ-lyon1.fr\/index.php?rest_route=\/wp\/v2\/pages\/2100\/revisions"}],"predecessor-version":[{"id":3347,"href":"https:\/\/lmc2.univ-lyon1.fr\/index.php?rest_route=\/wp\/v2\/pages\/2100\/revisions\/3347"}],"wp:attachment":[{"href":"https:\/\/lmc2.univ-lyon1.fr\/index.php?rest_route=%2Fwp%2Fv2%2Fmedia&parent=2100"}],"curies":[{"name":"wp","href":"https:\/\/api.w.org\/{rel}","templated":true}]}}