{"id":215,"date":"2014-03-26T14:50:33","date_gmt":"2014-03-26T13:50:33","guid":{"rendered":"https:\/\/lgciesitebohr.olympe.in\/wordpress\/?page_id=215"},"modified":"2021-11-09T08:41:45","modified_gmt":"2021-11-09T07:41:45","slug":"michel-laurent","status":"publish","type":"page","link":"https:\/\/lmc2.univ-lyon1.fr\/?page_id=215","title":{"rendered":"MICHEL LAURENT"},"content":{"rendered":"<p><img loading=\"lazy\" decoding=\"async\" class=\"aligncenter wp-image-964 size-medium\" src=\"http:\/\/lmc2.univ-lyon1.fr\/wp-content\/uploads\/2014\/03\/Laurent-233x300.jpg\" alt=\"\" width=\"233\" height=\"300\" srcset=\"https:\/\/lmc2.univ-lyon1.fr\/wp-content\/uploads\/2014\/03\/Laurent-233x300.jpg 233w, https:\/\/lmc2.univ-lyon1.fr\/wp-content\/uploads\/2014\/03\/Laurent.jpg 669w\" sizes=\"auto, (max-width: 233px) 100vw, 233px\" \/><\/p>\n<p><strong><em>Mes activit\u00e9s de recherche<\/em><\/strong><\/p>\n<p style=\"text-align: justify;\">Mes activit\u00e9s d\u2019encadrement et co-encadrement de chercheurs s\u2019inscrivent sur les th\u00e8mes du d\u00e9veloppement de mat\u00e9riaux composites innovants et de l\u2019ing\u00e9nierie performantielle des structures composites respectant des cahiers des charges multi-crit\u00e8res (performance, s\u00e9curit\u00e9, durabilit\u00e9 et de d\u00e9veloppement durable).<\/p>\n<p style=\"text-align: justify;\">L\u2019objectif principal est de d\u00e9velopper des recherches visant \u00e0 renforcer, r\u00e9parer, prot\u00e9ger les ouvrages.<\/p>\n<p style=\"text-align: justify;\">Pour atteindre ces objectifs et mieux interpr\u00e9ter les comportements en rigidit\u00e9 et les m\u00e9canismes de ruine des structures renforc\u00e9es, j\u2019ai \u00e9t\u00e9 conduit \u00e0 poursuivre le d\u00e9veloppement d\u2019actions de recherche concernant les mat\u00e9riaux de renforcement composites et leur application sur le support en b\u00e9ton. La deuxi\u00e8me voie de travail consiste \u00e0 proposer des m\u00e9thodes constructives d\u2019un syst\u00e8me global ou des \u00e9l\u00e9ments ind\u00e9pendants permettant une optimisation rationnelle des mat\u00e9riaux de construction. Cette d\u00e9marche consiste \u00e0 r\u00e9aliser des ouvrages multi-mat\u00e9riaux o\u00f9 seules les performances \u00ab utiles \u00bb sont utilis\u00e9es.<\/p>\n<p style=\"text-align: justify;\"><a href=\"http:\/\/lmc2.univ-lyon1.fr\/wp-content\/uploads\/2019\/07\/Liste_Michel_L.htm\">Liste des publications<\/a><\/p>\n<p><strong><em>Mes activit\u00e9s d\u2019enseignement<\/em><\/strong><\/p>\n<p style=\"text-align: justify;\">J\u2019enseigne essentiellement dans le domaine des Structures (Construction M\u00e9tallique, B\u00e9ton Arm\u00e9, Bois, Actions sur les structures ou encore mod\u00e9lisation de structure). J\u2019assure notamment la responsabilit\u00e9 des modules \u00ab\u00a0Construction M\u00e9tallique\u00a0\u00bb et \u00ab\u00a0Mod\u00e9lisation de structure\u00a0\u00bb. Mon enseignement s\u2019effectue au d\u00e9partement G\u00e9nie Civil de l\u2019IUT de Lyon et au sein du Master Ing\u00e9nierie de la construction durable de l\u2019universit\u00e9 Lyon1.<\/p>\n<p><strong><em>Responsabilit\u00e9s collectives <\/em><\/strong><\/p>\n<ul>\n<li>Directeur des \u00c9tudes responsable des emplois du temps pour le d\u00e9partement G\u00e9nie Civil.<\/li>\n<li>Membre \u00e9lu au comit\u00e9 de sp\u00e9cialistes de m\u00e9canique 60<sup>\u00e8me<\/sup> section de l\u2019Universit\u00e9 Lyon 1.<\/li>\n<li>Membre \u00e9lu au Conseil Scientifique et Technique de l\u2019IUT Lyon 1.<\/li>\n<li>Secr\u00e9taire technique et administratif du groupe de travail AFGC sur la th\u00e9matique \u00ab\u00a0renforcement parasismique de structures en b\u00e9ton arm\u00e9s par mat\u00e9riaux composites\u00a0\u00bb<\/li>\n<\/ul>\n<p><em><strong>Mail :<\/strong><\/em> <a href=\"mailto:laurent.michel@univ-lyon1.fr\">Laurent.michel@univ-lyon1.fr<\/a><\/p>\n","protected":false},"excerpt":{"rendered":"<p>Mes activit\u00e9s de recherche Mes activit\u00e9s d\u2019encadrement et co-encadrement de chercheurs s\u2019inscrivent sur les th\u00e8mes [&hellip;]<\/p>\n","protected":false},"author":1,"featured_media":0,"parent":0,"menu_order":0,"comment_status":"closed","ping_status":"open","template":"","meta":{"footnotes":""},"class_list":["post-215","page","type-page","status-publish","hentry"],"_links":{"self":[{"href":"https:\/\/lmc2.univ-lyon1.fr\/index.php?rest_route=\/wp\/v2\/pages\/215","targetHints":{"allow":["GET"]}}],"collection":[{"href":"https:\/\/lmc2.univ-lyon1.fr\/index.php?rest_route=\/wp\/v2\/pages"}],"about":[{"href":"https:\/\/lmc2.univ-lyon1.fr\/index.php?rest_route=\/wp\/v2\/types\/page"}],"author":[{"embeddable":true,"href":"https:\/\/lmc2.univ-lyon1.fr\/index.php?rest_route=\/wp\/v2\/users\/1"}],"replies":[{"embeddable":true,"href":"https:\/\/lmc2.univ-lyon1.fr\/index.php?rest_route=%2Fwp%2Fv2%2Fcomments&post=215"}],"version-history":[{"count":14,"href":"https:\/\/lmc2.univ-lyon1.fr\/index.php?rest_route=\/wp\/v2\/pages\/215\/revisions"}],"predecessor-version":[{"id":2503,"href":"https:\/\/lmc2.univ-lyon1.fr\/index.php?rest_route=\/wp\/v2\/pages\/215\/revisions\/2503"}],"wp:attachment":[{"href":"https:\/\/lmc2.univ-lyon1.fr\/index.php?rest_route=%2Fwp%2Fv2%2Fmedia&parent=215"}],"curies":[{"name":"wp","href":"https:\/\/api.w.org\/{rel}","templated":true}]}}