{"id":219,"date":"2014-03-26T14:51:44","date_gmt":"2014-03-26T13:51:44","guid":{"rendered":"https:\/\/lgciesitebohr.olympe.in\/wordpress\/?page_id=219"},"modified":"2021-11-09T08:44:26","modified_gmt":"2021-11-09T07:44:26","slug":"reboul-nadege","status":"publish","type":"page","link":"https:\/\/lmc2.univ-lyon1.fr\/?page_id=219","title":{"rendered":"REBOUL NADEGE"},"content":{"rendered":"<p><img loading=\"lazy\" decoding=\"async\" class=\"aligncenter size-full wp-image-151\" src=\"http:\/\/lmc2.univ-lyon1.fr\/wp-content\/uploads\/2014\/03\/image405.jpg\" alt=\"image405\" width=\"83\" height=\"97\" \/><\/p>\n<p><em><strong>Mes activit\u00e9s de recherche<\/strong><\/em><\/p>\n<p style=\"text-align: justify;\">Mes travaux de th\u00e8se, ont port\u00e9 sur le transport des particules fines dans les milieux granulaires, sous l\u2019effet d\u2019un \u00e9coulement fluide. La sp\u00e9cificit\u00e9 de mes travaux est qu\u2019ils accordent une importance particuli\u00e8re \u00e0 la microstructure de l\u2019espace poral o\u00f9 s\u2019effectue la migration des particules solides. J\u2019ai en effet propos\u00e9 une mod\u00e9lisation coupl\u00e9e du transport de particules et de l\u2019\u00e9coulement qui int\u00e8gre une variable caract\u00e9ristique des aspects microstructurels de l\u2019espace poral.<\/p>\n<p style=\"text-align: justify;\">Ces recherches sur les \u00e9coulements en milieux h\u00e9t\u00e9rog\u00e8nes me permettent de m\u2019impliquer sur deux th\u00e9matiques du LGCIE\u00a0: la mise en \u0153uvre des mat\u00e9riaux composites et les m\u00e9canismes de vieillissement des composites en milieu humide. Plus sp\u00e9cifiquement, ma recherche porte sur l\u2019\u00e9tude du comportement rh\u00e9ologique des r\u00e9sines lors de la mise en \u0153uvre des composites et l\u2019impr\u00e9gnation des fibres lors de l\u2019injection de la r\u00e9sine.<\/p>\n<p style=\"text-align: justify;\">L\u2019objectif est de comprendre l\u2019apparition des d\u00e9fauts de porosit\u00e9 pour pouvoir les limiter et ainsi augmenter la durabilit\u00e9 des composites \u00e9labor\u00e9s.<\/p>\n<p style=\"text-align: justify;\"><a href=\"http:\/\/lmc2.univ-lyon1.fr\/wp-content\/uploads\/2019\/07\/Liste_Reboul.htm\" target=\"_blank\" rel=\"noopener noreferrer\">Liste des publications<\/a><\/p>\n<p><strong><em>Mes activit\u00e9s d\u2019enseignement<\/em><\/strong><\/p>\n<p>Mes activit\u00e9s d\u2019enseignement portent sur les mat\u00e9riaux granulaires et la g\u00e9otechnique.<\/p>\n<ul>\n<li style=\"text-align: justify;\"><b>Mat\u00e9riaux Granulaires <\/b>: (semestre 1 IUT). Les TD permettent aux \u00e9tudiants de se familiariser avec les principales propri\u00e9t\u00e9s physiques des sols et des granulats. Durant les TP, les \u00e9tudiants doivent d\u2019une part, d\u00e9finir eux-m\u00eames et conduire le programme d\u2019essais qui leur permettra de classer un sol selon la classification du GTR, et d\u2019autre part, caract\u00e9riser des granulats (gravillons et sables) afin de d\u00e9terminer leur aptitude pour une utilisation sp\u00e9cifique.<\/li>\n<\/ul>\n<ul>\n<li style=\"text-align: justify;\"><b>G\u00e9otechnique<\/b> : (semestre 3 IUT). Transmission des notions fondamentales de la m\u00e9caniques des sols (m\u00e9thodes de reconnaissance des sols, hydraulique, calcul des contraintes ou encore comportements rh\u00e9ologiques telles que compressibilit\u00e9 ou consolidation des sols fins par exemple).<\/li>\n<\/ul>\n<p><em><strong>Mail :<\/strong><\/em><a href=\"mailto:nadege.reboul@univ-lyon1.fr\"> Nadege.reboul@univ-lyon1.fr<\/a><\/p>\n","protected":false},"excerpt":{"rendered":"<p>Mes activit\u00e9s de recherche Mes travaux de th\u00e8se, ont port\u00e9 sur le transport des particules [&hellip;]<\/p>\n","protected":false},"author":1,"featured_media":0,"parent":0,"menu_order":0,"comment_status":"closed","ping_status":"open","template":"","meta":{"footnotes":""},"class_list":["post-219","page","type-page","status-publish","hentry"],"_links":{"self":[{"href":"https:\/\/lmc2.univ-lyon1.fr\/index.php?rest_route=\/wp\/v2\/pages\/219","targetHints":{"allow":["GET"]}}],"collection":[{"href":"https:\/\/lmc2.univ-lyon1.fr\/index.php?rest_route=\/wp\/v2\/pages"}],"about":[{"href":"https:\/\/lmc2.univ-lyon1.fr\/index.php?rest_route=\/wp\/v2\/types\/page"}],"author":[{"embeddable":true,"href":"https:\/\/lmc2.univ-lyon1.fr\/index.php?rest_route=\/wp\/v2\/users\/1"}],"replies":[{"embeddable":true,"href":"https:\/\/lmc2.univ-lyon1.fr\/index.php?rest_route=%2Fwp%2Fv2%2Fcomments&post=219"}],"version-history":[{"count":13,"href":"https:\/\/lmc2.univ-lyon1.fr\/index.php?rest_route=\/wp\/v2\/pages\/219\/revisions"}],"predecessor-version":[{"id":2507,"href":"https:\/\/lmc2.univ-lyon1.fr\/index.php?rest_route=\/wp\/v2\/pages\/219\/revisions\/2507"}],"wp:attachment":[{"href":"https:\/\/lmc2.univ-lyon1.fr\/index.php?rest_route=%2Fwp%2Fv2%2Fmedia&parent=219"}],"curies":[{"name":"wp","href":"https:\/\/api.w.org\/{rel}","templated":true}]}}