{"id":2275,"date":"2019-06-06T13:11:55","date_gmt":"2019-06-06T12:11:55","guid":{"rendered":"http:\/\/lmc2.univ-lyon1.fr\/?page_id=2275"},"modified":"2019-06-07T09:27:50","modified_gmt":"2019-06-07T08:27:50","slug":"zaydan-mirna","status":"publish","type":"page","link":"https:\/\/lmc2.univ-lyon1.fr\/?page_id=2275","title":{"rendered":"ZAYDAN Mirna"},"content":{"rendered":"<p><img loading=\"lazy\" decoding=\"async\" class=\"aligncenter wp-image-2285 size-thumbnail\" src=\"http:\/\/lmc2.univ-lyon1.fr\/wp-content\/uploads\/2019\/06\/Photo-Mirna-150x150.jpg\" alt=\"\" width=\"150\" height=\"150\" \/><\/p>\n<p><strong>Sujet de Doctorat<br \/>\n<\/strong><\/p>\n<h4><em><strong>Durabilit\u00e9 des composites \u00e0 matrice min\u00e9rale et fibres naturelles (TRM)<\/strong><\/em><\/h4>\n<p><strong>R\u00e9sum\u00e9<\/strong><\/p>\n<p style=\"text-align: justify;\">La r\u00e9habilitation des b\u00e2timents historiques, la r\u00e9paration et le renforcement de structures en b\u00e9ton n\u00e9cessitent des solutions techniques compatibles avec les structures et les mat\u00e9riaux de construction existants. L\u2019application en surface de composites \u00e0 matrice min\u00e9rale (TRM &#8211; Textile Reinforced Mortar) pour le renforcement des \u00e9l\u00e9ments structuraux est une technique adapt\u00e9e parmi les plus innovantes. Ce type de composite est constitu\u00e9 d\u2019une grille textile (en fibres de carbone, verre, aramide, PBO, lin, basalte\u2026) noy\u00e9e dans une matrice min\u00e9rale (\u00e0 base de ciment, de chaux\u2026).<\/p>\n<p style=\"text-align: justify;\">La communaut\u00e9 scientifique travaille actuellement \u00e0 la caract\u00e9risation de diff\u00e9rents types de TRM et d\u00e9finit des protocoles d\u2019essais les plus adapt\u00e9s pour l\u2019identification des propri\u00e9t\u00e9s m\u00e9caniques \u00e0 court terme de ces syst\u00e8mes renforc\u00e9s. Depuis une dizaine d\u2019ann\u00e9es, le laboratoire LMC\u00b2 participe activement \u00e0 cette phase d\u2019investigation et d\u2019\u00e9changes avec les autres groupes de recherche notamment en \u00e9tant membre du comit\u00e9 RILEM TC 250 CSM (Composites for the Sustainable strengthening of Masonry). Afin d\u2019\u00e9valuer la performance du syst\u00e8me de renforcement TRM, il est n\u00e9cessaire de caract\u00e9riser les performances m\u00e9caniques intrins\u00e8ques de ces syst\u00e8mes et leur adh\u00e9rence au support. Les essais de traction sur TRM montrent que ce type de composite est caract\u00e9ris\u00e9 par un comportement tri-phasique, chaque phase \u00e9tant pilot\u00e9e par un \u00e9l\u00e9ment du composite : la premi\u00e8re phase est \u00e9lastique (un-cracked phase) dict\u00e9e par la matrice, la deuxi\u00e8me phase est caract\u00e9ris\u00e9e par l\u2019ouverture progressive de fissures dans la matrice (cracking-phase), la troisi\u00e8me phase concerne principalement la mise en traction du textile (cracked phase) et l\u2019\u00e9largissement des fissures. Les essais d\u2019adh\u00e9rence entre substrat (ma\u00e7onnerie ou b\u00e9ton) et TRM montrent un mode de fracture du syst\u00e8me renforc\u00e9 fr\u00e9quemment li\u00e9 au glissement du textile dans la matrice.<\/p>\n<p style=\"text-align: justify;\">Tr\u00e8s peu de recherches traitent le comportement \u00e0 long terme, notamment du vieillissement. De r\u00e9centes \u00e9tudes montrent que les textiles en basalte soumis \u00e0 des environnements alcalins (solution 0.16% Ca(OH)<sub>2<\/sub> + 1% NaOH + 1.4% KOH repr\u00e9sentant une solution interstitielle de mortier \u00e0 base de ciment Portland de pH 13) peuvent subir une perte de r\u00e9sistance m\u00e9canique d\u2019environ 50%. En effet, la pr\u00e9sence d\u2019ions OH- dans la matrice peut causer la corrosion des fibres. En outre la pr\u00e9cipitation de certains produits d\u2019hydratation, en particulier la portlandite Ca(OH)<sub>2<\/sub>, peut anticiper la ruine du composite en modifiant l\u2019interface textile-mortier.<\/p>\n<p style=\"text-align: justify;\">Afin de r\u00e9aliser des interventions de r\u00e9habilitation ou de r\u00e9paration \u00e9co-durables, les travaux de cette th\u00e8se porteront sur la durabilit\u00e9 des TRM constitu\u00e9s de textiles \u00e0 fibres naturelles (basalte, chanvre et lin) et \u00e0 matrice min\u00e9rale (liants hydrauliques traditionnels tels que CEM I ou NHL ou matrice min\u00e9rale \u00e0 liant ettringitique).<\/p>\n<p style=\"text-align: justify;\">Les textiles en fibres de lin et de basalte seront soumis \u00e0 diff\u00e9rents environnements alcalins puis caract\u00e9ris\u00e9s m\u00e9caniquement. Nous effectuerons l\u2019analyse de la durabilit\u00e9 sur composites par le biais des essais sur composite d\u00e9finis pr\u00e9c\u00e9demment. L\u2019utilisation d\u2019une technique optique non interf\u00e9rom\u00e9trique de corr\u00e9lation d\u2019images permettra de d\u00e9terminer la d\u00e9formation de surface. Des analyses compl\u00e9mentaires seront r\u00e9alis\u00e9es pour caract\u00e9riser l\u2019interface fibres-matrice (tomographie \u00e0 rayons X\u2026). Nous d\u00e9finirons le protocole de vieillissement acc\u00e9l\u00e9r\u00e9 le plus repr\u00e9sentatif d\u2019un vieillissement naturel. Le syst\u00e8me complet renforc\u00e9 fera \u00e9galement l\u2019objet d\u2019essais.<\/p>\n<p style=\"text-align: justify;\">Au cours de cette th\u00e8se, nous souhaitons lever un certain nombre de <strong>verrous scientifiques <\/strong>li\u00e9s \u00e0 l\u2019utilisation de ces mat\u00e9riaux innovants :<\/p>\n<ul>\n<li style=\"text-align: justify;\">par une \u00e9tude mat\u00e9riaux pour une <strong>optimisation de la formulation des TRM <\/strong><\/li>\n<li style=\"text-align: justify;\">par une <strong>analyse de l\u2019endommagement des mat\u00e9riaux composites <\/strong>en fonction des matrices et des fibres soumis \u00e0 un vieillissement<\/li>\n<li style=\"text-align: justify;\">par une <strong>analyse de l\u2019\u00e9volution des performances m\u00e9caniques du syst\u00e8me renforc\u00e9 apr\u00e8s vieillissement<\/strong><\/li>\n<li style=\"text-align: justify;\">par une validation des variables \u00e0 prendre en compte dans la formulation fiabiliste des lois de comportement d\u2019un mat\u00e9riau de r\u00e9paration, par une analyse des m\u00e9canismes d\u2019endommagement en fonction du temps et par l\u2019<strong>estimation des dur\u00e9es de vie <\/strong>par la m\u00e9thode probabiliste. Un des buts de cette th\u00e8se est en effet la <strong>d\u00e9termination des indicateurs de durabilit\u00e9 <\/strong>permettant d\u2019\u00e9valuer l\u2019endommagement des composites min\u00e9rales \u00e0 base de fibre de basalte, chanvre ou lin et d\u2019<strong>identifier les diff\u00e9rents m\u00e9canismes de d\u00e9gradation <\/strong>de l\u2019assemblage coll\u00e9. Un mod\u00e8le de d\u00e9gradation ayant pour but d\u2019\u00e9tablir les lois statistiques de dur\u00e9e de vie des ouvrages r\u00e9par\u00e9s par mat\u00e9riaux composites coll\u00e9s est actuellement d\u00e9velopp\u00e9 au LARIS (Universit\u00e9 d\u2019Angers) sur des essais effectu\u00e9s au LMC<sup>2<\/sup> et les essais r\u00e9alis\u00e9s dans le cadre de cette th\u00e8se pourront permettre d\u2019enrichir ce mod\u00e8le.<\/li>\n<\/ul>\n<p>&nbsp;<\/p>\n<p><strong>Encadrants<\/strong><\/p>\n<ul>\n<li>Laurence CURTIL<\/li>\n<li>Carmelo CAGGEGI<\/li>\n<li>Marie MICHEL<\/li>\n<\/ul>\n<p><strong>D\u00e9but et fin de th\u00e8se<br \/>\n<\/strong><\/p>\n<p>01\/10\/2018 \u2013 30\/09\/2021<\/p>\n<p>&nbsp;<\/p>\n<p>&nbsp;<\/p>\n","protected":false},"excerpt":{"rendered":"<p>Sujet de Doctorat Durabilit\u00e9 des composites \u00e0 matrice min\u00e9rale et fibres naturelles (TRM) R\u00e9sum\u00e9 La [&hellip;]<\/p>\n","protected":false},"author":1,"featured_media":0,"parent":0,"menu_order":0,"comment_status":"closed","ping_status":"closed","template":"","meta":{"footnotes":""},"class_list":["post-2275","page","type-page","status-publish","hentry"],"_links":{"self":[{"href":"https:\/\/lmc2.univ-lyon1.fr\/index.php?rest_route=\/wp\/v2\/pages\/2275","targetHints":{"allow":["GET"]}}],"collection":[{"href":"https:\/\/lmc2.univ-lyon1.fr\/index.php?rest_route=\/wp\/v2\/pages"}],"about":[{"href":"https:\/\/lmc2.univ-lyon1.fr\/index.php?rest_route=\/wp\/v2\/types\/page"}],"author":[{"embeddable":true,"href":"https:\/\/lmc2.univ-lyon1.fr\/index.php?rest_route=\/wp\/v2\/users\/1"}],"replies":[{"embeddable":true,"href":"https:\/\/lmc2.univ-lyon1.fr\/index.php?rest_route=%2Fwp%2Fv2%2Fcomments&post=2275"}],"version-history":[{"count":2,"href":"https:\/\/lmc2.univ-lyon1.fr\/index.php?rest_route=\/wp\/v2\/pages\/2275\/revisions"}],"predecessor-version":[{"id":2290,"href":"https:\/\/lmc2.univ-lyon1.fr\/index.php?rest_route=\/wp\/v2\/pages\/2275\/revisions\/2290"}],"wp:attachment":[{"href":"https:\/\/lmc2.univ-lyon1.fr\/index.php?rest_route=%2Fwp%2Fv2%2Fmedia&parent=2275"}],"curies":[{"name":"wp","href":"https:\/\/api.w.org\/{rel}","templated":true}]}}