{"id":2465,"date":"2021-09-21T07:39:24","date_gmt":"2021-09-21T06:39:24","guid":{"rendered":"http:\/\/lmc2.univ-lyon1.fr\/?page_id=2465"},"modified":"2021-09-21T07:42:34","modified_gmt":"2021-09-21T06:42:34","slug":"duc-manh-le-fr","status":"publish","type":"page","link":"https:\/\/lmc2.univ-lyon1.fr\/?page_id=2465","title":{"rendered":"LE Duc Manh"},"content":{"rendered":"<p><img loading=\"lazy\" decoding=\"async\" class=\"aligncenter wp-image-2466 size-thumbnail\" src=\"http:\/\/lmc2.univ-lyon1.fr\/wp-content\/uploads\/2021\/09\/Duc-Manh-LE-150x150.jpg\" alt=\"\" width=\"150\" height=\"150\" \/><\/p>\n<p><strong>Sujet de Doctorat<br \/>\n<\/strong><\/p>\n<h4><em><strong>D\u00e9veloppement d\u2019un nouveau composite cimentaire multi-fonctionnel \u00e0 performances m\u00e9caniques contr\u00f4l\u00e9es<\/strong><\/em><\/h4>\n<p><strong>R\u00e9sum\u00e9<\/strong><\/p>\n<p style=\"text-align: justify;\">Dans un contexte \u00e9conomique et environnemental contraint, pour pallier le non-remplacement des structures et des b\u00e2timents en b\u00e9ton vieillissants, le d\u00e9veloppement de solutions de renforcement s\u2019impose. Parmi les solutions les plus couramment adopt\u00e9es, le collage externe de produits composites de type Polym\u00e8re Renforc\u00e9 de Fibres (PRF bandes ou feuilles) sur des structures en b\u00e9ton arm\u00e9 (BA) permet d\u2019augmenter les capacit\u00e9s portantes et de d\u00e9formation. L\u2019inconv\u00e9nient majeur de ces syst\u00e8mes est la faible valeur de temp\u00e9rature de transition vitreuse du polym\u00e8re. Si on consid\u00e8re les mat\u00e9riaux disponibles sur le march\u00e9, une \u00e9l\u00e9vation de la temp\u00e9rature au-del\u00e0 de 100\u00b0C conduit \u00e0 une perte totale des propri\u00e9t\u00e9s m\u00e9caniques. Ce facteur est aujourd\u2019hui un frein au d\u00e9veloppement des solutions composites de renforcement de b\u00e2timents et d\u2019infrastructures. De plus le vieillissement thermo-hydrique auquel est sensible le polym\u00e8re \u00e9poxy g\u00e9n\u00e8re une perte de performance des mat\u00e9riaux de renforcement PRFC utilis\u00e9 aujourd&rsquo;hui dans le domaine du renforcement et de la r\u00e9paration des structures en b\u00e9ton. Aujourd&rsquo;hui des produits de substitution se d\u00e9veloppent \u00e0 base de matrice cimentaire (PAREX LANKO, MAPEI, BASF, WEBER) mais ont pour le moment des performances limit\u00e9es.<\/p>\n<p style=\"text-align: justify;\">La solution alternative que nous souhaitons d\u00e9velopper est bas\u00e9e sur l\u2019am\u00e9lioration du comportement thermo-m\u00e9canique des renforts composites \u00e0 matrice cimentaire, en leur conf\u00e9rant une performance m\u00e9canique ma\u00eetris\u00e9e d\u2019une part et par l&rsquo;ajout de poudres r\u00e9actives d\u2019autre part, il est aussi envisag\u00e9 de g\u00e9n\u00e9rer au sein du rev\u00eatement composite de renforcement des propri\u00e9t\u00e9s compl\u00e9mentaires (protection au feu, d\u00e9polluant par captation du CO2, \u00e9tanch\u00e9it\u00e9, protection, esth\u00e9tisme). L\u2019id\u00e9e de base de ce projet est l\u2019exploitation de la technologie innovante d\u2019impr\u00e9gnation voie s\u00e8che D-Preg de FIBROLINE, pour pr\u00e9parer des semi-produits composites (TRC) avec des tissus \u00e0 architecture 3D de SAERTEX. La technologie D-Preg a fait ses preuves dans divers domaines d\u2019applications des composites comme l\u2019automobile et le domaine du papier technique pour la filtration et plus r\u00e9cemment dans le domaine des composites cimentaires avec les travaux de th\u00e8se d\u2019Omayma HOMORO. Elle utilise un champ \u00e9lectrique alternatif pour faire migrer totalement \u00e0 sec des poudres liantes et\/ou fonctionnelles dans des supports poreux comme des textiles. Elle permet ainsi une meilleure distribution de la poudre cimentaire dans le tissu \u00e0 travers les filaments et les fibres de mani\u00e8re automatique et r\u00e9guli\u00e8re. Le tissu ainsi pr\u00e9-impr\u00e9gn\u00e9 peut \u00eatre manipul\u00e9 facilement sur les chantiers lors de sa mise en place, puis son humidification pour sa prise, tout en garantissant les caract\u00e9ristiques physiques recherch\u00e9es.<\/p>\n<p>Le TRC (Textile Reinforced Concrete) est un micro-b\u00e9ton renforc\u00e9 de nappes de textiles constitu\u00e9s de fils multi-filamentaires. L\u2019objectif de ce projet, est de g\u00e9n\u00e9raliser et faciliter l\u2019utilisation et la mise en \u0153uvre du TRC in situ dans le cadre de la r\u00e9novation et la r\u00e9habilitation des structures. Il combinera un textile technique avec une architecture innovante de SAERTEX au nouveau proc\u00e9d\u00e9 d&rsquo;impr\u00e9gnation \u00e0 sec de FIBROLINE, avec une matrice \u00e9labor\u00e9e au LMC2 \u00e0 partir de poudres r\u00e9actives. Ce composite cimentaire aura un r\u00f4le multifonctionnel de renfort structural, protecteur et d\u00e9polluant. Sa mise en \u0153uvre repose sur la lev\u00e9e de plusieurs verrous scientifiques :<\/p>\n<ul>\n<li style=\"text-align: justify;\"><strong>le choix d\u2019architectures optimales des tissus et la formulation de la composition de la matrice cimentaire, en ad\u00e9quation avec les fonctionnalit\u00e9s recherch\u00e9es<\/strong>. Cette \u00e9tape repose sur le choix d\u2019une formulation adapt\u00e9e aux propri\u00e9t\u00e9s retenues mais aussi au proc\u00e9d\u00e9 d\u2019impr\u00e9gnation permettant une bonne homog\u00e9n\u00e9it\u00e9 du m\u00e9lange. Pour cela, la mise au point d\u2019un processus de m\u00e9lange des poudres cimentaires et charges additives, la s\u00e9lection des renforts \u00e0 base de fibres de verre utilis\u00e9s, l\u2019\u00e9tude des traitements de surface et voluminisation susceptibles d\u2019am\u00e9liorer le comportement de l\u2019interface fibre\/matrice seront n\u00e9cessaires<\/li>\n<li style=\"text-align: justify;\"><strong>la caract\u00e9risation microstructurale au jeune \u00e2ge et en vieillissement des interfaces et du composite<\/strong>. Les mat\u00e9riaux cimentaires utilis\u00e9s ont la particularit\u00e9 de se structurer tr\u00e8s rapidement. Il est donc important de les caract\u00e9riser d\u00e8s leur mise en \u0153uvre d\u2019un point de vue m\u00e9canique par micro-essai pull-out (LMC2) et d\u2019un point de vue physico-chimique et microstructural par observation en microscopie \u00e9lectronique \u00e0 balayage ou infrarouge et par tomographie X (MATEIS) pour l\u2019\u00e9tude des affinit\u00e9s charges\/renforts et des interfaces fibres\/matrice. La r\u00e9alisation d\u2019essais sp\u00e9cifiques pour \u00e9valuer les propri\u00e9t\u00e9s recherch\u00e9es (d\u00e9pollution, perm\u00e9abilit\u00e9, r\u00e9sistance au feu) sera n\u00e9cessaire.<\/li>\n<li style=\"text-align: justify;\"><strong>Caract\u00e9risation du composite<\/strong>. L\u2019\u00e9tude de la structuration multicouche du syst\u00e8me, en particulier de la r\u00e9partition spatiale des renforts (renforts 3D), de la caract\u00e9risation m\u00e9canique des composites cimentaires sera r\u00e9alis\u00e9e par essais de traction, compression et flexion.<\/li>\n<\/ul>\n<p>&nbsp;<\/p>\n<p style=\"text-align: justify;\">Une des finalit\u00e9s de ces travaux est de formuler la loi interface et d\u2019aider \u00e0 sa mise en \u0153uvre dans des mod\u00e8les num\u00e9riques permettant de simuler leur comportement in situ. La mod\u00e9lisation num\u00e9rique sera faite dans le cadre de travaux de recherche men\u00e9s en parall\u00e8le \u00e0 cette th\u00e8se.<\/p>\n<p><strong>Encadrants<\/strong><\/p>\n<ul>\n<li>Thouraya BARANGER<\/li>\n<li>Marie MICHEL<\/li>\n<li>Elodie PRUD\u2019HOMME<\/li>\n<\/ul>\n<p><strong>D\u00e9but et fin de th\u00e8se<br \/>\n<\/strong><\/p>\n<p>01\/11\/2020 \u2013 01\/11\/2023<\/p>\n<p>&nbsp;<\/p>\n<p>&nbsp;<\/p>\n","protected":false},"excerpt":{"rendered":"<p>Sujet de Doctorat D\u00e9veloppement d\u2019un nouveau composite cimentaire multi-fonctionnel \u00e0 performances m\u00e9caniques contr\u00f4l\u00e9es R\u00e9sum\u00e9 Dans [&hellip;]<\/p>\n","protected":false},"author":1,"featured_media":0,"parent":0,"menu_order":0,"comment_status":"closed","ping_status":"closed","template":"","meta":{"footnotes":""},"class_list":["post-2465","page","type-page","status-publish","hentry"],"_links":{"self":[{"href":"https:\/\/lmc2.univ-lyon1.fr\/index.php?rest_route=\/wp\/v2\/pages\/2465","targetHints":{"allow":["GET"]}}],"collection":[{"href":"https:\/\/lmc2.univ-lyon1.fr\/index.php?rest_route=\/wp\/v2\/pages"}],"about":[{"href":"https:\/\/lmc2.univ-lyon1.fr\/index.php?rest_route=\/wp\/v2\/types\/page"}],"author":[{"embeddable":true,"href":"https:\/\/lmc2.univ-lyon1.fr\/index.php?rest_route=\/wp\/v2\/users\/1"}],"replies":[{"embeddable":true,"href":"https:\/\/lmc2.univ-lyon1.fr\/index.php?rest_route=%2Fwp%2Fv2%2Fcomments&post=2465"}],"version-history":[{"count":2,"href":"https:\/\/lmc2.univ-lyon1.fr\/index.php?rest_route=\/wp\/v2\/pages\/2465\/revisions"}],"predecessor-version":[{"id":2472,"href":"https:\/\/lmc2.univ-lyon1.fr\/index.php?rest_route=\/wp\/v2\/pages\/2465\/revisions\/2472"}],"wp:attachment":[{"href":"https:\/\/lmc2.univ-lyon1.fr\/index.php?rest_route=%2Fwp%2Fv2%2Fmedia&parent=2465"}],"curies":[{"name":"wp","href":"https:\/\/api.w.org\/{rel}","templated":true}]}}