{"id":2479,"date":"2021-09-21T07:51:38","date_gmt":"2021-09-21T06:51:38","guid":{"rendered":"http:\/\/lmc2.univ-lyon1.fr\/?page_id=2479"},"modified":"2025-07-30T13:08:58","modified_gmt":"2025-07-30T12:08:58","slug":"di-cesare-noelie","status":"publish","type":"page","link":"https:\/\/lmc2.univ-lyon1.fr\/?page_id=2479","title":{"rendered":"DI CESARE Noelie"},"content":{"rendered":"<p><img loading=\"lazy\" decoding=\"async\" class=\"aligncenter size-thumbnail wp-image-3433\" src=\"http:\/\/lmc2.univ-lyon1.fr\/wp-content\/uploads\/2025\/07\/dicesare-122x150.png\" alt=\"\" width=\"122\" height=\"150\" \/><\/p>\n<p><span style=\"color: #ff6600;\"><strong><em>Mes activit\u00e9s de recherche<\/em><\/strong><\/span><\/p>\n<p style=\"text-align: justify;\">Je travaille depuis plusieurs ann\u00e9es au d\u00e9veloppement d\u2019algorithmes d\u2019optimisation param\u00e9trique et topologique, pour la m\u00e9canique :<\/p>\n<ul>\n<li>D\u00e9veloppement d&rsquo;algorithmes m\u00e9taheuristiques rapides offrant un bon compromis entre minimisation de la fonction objectif et respect des contraintes d&rsquo;optimisation.<\/li>\n<li>Application des algorithmes \u00e0 divers probl\u00e8mes : structures de s\u00e9curit\u00e9 routi\u00e8re, navales et bio-inspir\u00e9es, identification inverse de lois hyper-visco-\u00e9lastiques. R\u00e9cemment, utilisation de l&rsquo;apprentissage automatique pour d\u00e9velopper des mat\u00e9riaux \u00e0 base de granulats recycl\u00e9s et identifier les comportements de structures composites en g\u00e9nie civil.<\/li>\n<\/ul>\n<p><a href=\"https:\/\/lmc2.univ-lyon1.fr\/?page_id=42\">Liste des publications<\/a><\/p>\n<p style=\"text-align: justify;\"><span style=\"color: #ff6600;\"><em><strong>Mes activit\u00e9s d&rsquo;enseignement<\/strong><\/em><\/span><\/p>\n<ul>\n<li>J\u2019enseigne au sein du d\u00e9partement M\u00e9canique de Polytech Lyon, \u00e9cole d\u2019ing\u00e9nieurs composante de l\u2019UCBL.<\/li>\n<li>J\u2019interviens dans des modules relatifs au calcul scientifique, \u00e0 la programmation dans diff\u00e9rents langages utiles en ing\u00e9nierie m\u00e9canique, et aux m\u00e9thodes num\u00e9riques pour la m\u00e9canique (diff\u00e9rences finies, \u00e9l\u00e9ments finis, m\u00e9thodes num\u00e9riques de base).<\/li>\n<\/ul>\n<p><span style=\"color: #ff6600;\"><em><strong>Responsabilit\u00e9s collectives<\/strong><\/em><\/span><\/p>\n<ul>\n<li>Responsable des \u00e9tudiants de 3A du d\u00e9partement M\u00e9canique de Polytech Lyon,<\/li>\n<li>Membre \u00e9lu du conseil de gouvernance de Polytech Lyon,<\/li>\n<li>Membre invit\u00e9 du conseil de direction de Polytech Lyon,<\/li>\n<li>Membre du Comit\u00e9 P\u00e9dagogique des Sp\u00e9cialit\u00e9s de Polytech Lyon.<\/li>\n<\/ul>\n<p><span style=\"color: #ff6600;\"><em><strong>Projets de recherche<\/strong><\/em><\/span><\/p>\n<ul>\n<li style=\"text-align: justify;\">SIDECaR\u00a0 (2018-2022) : D\u00e9veloppement de <strong>S<\/strong>tructures <strong>I<\/strong>nnovantes destin\u00e9es \u00e0 dissiper l\u2019\u00e9nergie d\u2019un choc : application \u00e0 la s\u00e9curit\u00e9 routi\u00e8re. Projet financ\u00e9 par la D\u00e9l\u00e9gation \u00e0 la S\u00e9curit\u00e9 Routi\u00e8re \u2013 Observatoire National Interminist\u00e9riel de la S\u00e9curit\u00e9 Routi\u00e8re.<\/li>\n<li style=\"text-align: justify;\">ALGoRiTHM\u00a0 (2020-2022) : m<strong>A<\/strong>chine <strong>L<\/strong>earnin<strong>G<\/strong> to dete<strong>R<\/strong>m<strong>i<\/strong>ne <strong>TH<\/strong>e <strong>M<\/strong>aterial behavior. Projet financ\u00e9 par la R\u00e9gion Bretagne. Financement du chercheur post-doctorant Pranav NERURKAR.<\/li>\n<li style=\"text-align: justify;\">4D BIOMAT (2020-2023). Projet financ\u00e9 par la Direction G\u00e9n\u00e9rale de l\u2019Armement. D\u00e9veloppement de structures reconfigurables et autonomes \u00e0 partir de mat\u00e9riaux renouvelables et locaux \u00e9labor\u00e9s par \u00ab impression 4D \u00bb. D\u00e9but de la th\u00e8se que je co-encadrerai, en 2021.<\/li>\n<li>ALLEGE : OptimisAtion muLti-\u00e9cheLle de bEtons \u00e0 base de Granulats rEcycl\u00e9s (2023-2026). Financement <span style=\"color: #737373; font-size: 1rem;\">d\u2019une bourse de th\u00e8se, r\u00e9alis\u00e9e en cotutelle entre l\u2019Universit\u00e9 Claude Bernard Lyon 1, et l\u2019Universit\u00e9 Libre des Pays des Grands Lacs, R\u00e9publique D\u00e9mocratique du Congo.<\/span><\/li>\n<\/ul>\n<p style=\"text-align: justify;\"><span style=\"color: #ff6600;\"><strong>Encadrement de th\u00e8ses<\/strong><\/span><\/p>\n<ul>\n<li>Malek SPAHIC, Jeanne TONDUT (projet SIDECaR), Melvin JOSSELIN (projet 4D BIOMAT), Paterne BADESIRE (projet ALLEGE)<\/li>\n<\/ul>\n<p><strong>Mail\u00a0<\/strong>: noelie.di-cesare@univ-lyon1.fr<\/p>\n","protected":false},"excerpt":{"rendered":"<p>Mes activit\u00e9s de recherche Je travaille depuis plusieurs ann\u00e9es au d\u00e9veloppement d\u2019algorithmes d\u2019optimisation param\u00e9trique et [&hellip;]<\/p>\n","protected":false},"author":1,"featured_media":0,"parent":0,"menu_order":0,"comment_status":"closed","ping_status":"closed","template":"","meta":{"footnotes":""},"class_list":["post-2479","page","type-page","status-publish","hentry"],"_links":{"self":[{"href":"https:\/\/lmc2.univ-lyon1.fr\/index.php?rest_route=\/wp\/v2\/pages\/2479","targetHints":{"allow":["GET"]}}],"collection":[{"href":"https:\/\/lmc2.univ-lyon1.fr\/index.php?rest_route=\/wp\/v2\/pages"}],"about":[{"href":"https:\/\/lmc2.univ-lyon1.fr\/index.php?rest_route=\/wp\/v2\/types\/page"}],"author":[{"embeddable":true,"href":"https:\/\/lmc2.univ-lyon1.fr\/index.php?rest_route=\/wp\/v2\/users\/1"}],"replies":[{"embeddable":true,"href":"https:\/\/lmc2.univ-lyon1.fr\/index.php?rest_route=%2Fwp%2Fv2%2Fcomments&post=2479"}],"version-history":[{"count":3,"href":"https:\/\/lmc2.univ-lyon1.fr\/index.php?rest_route=\/wp\/v2\/pages\/2479\/revisions"}],"predecessor-version":[{"id":3437,"href":"https:\/\/lmc2.univ-lyon1.fr\/index.php?rest_route=\/wp\/v2\/pages\/2479\/revisions\/3437"}],"wp:attachment":[{"href":"https:\/\/lmc2.univ-lyon1.fr\/index.php?rest_route=%2Fwp%2Fv2%2Fmedia&parent=2479"}],"curies":[{"name":"wp","href":"https:\/\/api.w.org\/{rel}","templated":true}]}}