{"id":2489,"date":"2021-09-21T08:02:41","date_gmt":"2021-09-21T07:02:41","guid":{"rendered":"http:\/\/lmc2.univ-lyon1.fr\/?page_id=2489"},"modified":"2025-07-31T11:40:28","modified_gmt":"2025-07-31T10:40:28","slug":"sanchez-thomas-fr","status":"publish","type":"page","link":"https:\/\/lmc2.univ-lyon1.fr\/?page_id=2489","title":{"rendered":"SANCHEZ Thomas"},"content":{"rendered":"<p><img loading=\"lazy\" decoding=\"async\" class=\"aligncenter size-thumbnail wp-image-3438\" src=\"http:\/\/lmc2.univ-lyon1.fr\/wp-content\/uploads\/2025\/07\/sanchez-150x150.png\" alt=\"\" width=\"150\" height=\"150\" \/><\/p>\n<h4><span style=\"color: #ff6600;\"><strong><em>Mes activit\u00e9s de recherche<\/em><\/strong><\/span><\/h4>\n<p>Mes recherches se concentrent sur 4 axes principaux de la durabilit\u00e9 des mat\u00e9riaux de construction poreux.<\/p>\n<ul>\n<li style=\"text-align: justify;\">Nouveaux mat\u00e9riaux poreux \u00e9coresponsables incluant les b\u00e9tons avec fibres en bois, les b\u00e9tons utilisant des fibres de plastique recycl\u00e9, et les enduits \u00e0 base de terre\/chaux-chanvre.<\/li>\n<li>Caract\u00e9risation de la durabilit\u00e9 par des essais de diffusion naturelle et acc\u00e9l\u00e9r\u00e9e sous champ \u00e9lectrique, de lixiviation, de capillarit\u00e9 et de porosit\u00e9.<\/li>\n<li>M\u00e9thodes innovantes de surveillance non destructives des infrastructures par macro-instrumentation. \u00a0<\/li>\n<li>Mod\u00e8les de transport r\u00e9actif multi-esp\u00e8ces coupl\u00e9s \u00e0 des mod\u00e8les de sollicitations m\u00e9caniques.<\/li>\n<\/ul>\n<p><a href=\"https:\/\/lmc2.univ-lyon1.fr\/?page_id=42\">Liste des publications<\/a><\/p>\n<h4><span style=\"color: #ff6600;\"><strong><em>Mes activit\u00e9s d\u2019enseignement<\/em><\/strong><\/span><\/h4>\n<p>Depuis 2021, j\u2019enseigne au d\u00e9partement MT2E (M\u00e9tiers pour la Transition et l\u2019Efficacit\u00e9 Energ\u00e9tique) de l&rsquo;IUT Lyon 1, couvrant la Thermodynamique, la Programmation VBA, la M\u00e9canique des fluides, les Mesures et Instrumentation en \u00c9nerg\u00e9tique et l\u2019Optimisation de l\u2019\u00e9clairage. J\u2019encadre des projets\u00a0 BUT et supervise des stages et alternances de BUT.<\/p>\n<h4><span style=\"color: #ff6600;\"><strong><em>Responsabilit\u00e9s collectives<\/em><\/strong><\/span><\/h4>\n<ul>\n<li>Chef de D\u00e9partement MT2E (2024-pr\u00e9sent) et Directeur des \u00e9tudes BUT 3 (2023-pr\u00e9sent) \u00e0 l&rsquo;IUT Lyon 1.<\/li>\n<\/ul>\n<h4><em><strong><span style=\"color: #ff6600;\">Projets de recherche<\/span><\/strong><\/em><\/h4>\n<ul>\n<li>D\u00e9veloppement industriel du b\u00e9ton de bois <a href=\"https:\/\/lmc2.univ-lyon1.fr\/?page_id=3286\">VIVALDI\u00a0<\/a><\/li>\n<\/ul>\n<h4><em><strong><span style=\"color: #ff6600;\">Encadrement de th\u00e8ses<\/span><\/strong><\/em><\/h4>\n<p><a href=\"https:\/\/lmc2.univ-lyon1.fr\/?page_id=3457\">Diallo Elhadj Oumar<\/a> (Bourse minist\u00e9rielle de Guin\u00e9e &amp; Bourse UCBL)<\/p>\n<p><em><strong>Mail :<\/strong><\/em> <a href=\"mailto:thomas.sanchez@univ-lyon1.fr\">thomas.sanchez@univ-lyon1.fr<\/a><\/p>\n\n","protected":false},"excerpt":{"rendered":"<p>Mes activit\u00e9s de recherche Mes recherches se concentrent sur 4 axes principaux de la durabilit\u00e9 [&hellip;]<\/p>\n","protected":false},"author":1,"featured_media":0,"parent":0,"menu_order":0,"comment_status":"closed","ping_status":"closed","template":"","meta":{"footnotes":""},"class_list":["post-2489","page","type-page","status-publish","hentry"],"_links":{"self":[{"href":"https:\/\/lmc2.univ-lyon1.fr\/index.php?rest_route=\/wp\/v2\/pages\/2489","targetHints":{"allow":["GET"]}}],"collection":[{"href":"https:\/\/lmc2.univ-lyon1.fr\/index.php?rest_route=\/wp\/v2\/pages"}],"about":[{"href":"https:\/\/lmc2.univ-lyon1.fr\/index.php?rest_route=\/wp\/v2\/types\/page"}],"author":[{"embeddable":true,"href":"https:\/\/lmc2.univ-lyon1.fr\/index.php?rest_route=\/wp\/v2\/users\/1"}],"replies":[{"embeddable":true,"href":"https:\/\/lmc2.univ-lyon1.fr\/index.php?rest_route=%2Fwp%2Fv2%2Fcomments&post=2489"}],"version-history":[{"count":5,"href":"https:\/\/lmc2.univ-lyon1.fr\/index.php?rest_route=\/wp\/v2\/pages\/2489\/revisions"}],"predecessor-version":[{"id":3496,"href":"https:\/\/lmc2.univ-lyon1.fr\/index.php?rest_route=\/wp\/v2\/pages\/2489\/revisions\/3496"}],"wp:attachment":[{"href":"https:\/\/lmc2.univ-lyon1.fr\/index.php?rest_route=%2Fwp%2Fv2%2Fmedia&parent=2489"}],"curies":[{"name":"wp","href":"https:\/\/api.w.org\/{rel}","templated":true}]}}