{"id":249,"date":"2014-03-26T15:04:15","date_gmt":"2014-03-26T14:04:15","guid":{"rendered":"https:\/\/lgciesitebohr.olympe.in\/wordpress\/?page_id=249"},"modified":"2025-07-31T11:15:20","modified_gmt":"2025-07-31T10:15:20","slug":"jurkiewiez-bruno","status":"publish","type":"page","link":"https:\/\/lmc2.univ-lyon1.fr\/?page_id=249","title":{"rendered":"JURKIEWIEZ Bruno"},"content":{"rendered":"<p><img loading=\"lazy\" decoding=\"async\" class=\"aligncenter size-thumbnail wp-image-3424\" src=\"http:\/\/lmc2.univ-lyon1.fr\/wp-content\/uploads\/2025\/07\/jurkiewiez-150x150.jpg\" alt=\"\" width=\"150\" height=\"150\" \/><\/p>\n<h4><span style=\"color: #ff6600;\"><em><strong>Mes activit\u00e9s de recherche<\/strong><\/em><\/span><\/h4>\n<p>L\u2019objectif g\u00e9n\u00e9ral de ma recherche est de d\u00e9velopper et valider des \u00e9l\u00e9ments de structures performants et robustes en tenant compte du d\u00e9veloppement durable.<\/p>\n<p>Mon activit\u00e9 de recherche principale porte sur l\u2019\u00e9tude du comportement m\u00e9canique d\u2019\u00e9l\u00e9ments de structure tout composite ou associant diff\u00e9rents mat\u00e9riaux (mat\u00e9riaux composites, acier, bois, b\u00e9ton) assembl\u00e9s par collage ou par des connecteurs m\u00e9caniques.<\/p>\n<p>La recherche couple une approche exp\u00e9rimentale \u00e0 diff\u00e9rentes \u00e9chelles (mat\u00e9riau, interface, structure) aux d\u00e9veloppements de mod\u00e8les num\u00e9riques (\u00e9l\u00e9ments finis) et analytiques qui tiennent compte des non lin\u00e9arit\u00e9s (mat\u00e9rielles et g\u00e9om\u00e9triques) ainsi que des \u00e9ventuels mouvements aux interfaces des mat\u00e9riaux dues \u00e0 la souplesse des dispositifs de connexions.<\/p>\n<p style=\"text-align: justify;\"><a href=\"https:\/\/lmc2.univ-lyon1.fr\/?page_id=42\" target=\"_blank\" rel=\"noopener\">Liste des publications<\/a><\/p>\n<h4><span style=\"color: #ff6600;\"><strong><em>Mes activit\u00e9s d\u2019enseignement<\/em><\/strong><\/span><\/h4>\n<p>J\u2019enseigne dans la fili\u00e8re G\u00e9nie Civil du D\u00e9partement M\u00e9canique, G\u00e9nie Civil, \u00c9nergie, Automatique\/Robotique et G\u00e9nie des proc\u00e9d\u00e9s de l\u2019Universit\u00e9 Lyon 1 qui va de L2 \u00e0 M2. Mes deux principales th\u00e9matiques sont :<\/p>\n<ul>\n<li>La th\u00e9orie des poutres et<\/li>\n<li>Le dimensionnement des structures en b\u00e9ton arm\u00e9.<\/li>\n<\/ul>\n<p>J\u2019encadre \u00e9galement de tr\u00e8s nombreux projets professionnels, de R&amp;D ou de Recherche d\u2019\u00e9tudiants de Master G\u00e9nie Civil, en collaboration avec des vacataires professionnels. <span style=\"font-size: revert;\">J\u2019assure \u00e9galement le suivi en entreprise d\u2019\u00e9tudiants en alternance ou en stage.<\/span><\/p>\n<h4><span style=\"color: #ff6600;\"><strong><em>Responsabilit\u00e9s collectives <\/em><\/strong><\/span><\/h4>\n<ul>\n<li>Responsable du Master G\u00e9nie Civil \u00e0 Lyon 1 qui comprend une ann\u00e9e M1 de tronc commun et 4 parcours de M2. Le Master est co-accr\u00e9dit\u00e9 entre l\u2019Universit\u00e9 Lyon 1 (\u00e9tablissement porteur), centrale Lyon (sites Ecully et St-Etienne) et l\u2019ENTPE. La gestion de ce parcours se fait en collaboration avec les responsables du M1 et des parcours de M2.<\/li>\n<li>Responsable du parcours Mat\u00e9riaux et Structures pour une Construction Durable (MSCD) en M2 du Master G\u00e9nie Civil. Ce parcours est propos\u00e9 en formation initiale et en alternance.<\/li>\n<li>Responsable du CFR G\u00e9nie Civil au sein du d\u00e9partement M\u00e9canique, G\u00e9nie Civil, \u00c9nergie, Automatique\/Robotique et G\u00e9nie des proc\u00e9d\u00e9s. Cette mission a pour objectif de repr\u00e9senter les activit\u00e9s d\u2019enseignement et de recherche de la fili\u00e8re GC au sein du d\u00e9partement.<\/li>\n<\/ul>\n<h4><span style=\"color: #ff6600;\"><em><strong>Projets de recherche\u00a0<\/strong><\/em><\/span><\/h4>\n<ul>\n<li>Projet <a href=\"https:\/\/lmc2.univ-lyon1.fr\/?page_id=3303\" target=\"_blank\" rel=\"noopener\">MixAB<\/a> : Mixit\u00e9 acier \u2013 bois pour une construction durable. Responsable du WP 1\u00a0 (Etude du comportement m\u00e9canique \u00e0 froid de structures hybrides acier-bois)<\/li>\n<\/ul>\n<h4><span style=\"color: #ff6600;\"><em><strong>Encadrement de th\u00e8ses<\/strong><\/em><\/span><\/h4>\n<ul>\n<li><a href=\"https:\/\/lmc2.univ-lyon1.fr\/?page_id=3443\">Vincent ARNOULD<\/a>, <a href=\"https:\/\/lmc2.univ-lyon1.fr\/?page_id=2436\" target=\"_blank\" rel=\"noopener\">Hassan DARWICH<\/a>, <a href=\"https:\/\/lmc2.univ-lyon1.fr\/?page_id=1525\">Ibrahim ALACHEK<\/a>, <a href=\"https:\/\/lmc2.univ-lyon1.fr\/?page_id=1030\" target=\"_blank\" rel=\"noopener\">Alaa KOAIK<\/a><\/li>\n<\/ul>\n<p><em><strong>Mail :<\/strong><\/em> <a href=\"mailto:bruno.jurkiewiez@univ-lyon1.fr\">bruno.jurkiewiez@univ-lyon1.fr<\/a><\/p>\n\n","protected":false},"excerpt":{"rendered":"<p>Mes activit\u00e9s de recherche L\u2019objectif g\u00e9n\u00e9ral de ma recherche est de d\u00e9velopper et valider des [&hellip;]<\/p>\n","protected":false},"author":1,"featured_media":0,"parent":0,"menu_order":0,"comment_status":"closed","ping_status":"open","template":"","meta":{"footnotes":""},"class_list":["post-249","page","type-page","status-publish","hentry"],"_links":{"self":[{"href":"https:\/\/lmc2.univ-lyon1.fr\/index.php?rest_route=\/wp\/v2\/pages\/249","targetHints":{"allow":["GET"]}}],"collection":[{"href":"https:\/\/lmc2.univ-lyon1.fr\/index.php?rest_route=\/wp\/v2\/pages"}],"about":[{"href":"https:\/\/lmc2.univ-lyon1.fr\/index.php?rest_route=\/wp\/v2\/types\/page"}],"author":[{"embeddable":true,"href":"https:\/\/lmc2.univ-lyon1.fr\/index.php?rest_route=\/wp\/v2\/users\/1"}],"replies":[{"embeddable":true,"href":"https:\/\/lmc2.univ-lyon1.fr\/index.php?rest_route=%2Fwp%2Fv2%2Fcomments&post=249"}],"version-history":[{"count":12,"href":"https:\/\/lmc2.univ-lyon1.fr\/index.php?rest_route=\/wp\/v2\/pages\/249\/revisions"}],"predecessor-version":[{"id":3490,"href":"https:\/\/lmc2.univ-lyon1.fr\/index.php?rest_route=\/wp\/v2\/pages\/249\/revisions\/3490"}],"wp:attachment":[{"href":"https:\/\/lmc2.univ-lyon1.fr\/index.php?rest_route=%2Fwp%2Fv2%2Fmedia&parent=249"}],"curies":[{"name":"wp","href":"https:\/\/api.w.org\/{rel}","templated":true}]}}