{"id":253,"date":"2014-03-26T15:06:17","date_gmt":"2014-03-26T14:06:17","guid":{"rendered":"https:\/\/lgciesitebohr.olympe.in\/wordpress\/?page_id=253"},"modified":"2025-07-31T11:13:35","modified_gmt":"2025-07-31T10:13:35","slug":"curtil-laurence","status":"publish","type":"page","link":"https:\/\/lmc2.univ-lyon1.fr\/?page_id=253","title":{"rendered":"CURTIL Laurence"},"content":{"rendered":"<p><img loading=\"lazy\" decoding=\"async\" class=\"aligncenter size-thumbnail wp-image-3415\" src=\"http:\/\/lmc2.univ-lyon1.fr\/wp-content\/uploads\/2025\/07\/curtil-150x150.jpg\" alt=\"\" width=\"150\" height=\"150\" \/><\/p>\n<h4><span style=\"color: #ff6600;\"><strong><em>Mes activit\u00e9s de recherche<\/em><\/strong><\/span><\/h4>\n<p>Elles portent sur la durabilit\u00e9 des mat\u00e9riaux dans le g\u00e9nie civil :<\/p>\n<ul>\n<li>Comportement hygro-thermo-m\u00e9canique d&rsquo;un mat\u00e9riau naturel : Am\u00e9lioration des propri\u00e9t\u00e9s du b\u00e9ton de chanvre par une meilleure connaissance de son comportement et analyse du comportement hygro-thermo-m\u00e9canique en fonction des conditions de cure (conditions repr\u00e9sentatives de Lyon et de la Guin\u00e9e<\/li>\n<li>Economie circulaire: r\u00e9utilisation\u00a0 des terres excav\u00e9es en tenant compte de leur variabilit\u00e9 et en proposant l\u2019addition des fibres courtes d\u2019origine v\u00e9g\u00e9tale et de stabilisants \u00e9cologiques dans le but de fabriquer un b\u00e9ton de structure thermiquement performant et durable\u00a0<\/li>\n<li>Mat\u00e9riaux Composites Innovants pour la R\u00e9paration d\u2019Ouvrage : mieux appr\u00e9hender la durabilit\u00e9 et la fiabilit\u00e9 des r\u00e9parations par composites coll\u00e9s \u00e0 travers une analyse multi-\u00e9chelle des m\u00e9canismes de vieillissement et une approche fiabiliste<\/li>\n<li>Durabilit\u00e9 des composites \u00e0 matrice min\u00e9rale et fibres naturelles (TRM)<\/li>\n<\/ul>\n<p><a href=\"https:\/\/lmc2.univ-lyon1.fr\/?page_id=42\" target=\"_blank\" rel=\"noopener\">Liste des publications<\/a><\/p>\n<h4><span style=\"color: #ff6600;\"><strong><em>Mes activit\u00e9s d\u2019enseignement<\/em><\/strong><\/span><\/h4>\n<ul>\n<li>Responsable des modules Mat\u00e9riaux de Construction du G\u00e9nie Civil : CM, TD et TP ; Niveau DUT, LPro et Master G\u00e9nie Civil<\/li>\n<\/ul>\n<ul>\n<li>Responsable du module Maintenance et r\u00e9paration des ouvrages d\u2019art : CM ; Niveau DUT<\/li>\n<\/ul>\n<ul>\n<li>Responsable du module Pathologie et s\u00e9curit\u00e9 des ouvrages d\u2019art : CM ; Niveau Master<\/li>\n<\/ul>\n<ul>\n<li>Suivi de stage, de projets\u00a0: DUT, LPro ou Master<\/li>\n<\/ul>\n<h4><span style=\"color: #ff6600;\"><em><strong>Responsabilit\u00e9s collectives<\/strong> <\/em><\/span><\/h4>\n<ul>\n<li>Directrice adjointe du site DOUA de l\u2019IUT Lyon 1, 2012-2022,\u00a0 (2240 \u00e9tudiants, 6 d\u00e9partements).<\/li>\n<li>Membre de la CPN G\u00e9nie Civil.<\/li>\n<li>\n<p>Elue CFVU et membre du CAC (2016 \u00e0 janvier 2025)<\/p>\n<\/li>\n<li>\n<p>Mise en place et responsable du parcours TP du BUT3 depuis 2023.<\/p>\n<\/li>\n<\/ul>\n<h4><span style=\"color: #ff6600;\"><em><strong>Projets de recherche<\/strong><\/em><\/span><\/h4>\n<ul>\n<li>\n<p>Co-coordinatrice du projet <a href=\"https:\/\/lmc2.univ-lyon1.fr\/?page_id=1767\" target=\"_blank\" rel=\"noopener\">ANR MICRO 2015<\/a><\/p>\n<\/li>\n<\/ul>\n<h4><span style=\"color: #ff6600;\"><em><strong>Encadrement de th\u00e8ses<\/strong><\/em><\/span><\/h4>\n<ul>\n<li>2015-2019\u00a0: <a href=\"https:\/\/lmc2.univ-lyon1.fr\/?page_id=1721\" target=\"_blank\" rel=\"noopener\">Wendlamita Serge Christian ZOMBRE<\/a>,\u00a0\u00ab\u00a0Durabilit\u00e9 des mat\u00e9riaux composites dans un environnement G\u00e9nie Civil\u00a0: approche exp\u00e9rimentale multi-\u00e9chelle et analyse statistique\u00a0\u00bb. Taux d\u2019encadrement 50%<\/li>\n<li>2016-2021\u00a0: <a href=\"https:\/\/lmc2.univ-lyon1.fr\/?page_id=2422\" target=\"_blank\" rel=\"noopener\">Chuyen NGUYEN VIET<\/a>, \u00ab\u00a0Durabilit\u00e9 des structures renforc\u00e9es dans le g\u00e9nie civil\u00a0\u00bb. Taux d\u2019encadrement 50%<\/li>\n<li>2018-2022\u00a0:<a href=\"https:\/\/lmc2.univ-lyon1.fr\/?page_id=2275\" target=\"_blank\" rel=\"noopener\"> Mirna ZAYDAN<\/a> \u00ab\u00a0Durabilit\u00e9 des composites \u00e0 matrice min\u00e9rale et fibres naturelles (TRM)\u00a0\u00bb. Taux d\u2019encadrement 30%<\/li>\n<li>2023-2026\u00a0: Elhadj DIALLO \u00ab\u00a0Investigation de diff\u00e9rents correcteurs thermiques standards et \u00e9cologiques en consid\u00e9rant leur teneur en eau\u00a0\u00bb. Taux d\u2019encadrement 20%<\/li>\n<\/ul>\n<p><em><strong>Mail :<\/strong><\/em> <a href=\"mailto:laurence.curtil@univ-lyon1.fr\">laurence.curtil@univ-lyon1.fr<\/a><\/p>\n\n","protected":false},"excerpt":{"rendered":"<p>Mes activit\u00e9s de recherche Elles portent sur la durabilit\u00e9 des mat\u00e9riaux dans le g\u00e9nie civil [&hellip;]<\/p>\n","protected":false},"author":1,"featured_media":0,"parent":0,"menu_order":0,"comment_status":"closed","ping_status":"open","template":"","meta":{"footnotes":""},"class_list":["post-253","page","type-page","status-publish","hentry"],"_links":{"self":[{"href":"https:\/\/lmc2.univ-lyon1.fr\/index.php?rest_route=\/wp\/v2\/pages\/253","targetHints":{"allow":["GET"]}}],"collection":[{"href":"https:\/\/lmc2.univ-lyon1.fr\/index.php?rest_route=\/wp\/v2\/pages"}],"about":[{"href":"https:\/\/lmc2.univ-lyon1.fr\/index.php?rest_route=\/wp\/v2\/types\/page"}],"author":[{"embeddable":true,"href":"https:\/\/lmc2.univ-lyon1.fr\/index.php?rest_route=\/wp\/v2\/users\/1"}],"replies":[{"embeddable":true,"href":"https:\/\/lmc2.univ-lyon1.fr\/index.php?rest_route=%2Fwp%2Fv2%2Fcomments&post=253"}],"version-history":[{"count":11,"href":"https:\/\/lmc2.univ-lyon1.fr\/index.php?rest_route=\/wp\/v2\/pages\/253\/revisions"}],"predecessor-version":[{"id":3495,"href":"https:\/\/lmc2.univ-lyon1.fr\/index.php?rest_route=\/wp\/v2\/pages\/253\/revisions\/3495"}],"wp:attachment":[{"href":"https:\/\/lmc2.univ-lyon1.fr\/index.php?rest_route=%2Fwp%2Fv2%2Fmedia&parent=253"}],"curies":[{"name":"wp","href":"https:\/\/api.w.org\/{rel}","templated":true}]}}