{"id":28,"date":"2014-03-20T09:19:02","date_gmt":"2014-03-20T08:19:02","guid":{"rendered":"https:\/\/lgciesitebohr.olympe.in\/wordpress\/?page_id=28"},"modified":"2014-09-03T09:37:17","modified_gmt":"2014-09-03T08:37:17","slug":"domaines","status":"publish","type":"page","link":"https:\/\/lmc2.univ-lyon1.fr\/?page_id=28","title":{"rendered":"DOMAINES"},"content":{"rendered":"<p style=\"text-align: justify;\">DOMAINE SCIENTIFIQUE : Sciences de l\u2019Ing\u00e9nierie performantielle appliqu\u00e9es aux multi-mat\u00e9riaux pour la construction \u00bb<\/p>\n<p style=\"text-align: justify;\">La d\u00e9marche g\u00e9n\u00e9rale s\u2019inscrit dans le domaine des sciences de l\u2019ing\u00e9nierie et vise \u00e0 d\u00e9velopper l\u2019ing\u00e9nierie performantielle des multi-mat\u00e9riaux int\u00e9grant les contraintes du d\u00e9veloppement durable en g\u00e9nie civil.<\/p>\n<p style=\"text-align: justify;\">L\u2019originalit\u00e9 de la d\u00e9marche suivie par l\u2019\u00e9quipe de recherche consiste \u00e0 consid\u00e9rer l\u2019interaction entre mat\u00e9riau et structure en int\u00e9grant de fa\u00e7on prioritaire les proc\u00e9d\u00e9s. Il s\u2019agit de d\u00e9velopper une recherche interactive entre :<\/p>\n<ul>\n<li>ing\u00e9nierie \u00ab innovante \u00bb permettant d\u2019assurer la formulation robuste de nouveaux mat\u00e9riaux conf\u00e9rant une plus grande fiabilit\u00e9 et durabilit\u00e9 des infrastructures.<\/li>\n<\/ul>\n<ul>\n<li>ing\u00e9nierie inverse cherchant \u00e0 assurer la p\u00e9rennit\u00e9 du patrimoine et une am\u00e9lioration des conditions de s\u00e9curit\u00e9 des usagers pour des conditions d\u2019exploitation ou d\u2019environnement \u00e9volutives.<\/li>\n<\/ul>\n<p style=\"text-align: justify;\">L\u2019innovation pour une ing\u00e9nierie performante rel\u00e8ve d\u2019une d\u00e9marche classique de type \u00ab multi-\u00e9chelles \u00bb visant \u00e0 pr\u00e9voir les r\u00e9ponses des mat\u00e9riaux et des structures lors de leur transformation, en service sous des sollicitations coupl\u00e9es pour des \u00e9chelles de temps importantes.<\/p>\n<p style=\"text-align: justify;\">La pr\u00e9diction de propri\u00e9t\u00e9s \u00e9mergentes dans les syst\u00e8mes complexes et h\u00e9t\u00e9rog\u00e8nes s\u2019appuiera sur l\u2019identification et la mod\u00e9lisation des interactions entre nano, micro, m\u00e9so et macro-\u00e9chelles et devra d\u00e9boucher sur la formulation de mat\u00e9riaux \u00ab robustes \u00bb qu\u2019il sera possible de caract\u00e9riser et de mod\u00e9liser sous sollicitations de service\u00a0 ou en cours de transformation pour juger de leur fiabilit\u00e9 et optimiser leur cycle de vie au sein des structures.<\/p>\n<p style=\"text-align: justify;\"><img loading=\"lazy\" decoding=\"async\" class=\"aligncenter wp-image-515 size-full\" src=\"http:\/\/lmc2.univ-lyon1.fr\/wp-content\/uploads\/2014\/03\/Domaine2.jpg\" alt=\"\" width=\"1514\" height=\"700\" srcset=\"https:\/\/lmc2.univ-lyon1.fr\/wp-content\/uploads\/2014\/03\/Domaine2.jpg 1514w, https:\/\/lmc2.univ-lyon1.fr\/wp-content\/uploads\/2014\/03\/Domaine2-300x138.jpg 300w, https:\/\/lmc2.univ-lyon1.fr\/wp-content\/uploads\/2014\/03\/Domaine2-1024x473.jpg 1024w\" sizes=\"auto, (max-width: 1514px) 100vw, 1514px\" \/><\/p>\n","protected":false},"excerpt":{"rendered":"<p>DOMAINE SCIENTIFIQUE : Sciences de l\u2019Ing\u00e9nierie performantielle appliqu\u00e9es aux multi-mat\u00e9riaux pour la construction \u00bb La [&hellip;]<\/p>\n","protected":false},"author":1,"featured_media":0,"parent":0,"menu_order":0,"comment_status":"closed","ping_status":"closed","template":"","meta":{"footnotes":""},"class_list":["post-28","page","type-page","status-publish","hentry"],"_links":{"self":[{"href":"https:\/\/lmc2.univ-lyon1.fr\/index.php?rest_route=\/wp\/v2\/pages\/28","targetHints":{"allow":["GET"]}}],"collection":[{"href":"https:\/\/lmc2.univ-lyon1.fr\/index.php?rest_route=\/wp\/v2\/pages"}],"about":[{"href":"https:\/\/lmc2.univ-lyon1.fr\/index.php?rest_route=\/wp\/v2\/types\/page"}],"author":[{"embeddable":true,"href":"https:\/\/lmc2.univ-lyon1.fr\/index.php?rest_route=\/wp\/v2\/users\/1"}],"replies":[{"embeddable":true,"href":"https:\/\/lmc2.univ-lyon1.fr\/index.php?rest_route=%2Fwp%2Fv2%2Fcomments&post=28"}],"version-history":[{"count":11,"href":"https:\/\/lmc2.univ-lyon1.fr\/index.php?rest_route=\/wp\/v2\/pages\/28\/revisions"}],"predecessor-version":[{"id":517,"href":"https:\/\/lmc2.univ-lyon1.fr\/index.php?rest_route=\/wp\/v2\/pages\/28\/revisions\/517"}],"wp:attachment":[{"href":"https:\/\/lmc2.univ-lyon1.fr\/index.php?rest_route=%2Fwp%2Fv2%2Fmedia&parent=28"}],"curies":[{"name":"wp","href":"https:\/\/api.w.org\/{rel}","templated":true}]}}