{"id":2963,"date":"2025-04-28T09:30:30","date_gmt":"2025-04-28T08:30:30","guid":{"rendered":"https:\/\/lmc2.univ-lyon1.fr\/?page_id=2963"},"modified":"2025-04-29T14:05:27","modified_gmt":"2025-04-29T13:05:27","slug":"equipements-dessais","status":"publish","type":"page","link":"https:\/\/lmc2.univ-lyon1.fr\/?page_id=2963","title":{"rendered":"Equipements d&rsquo;essais"},"content":{"rendered":"\n<p>Les sujets de recherche du laboratoire LMC2 sont \u00e0 pr\u00e9dominance exp\u00e9rimentale sur mat\u00e9riaux et des \u00e9l\u00e9ments de structure ou structures \u00e0 l&rsquo;\u00e9chelle r\u00e9elle.<\/p>\n\n\n\n<ul style=\"list-style-type: disc;\">\n<li>\n<h3>Essais sur mat\u00e9riaux<\/h3>\n<table style=\"border-collapse: collapse; width: 118.976%; height: 382px;\">\n<tbody>\n<tr>\n<td style=\"width: 25%;\">\n<p><a href=\"http:\/\/lmc2.univ-lyon1.fr\/wp-content\/uploads\/2015\/03\/PresseTractionCompression65kN.pdf\"><img loading=\"lazy\" decoding=\"async\" class=\"size-medium wp-image-1037 aligncenter\" src=\"http:\/\/lmc2.univ-lyon1.fr\/wp-content\/uploads\/2014\/09\/Presse65KN-224x300.jpg\" alt=\"\" width=\"224\" height=\"300\" srcset=\"https:\/\/lmc2.univ-lyon1.fr\/wp-content\/uploads\/2014\/09\/Presse65KN-224x300.jpg 224w, https:\/\/lmc2.univ-lyon1.fr\/wp-content\/uploads\/2014\/09\/Presse65KN.jpg 460w\" sizes=\"auto, (max-width: 224px) 100vw, 224px\" \/><\/a><\/p>\n<\/td>\n<td style=\"width: 25%;\">\n<p><a href=\"http:\/\/lmc2.univ-lyon1.fr\/wp-content\/uploads\/2015\/03\/PresseTractionCompression20kN.pdf\"><img loading=\"lazy\" decoding=\"async\" class=\"size-medium wp-image-994 aligncenter\" src=\"http:\/\/lmc2.univ-lyon1.fr\/wp-content\/uploads\/2014\/03\/Presse20KN-224x300.jpg\" alt=\"\" width=\"224\" height=\"300\" srcset=\"https:\/\/lmc2.univ-lyon1.fr\/wp-content\/uploads\/2014\/03\/Presse20KN-224x300.jpg 224w, https:\/\/lmc2.univ-lyon1.fr\/wp-content\/uploads\/2014\/03\/Presse20KN.jpg 393w\" sizes=\"auto, (max-width: 224px) 100vw, 224px\" \/><\/a><\/p>\n<\/td>\n<td style=\"width: 25%;\">\n<p><a href=\"http:\/\/lmc2.univ-lyon1.fr\/wp-content\/uploads\/2015\/03\/Presse1000kN.pdf\"><img loading=\"lazy\" decoding=\"async\" class=\"size-medium wp-image-993 aligncenter\" src=\"http:\/\/lmc2.univ-lyon1.fr\/wp-content\/uploads\/2014\/03\/Presse1000KN-224x300.jpg\" alt=\"\" width=\"224\" height=\"300\" srcset=\"https:\/\/lmc2.univ-lyon1.fr\/wp-content\/uploads\/2014\/03\/Presse1000KN-224x300.jpg 224w, https:\/\/lmc2.univ-lyon1.fr\/wp-content\/uploads\/2014\/03\/Presse1000KN.jpg 393w\" sizes=\"auto, (max-width: 224px) 100vw, 224px\" \/><\/a><\/p>\n<\/td>\n<td style=\"width: 25%;\">\n<p><a href=\"http:\/\/lmc2.univ-lyon1.fr\/wp-content\/uploads\/2015\/03\/PresseCompression1250kN.pdf\"><img loading=\"lazy\" decoding=\"async\" class=\"size-medium wp-image-981 aligncenter\" src=\"http:\/\/lmc2.univ-lyon1.fr\/wp-content\/uploads\/2014\/03\/Presse-3000KN-e1411631304200-224x300.jpg\" alt=\"\" width=\"224\" height=\"300\" srcset=\"https:\/\/lmc2.univ-lyon1.fr\/wp-content\/uploads\/2014\/03\/Presse-3000KN-e1411631304200-224x300.jpg 224w, https:\/\/lmc2.univ-lyon1.fr\/wp-content\/uploads\/2014\/03\/Presse-3000KN-e1411631304200.jpg 551w\" sizes=\"auto, (max-width: 224px) 100vw, 224px\" \/><\/a><\/p>\n<\/td>\n<\/tr>\n<tr>\n<td style=\"width: 25%; text-align: center;\"><a href=\"http:\/\/lmc2.univ-lyon1.fr\/wp-content\/uploads\/2015\/03\/PresseTractionCompression65kN.pdf\">Presse 65kN<\/a><\/td>\n<td style=\"width: 25%; text-align: center;\"><a href=\"http:\/\/lmc2.univ-lyon1.fr\/wp-content\/uploads\/2015\/03\/PresseTractionCompression20kN.pdf\">Presse 20kN<\/a><\/td>\n<td style=\"width: 25%; text-align: center;\"><a href=\"http:\/\/lmc2.univ-lyon1.fr\/wp-content\/uploads\/2015\/03\/Presse1000kN.pdf\">Presse 1000kN<\/a><\/td>\n<td style=\"width: 25%; text-align: center;\"><a href=\"http:\/\/lmc2.univ-lyon1.fr\/wp-content\/uploads\/2015\/03\/PresseCompression1250kN.pdf\">Presse 1250kN<\/a><\/td>\n<\/tr>\n<\/tbody>\n<\/table>\n<\/li>\n<\/ul>\n\n\n\n<ul>\n<li>\n<h3 style=\"text-align: left;\">Essais sur structures<\/h3>\n<table style=\"border-collapse: collapse; width: 117.647%; height: 369px;\">\n<tbody>\n<tr style=\"height: 320px;\">\n<td style=\"width: 33.3333%; height: 320px;\">\n<p><a href=\"http:\/\/lmc2.univ-lyon1.fr\/wp-content\/uploads\/2015\/03\/Portique500kN.pdf\"><img loading=\"lazy\" decoding=\"async\" class=\"size-medium wp-image-988 aligncenter\" src=\"http:\/\/lmc2.univ-lyon1.fr\/wp-content\/uploads\/2014\/03\/Portique-500KN-300x225.jpg\" alt=\"\" width=\"300\" height=\"225\" srcset=\"https:\/\/lmc2.univ-lyon1.fr\/wp-content\/uploads\/2014\/03\/Portique-500KN-300x225.jpg 300w, https:\/\/lmc2.univ-lyon1.fr\/wp-content\/uploads\/2014\/03\/Portique-500KN.jpg 855w\" sizes=\"auto, (max-width: 300px) 100vw, 300px\" \/><\/a><\/p>\n<\/td>\n<td style=\"width: 26.1274%; height: 320px;\">\n<p><a href=\"http:\/\/lmc2.univ-lyon1.fr\/wp-content\/uploads\/2025\/04\/Banc-dessai-dynamique.pdf\" target=\"_blank\" rel=\"noopener\"><img loading=\"lazy\" decoding=\"async\" class=\"alignnone size-medium wp-image-3049 aligncenter\" src=\"http:\/\/lmc2.univ-lyon1.fr\/wp-content\/uploads\/2025\/04\/banc-dessai-dynamique-233x300.png\" alt=\"\" width=\"233\" height=\"300\" srcset=\"https:\/\/lmc2.univ-lyon1.fr\/wp-content\/uploads\/2025\/04\/banc-dessai-dynamique-233x300.png 233w, https:\/\/lmc2.univ-lyon1.fr\/wp-content\/uploads\/2025\/04\/banc-dessai-dynamique.png 717w\" sizes=\"auto, (max-width: 233px) 100vw, 233px\" \/><\/a><\/p>\n<\/td>\n<td style=\"width: 58.1863%; height: 320px;\">\n<p><a href=\"http:\/\/lmc2.univ-lyon1.fr\/wp-content\/uploads\/2015\/03\/MurReaction.pdf\" target=\"_blank\" rel=\"noopener\"><img loading=\"lazy\" decoding=\"async\" class=\"size-medium wp-image-978\" src=\"http:\/\/lmc2.univ-lyon1.fr\/wp-content\/uploads\/2014\/03\/Mur-reaction-500KN-300x224.jpg\" alt=\"\" width=\"300\" height=\"224\" srcset=\"https:\/\/lmc2.univ-lyon1.fr\/wp-content\/uploads\/2014\/03\/Mur-reaction-500KN-300x224.jpg 300w, https:\/\/lmc2.univ-lyon1.fr\/wp-content\/uploads\/2014\/03\/Mur-reaction-500KN-1024x767.jpg 1024w, https:\/\/lmc2.univ-lyon1.fr\/wp-content\/uploads\/2014\/03\/Mur-reaction-500KN.jpg 1065w\" sizes=\"auto, (max-width: 300px) 100vw, 300px\" \/><\/a><\/p>\n<\/td>\n<\/tr>\n<tr style=\"height: 49px;\">\n<td style=\"width: 33.3333%; text-align: center; height: 49px;\"><a href=\"http:\/\/lmc2.univ-lyon1.fr\/wp-content\/uploads\/2015\/03\/Portique500kN.pdf\">Portique 500kN<\/a><\/td>\n<td style=\"width: 26.1274%; text-align: center; height: 49px;\"><a href=\"http:\/\/lmc2.univ-lyon1.fr\/wp-content\/uploads\/2025\/04\/Banc-dessai-dynamique.pdf\">Banc d&rsquo;essai dynamique<\/a><\/td>\n<td style=\"width: 58.1863%; text-align: center; height: 49px;\"><a href=\"http:\/\/lmc2.univ-lyon1.fr\/wp-content\/uploads\/2015\/03\/MurReaction.pdf\">Mur de Reaction 500KN<\/a><\/td>\n<\/tr>\n<\/tbody>\n<\/table>\n<\/li>\n<\/ul>\n\n\n\n<ul>\n<li>\n<h3>Durabilit\u00e9<\/h3>\n<table style=\"border-collapse: collapse; width: 126.353%; height: 364px;\">\n<tbody>\n<tr style=\"height: 320px;\">\n<td style=\"width: 29.4213%; height: 320px;\">\n<p><a href=\"http:\/\/lmc2.univ-lyon1.fr\/wp-content\/uploads\/2015\/03\/EnceinteClimatique.pdf\"><img loading=\"lazy\" decoding=\"async\" class=\"size-medium wp-image-985 aligncenter\" src=\"http:\/\/lmc2.univ-lyon1.fr\/wp-content\/uploads\/2014\/03\/Enceinte-thermique-225x300.jpg\" alt=\"\" width=\"225\" height=\"300\" srcset=\"https:\/\/lmc2.univ-lyon1.fr\/wp-content\/uploads\/2014\/03\/Enceinte-thermique-225x300.jpg 225w, https:\/\/lmc2.univ-lyon1.fr\/wp-content\/uploads\/2014\/03\/Enceinte-thermique.jpg 735w\" sizes=\"auto, (max-width: 225px) 100vw, 225px\" \/><\/a><\/p>\n<\/td>\n<td style=\"width: 38.7085%; height: 320px;\"><a href=\"http:\/\/lmc2.univ-lyon1.fr\/wp-content\/uploads\/2025\/04\/Salle-durabilite.pdf\"><img loading=\"lazy\" decoding=\"async\" class=\"alignnone size-medium wp-image-3023 aligncenter\" src=\"http:\/\/lmc2.univ-lyon1.fr\/wp-content\/uploads\/2025\/04\/salle-de-durabilite-300x161.png\" alt=\"\" width=\"300\" height=\"161\" srcset=\"https:\/\/lmc2.univ-lyon1.fr\/wp-content\/uploads\/2025\/04\/salle-de-durabilite-300x161.png 300w, https:\/\/lmc2.univ-lyon1.fr\/wp-content\/uploads\/2025\/04\/salle-de-durabilite-768x413.png 768w, https:\/\/lmc2.univ-lyon1.fr\/wp-content\/uploads\/2025\/04\/salle-de-durabilite.png 1012w\" sizes=\"auto, (max-width: 300px) 100vw, 300px\" \/><\/a><\/td>\n<td style=\"width: 56.4342%; height: 320px;\"><a href=\"http:\/\/lmc2.univ-lyon1.fr\/wp-content\/uploads\/2025\/04\/Four-haute-temperature-borel.pdf\"><img loading=\"lazy\" decoding=\"async\" class=\"size-medium wp-image-3019 aligncenter\" src=\"http:\/\/lmc2.univ-lyon1.fr\/wp-content\/uploads\/2025\/04\/pastedImage-245x300.png\" alt=\"\" width=\"245\" height=\"300\" srcset=\"https:\/\/lmc2.univ-lyon1.fr\/wp-content\/uploads\/2025\/04\/pastedImage-245x300.png 245w, https:\/\/lmc2.univ-lyon1.fr\/wp-content\/uploads\/2025\/04\/pastedImage.png 570w\" sizes=\"auto, (max-width: 245px) 100vw, 245px\" \/><\/a><\/td>\n<\/tr>\n<tr style=\"height: 44px;\">\n<td style=\"width: 29.4213%; text-align: center; height: 44px;\"><a href=\"http:\/\/lmc2.univ-lyon1.fr\/wp-content\/uploads\/2015\/03\/EnceinteClimatique.pdf\">Enceinte Climatique<\/a><\/td>\n<td style=\"width: 38.7085%; text-align: center; height: 44px;\"><a href=\"http:\/\/lmc2.univ-lyon1.fr\/wp-content\/uploads\/2025\/04\/Salle-durabilite.pdf\">Salle durabilit\u00e9<\/a><\/td>\n<td style=\"width: 56.4342%; text-align: center; height: 44px;\"><a href=\"http:\/\/lmc2.univ-lyon1.fr\/wp-content\/uploads\/2025\/04\/Four-haute-temperature-borel.pdf\">Four haute temperature borel<\/a><\/td>\n<\/tr>\n<\/tbody>\n<\/table>\n<\/li>\n<\/ul>\n\n\n\n<ul>\n<li>\n<h3>Caract\u00e9risation physico-chimique<\/h3>\n<table style=\"border-collapse: collapse; width: 100%;\">\n<tbody>\n<tr>\n<td style=\"width: 33.3333%; text-align: center;\"><a href=\"http:\/\/lmc2.univ-lyon1.fr\/wp-content\/uploads\/2025\/04\/Spectrometre-Perkin-Elmer-Spectrum-Two.pdf\" target=\"_blank\" rel=\"noopener\"><img loading=\"lazy\" decoding=\"async\" class=\"alignnone size-medium wp-image-3098\" src=\"http:\/\/lmc2.univ-lyon1.fr\/wp-content\/uploads\/2025\/04\/spectometre-Perkin-Elmer-Spectrum-Two-300x145.png\" alt=\"\" width=\"300\" height=\"145\" srcset=\"https:\/\/lmc2.univ-lyon1.fr\/wp-content\/uploads\/2025\/04\/spectometre-Perkin-Elmer-Spectrum-Two-300x145.png 300w, https:\/\/lmc2.univ-lyon1.fr\/wp-content\/uploads\/2025\/04\/spectometre-Perkin-Elmer-Spectrum-Two.png 368w\" sizes=\"auto, (max-width: 300px) 100vw, 300px\" \/><\/a><\/td>\n<td style=\"width: 33.3333%; text-align: center;\"><a href=\"http:\/\/lmc2.univ-lyon1.fr\/wp-content\/uploads\/2025\/04\/TGA-DSC3-Mettler-Toledo.pdf\" target=\"_blank\" rel=\"noopener\"><img loading=\"lazy\" decoding=\"async\" class=\"alignnone size-medium wp-image-3099\" src=\"http:\/\/lmc2.univ-lyon1.fr\/wp-content\/uploads\/2025\/04\/TGA-DSC3Mettler-Toledo-300x245.png\" alt=\"\" width=\"300\" height=\"245\" srcset=\"https:\/\/lmc2.univ-lyon1.fr\/wp-content\/uploads\/2025\/04\/TGA-DSC3Mettler-Toledo-300x245.png 300w, https:\/\/lmc2.univ-lyon1.fr\/wp-content\/uploads\/2025\/04\/TGA-DSC3Mettler-Toledo.png 459w\" sizes=\"auto, (max-width: 300px) 100vw, 300px\" \/><\/a><\/td>\n<td style=\"width: 33.3333%; text-align: center;\"><a href=\"http:\/\/lmc2.univ-lyon1.fr\/wp-content\/uploads\/2025\/04\/TMA-SDTA-1-Mettler-Toledo-IC600.pdf\" target=\"_blank\" rel=\"noopener\"><img loading=\"lazy\" decoding=\"async\" class=\"alignnone size-medium wp-image-3100\" src=\"http:\/\/lmc2.univ-lyon1.fr\/wp-content\/uploads\/2025\/04\/TMA-SDTA-1-Mettler-300x290.png\" alt=\"\" width=\"300\" height=\"290\" srcset=\"https:\/\/lmc2.univ-lyon1.fr\/wp-content\/uploads\/2025\/04\/TMA-SDTA-1-Mettler-300x290.png 300w, https:\/\/lmc2.univ-lyon1.fr\/wp-content\/uploads\/2025\/04\/TMA-SDTA-1-Mettler.png 457w\" sizes=\"auto, (max-width: 300px) 100vw, 300px\" \/><\/a><\/td>\n<\/tr>\n<tr>\n<td style=\"width: 33.3333%; text-align: center;\"><a href=\"http:\/\/lmc2.univ-lyon1.fr\/wp-content\/uploads\/2025\/04\/Spectrometre-Perkin-Elmer-Spectrum-Two.pdf\">Spectrom\u00e8tre Perkin-Elmer Spectrum Two<\/a><\/td>\n<td style=\"width: 33.3333%; text-align: center;\"><a href=\"http:\/\/lmc2.univ-lyon1.fr\/wp-content\/uploads\/2025\/04\/TGA-DSC3-Mettler-Toledo.pdf\">TGA-DSC3+ Mettler Toledo<\/a><\/td>\n<td style=\"width: 33.3333%; text-align: center;\"><a href=\"http:\/\/lmc2.univ-lyon1.fr\/wp-content\/uploads\/2025\/04\/TMA-SDTA-1-Mettler-Toledo-IC600.pdf\">TMA-SDTA 1 Mettler Toledo IC600<\/a><\/td>\n<\/tr>\n<\/tbody>\n<\/table>\n<\/li>\n<\/ul>\n\n\n\n<ul>\n<li>\n<h3>Techniques de mesure avanc\u00e9es<\/h3>\n<table style=\"border-collapse: collapse; width: 100%;\">\n<tbody>\n<tr>\n<td style=\"width: 50%; text-align: center;\"><a href=\"http:\/\/lmc2.univ-lyon1.fr\/wp-content\/uploads\/2025\/04\/Dispositif-de-mesure-par-fibres-optiques-continues.pdf\" target=\"_blank\" rel=\"noopener\"><img loading=\"lazy\" decoding=\"async\" class=\"alignnone size-medium wp-image-3073\" src=\"http:\/\/lmc2.univ-lyon1.fr\/wp-content\/uploads\/2025\/04\/fibres-optiques-300x292.png\" alt=\"\" width=\"300\" height=\"292\" srcset=\"https:\/\/lmc2.univ-lyon1.fr\/wp-content\/uploads\/2025\/04\/fibres-optiques-300x292.png 300w, https:\/\/lmc2.univ-lyon1.fr\/wp-content\/uploads\/2025\/04\/fibres-optiques.png 572w\" sizes=\"auto, (max-width: 300px) 100vw, 300px\" \/><\/a><\/td>\n<td style=\"width: 50%; text-align: center;\"><a href=\"http:\/\/lmc2.univ-lyon1.fr\/wp-content\/uploads\/2025\/04\/Correlation-dimages-digitales.pdf\" target=\"_blank\" rel=\"noopener\"><img loading=\"lazy\" decoding=\"async\" class=\"alignnone size-medium wp-image-3072\" src=\"http:\/\/lmc2.univ-lyon1.fr\/wp-content\/uploads\/2025\/04\/images-digitales-300x289.png\" alt=\"\" width=\"300\" height=\"289\" srcset=\"https:\/\/lmc2.univ-lyon1.fr\/wp-content\/uploads\/2025\/04\/images-digitales-300x289.png 300w, https:\/\/lmc2.univ-lyon1.fr\/wp-content\/uploads\/2025\/04\/images-digitales.png 565w\" sizes=\"auto, (max-width: 300px) 100vw, 300px\" \/><\/a><\/td>\n<\/tr>\n<tr>\n<td style=\"width: 50%; text-align: center;\"><a href=\"http:\/\/lmc2.univ-lyon1.fr\/wp-content\/uploads\/2025\/04\/Dispositif-de-mesure-par-fibres-optiques-continues.pdf\">Dispositif de mesure par fibres optiques continues<\/a><\/td>\n<td style=\"width: 50%; text-align: center;\"><a href=\"http:\/\/lmc2.univ-lyon1.fr\/wp-content\/uploads\/2025\/04\/Correlation-dimages-digitales.pdf\">Correlation d&rsquo;images digitales<\/a><\/td>\n<\/tr>\n<\/tbody>\n<\/table>\n<\/li>\n<\/ul>\n\n\n\n\n","protected":false},"excerpt":{"rendered":"<p>Les sujets de recherche du laboratoire LMC2 sont \u00e0 pr\u00e9dominance exp\u00e9rimentale sur mat\u00e9riaux et des [&hellip;]<\/p>\n","protected":false},"author":1,"featured_media":0,"parent":0,"menu_order":0,"comment_status":"closed","ping_status":"closed","template":"","meta":{"footnotes":""},"class_list":["post-2963","page","type-page","status-publish","hentry"],"_links":{"self":[{"href":"https:\/\/lmc2.univ-lyon1.fr\/index.php?rest_route=\/wp\/v2\/pages\/2963","targetHints":{"allow":["GET"]}}],"collection":[{"href":"https:\/\/lmc2.univ-lyon1.fr\/index.php?rest_route=\/wp\/v2\/pages"}],"about":[{"href":"https:\/\/lmc2.univ-lyon1.fr\/index.php?rest_route=\/wp\/v2\/types\/page"}],"author":[{"embeddable":true,"href":"https:\/\/lmc2.univ-lyon1.fr\/index.php?rest_route=\/wp\/v2\/users\/1"}],"replies":[{"embeddable":true,"href":"https:\/\/lmc2.univ-lyon1.fr\/index.php?rest_route=%2Fwp%2Fv2%2Fcomments&post=2963"}],"version-history":[{"count":50,"href":"https:\/\/lmc2.univ-lyon1.fr\/index.php?rest_route=\/wp\/v2\/pages\/2963\/revisions"}],"predecessor-version":[{"id":3123,"href":"https:\/\/lmc2.univ-lyon1.fr\/index.php?rest_route=\/wp\/v2\/pages\/2963\/revisions\/3123"}],"wp:attachment":[{"href":"https:\/\/lmc2.univ-lyon1.fr\/index.php?rest_route=%2Fwp%2Fv2%2Fmedia&parent=2963"}],"curies":[{"name":"wp","href":"https:\/\/api.w.org\/{rel}","templated":true}]}}