{"id":32,"date":"2014-03-20T09:16:25","date_gmt":"2014-03-20T08:16:25","guid":{"rendered":"https:\/\/lgciesitebohr.olympe.in\/wordpress\/?page_id=32"},"modified":"2026-01-21T16:00:56","modified_gmt":"2026-01-21T15:00:56","slug":"projets","status":"publish","type":"page","link":"https:\/\/lmc2.univ-lyon1.fr\/?page_id=32","title":{"rendered":"PROJETS"},"content":{"rendered":"<section><a href=\"http:\/\/lmc2.univ-lyon1.fr\/?page_id=1759\">HYBRIDAL<\/a><\/section>\n<section><\/section>\n<section>Projet de conception d&rsquo;\u00e9co-structures compos\u00e9es de b\u00e9ton et de bois pour fa\u00e7ades et planchers.<\/section>\n<section><\/section>\n<section><\/section>\n<section><a href=\"http:\/\/lmc2.univ-lyon1.fr\/?page_id=2092\">ILISBAR<\/a><\/section>\n<section><\/section>\n<section>Projet d&rsquo;\u00e9tude visant \u00e0 d\u00e9velopper une m\u00e9thode num\u00e9rique capable de traduire le comportement d&rsquo;une liaison d&rsquo;un \u00e9l\u00e9ment.<\/section>\n<section>\n<section><a href=\"https:\/\/lmc2.univ-lyon1.fr\/?page_id=3224\" target=\"_blank\" rel=\"noopener\">MACONNERIE<\/a><\/section>\n<section>Projet de r\u00e9alisation d&rsquo;ouvrages constructifs par l&rsquo;assemblage de mat\u00e9riaux \u00e9l\u00e9mentaires (briques, blocs, pierres, etc.) li\u00e9s par un mortier, visant \u00e0 cr\u00e9er ou modifier des structures durables et fonctionnelles.<\/section>\n<\/section>\n<section><\/section>\n<section><\/section>\n<section><a href=\"http:\/\/lmc2.univ-lyon1.fr\/?page_id=1767\">MICRO<\/a><\/section>\n<section><\/section>\n<section>Programme de recherche pour la valorisation des mat\u00e9riaux composites.<\/section>\n<section><\/section>\n<section><\/section>\n<section><a href=\"http:\/\/lmc2.univ-lyon1.fr\/?page_id=2100\">MOOVABAT<\/a><\/section>\n<section><\/section>\n<section>Projet de conception de b\u00e2timents de type salle blanche avec l&rsquo;objectif de r\u00e9duire les co\u00fbts et l&rsquo;impact environnemental de ces derniers.<\/section>\n<section><a href=\"https:\/\/lmc2.univ-lyon1.fr\/?page_id=3303\" target=\"_blank\" rel=\"noopener\">MIXAB<\/a><\/section>\n<section><\/section>\n<section><\/section>\n<section><\/section>\n<section><\/section>\n<section><a href=\"https:\/\/lmc2.univ-lyon1.fr\/?page_id=3241\" target=\"_blank\" rel=\"noopener\">RAFAL<\/a><\/section>\n<section><span class=\"TextRun SCXW16543515 BCX0\" lang=\"FR-FR\" xml:lang=\"FR-FR\" data-contrast=\"auto\"><span class=\"NormalTextRun SCXW16543515 BCX0\" data-ccp-charstyle=\"Titre 2 Car\">Projet laur\u00e9at<\/span><\/span><span class=\"TextRun SCXW16543515 BCX0\" lang=\"FR-FR\" xml:lang=\"FR-FR\" data-contrast=\"auto\"><span class=\"NormalTextRun SCXW16543515 BCX0\" data-ccp-charstyle=\"Titre 2 Car\"> dans le cadre de l\u2019appel<\/span><\/span> <span class=\"TextRun SCXW16543515 BCX0\" lang=\"FR-FR\" xml:lang=\"FR-FR\" data-contrast=\"auto\"><span class=\"NormalTextRun SCXW16543515 BCX0\">BPI \u2013 France Relance<\/span><\/span><span class=\"TextRun SCXW16543515 BCX0\" lang=\"FR-FR\" xml:lang=\"FR-FR\" data-contrast=\"auto\"><span class=\"NormalTextRun SCXW16543515 BCX0\">, <\/span><span class=\"NormalTextRun SCXW16543515 BCX0\">pour les <\/span><span class=\"NormalTextRun SCXW16543515 BCX0\">fonds de soutien aux investissements du secteur nucl\u00e9aire et au renforcement des comp\u00e9tences de la fili\u00e8re nucl\u00e9aire.\u00a0<\/span><\/span><span class=\"EOP SCXW16543515 BCX0\" data-ccp-props=\"{}\">\u00a0<\/span><\/section>\n<section><\/section>\n<section><\/section>\n<section><a href=\"https:\/\/lmc2.univ-lyon1.fr\/?page_id=3269\" target=\"_blank\" rel=\"noopener\">RICO2C<\/a><\/section>\n<section>Ce projet vise \u00e0 appliquer des mat\u00e9riaux composites avanc\u00e9s et des techniques novatrices pour la r\u00e9novation, la r\u00e9habilitation et l&rsquo;am\u00e9lioration des performances des b\u00e2timents et des infrastructures existantes (ouvrages d&rsquo;art).<\/section>\n<section><\/section>\n<section><\/section>\n<section><a href=\"https:\/\/lmc2.univ-lyon1.fr\/?page_id=3286\" target=\"_blank\" rel=\"noopener\">VIVALDI<\/a><\/section>\n<section>B\u00e9ton de bois structurel pour le b\u00e2timent<\/section>\n<section><\/section>\n<section><\/section>\n","protected":false},"excerpt":{"rendered":"<p>HYBRIDAL Projet de conception d&rsquo;\u00e9co-structures compos\u00e9es de b\u00e9ton et de bois pour fa\u00e7ades et planchers. [&hellip;]<\/p>\n","protected":false},"author":1,"featured_media":0,"parent":0,"menu_order":0,"comment_status":"closed","ping_status":"closed","template":"","meta":{"footnotes":""},"class_list":["post-32","page","type-page","status-publish","hentry"],"_links":{"self":[{"href":"https:\/\/lmc2.univ-lyon1.fr\/index.php?rest_route=\/wp\/v2\/pages\/32","targetHints":{"allow":["GET"]}}],"collection":[{"href":"https:\/\/lmc2.univ-lyon1.fr\/index.php?rest_route=\/wp\/v2\/pages"}],"about":[{"href":"https:\/\/lmc2.univ-lyon1.fr\/index.php?rest_route=\/wp\/v2\/types\/page"}],"author":[{"embeddable":true,"href":"https:\/\/lmc2.univ-lyon1.fr\/index.php?rest_route=\/wp\/v2\/users\/1"}],"replies":[{"embeddable":true,"href":"https:\/\/lmc2.univ-lyon1.fr\/index.php?rest_route=%2Fwp%2Fv2%2Fcomments&post=32"}],"version-history":[{"count":32,"href":"https:\/\/lmc2.univ-lyon1.fr\/index.php?rest_route=\/wp\/v2\/pages\/32\/revisions"}],"predecessor-version":[{"id":3514,"href":"https:\/\/lmc2.univ-lyon1.fr\/index.php?rest_route=\/wp\/v2\/pages\/32\/revisions\/3514"}],"wp:attachment":[{"href":"https:\/\/lmc2.univ-lyon1.fr\/index.php?rest_route=%2Fwp%2Fv2%2Fmedia&parent=32"}],"curies":[{"name":"wp","href":"https:\/\/api.w.org\/{rel}","templated":true}]}}