{"id":3224,"date":"2025-05-05T10:22:05","date_gmt":"2025-05-05T09:22:05","guid":{"rendered":"https:\/\/lmc2.univ-lyon1.fr\/?page_id=3224"},"modified":"2025-05-06T15:16:48","modified_gmt":"2025-05-06T14:16:48","slug":"maconnerie-2019-2024","status":"publish","type":"page","link":"https:\/\/lmc2.univ-lyon1.fr\/?page_id=3224","title":{"rendered":"MACONNERIE (2019-2024)"},"content":{"rendered":"\n<table style=\"border-collapse: collapse; width: 100%;\">\n<tbody>\n<tr>\n<td style=\"width: 20%;\">\u00a0<\/td>\n<td style=\"width: 20%; text-align: center;\"><a href=\"http:\/\/lmc2.univ-lyon1.fr\/wp-content\/uploads\/2025\/05\/lmc2.png\"><img loading=\"lazy\" decoding=\"async\" class=\"alignnone size-full wp-image-3231\" src=\"http:\/\/lmc2.univ-lyon1.fr\/wp-content\/uploads\/2025\/05\/lmc2.png\" alt=\"\" width=\"113\" height=\"52\" \/><\/a><\/td>\n<td style=\"width: 20%; text-align: center;\"><a href=\"http:\/\/lmc2.univ-lyon1.fr\/wp-content\/uploads\/2025\/05\/kerakoll.png\"><img loading=\"lazy\" decoding=\"async\" class=\"alignnone size-full wp-image-3230\" src=\"http:\/\/lmc2.univ-lyon1.fr\/wp-content\/uploads\/2025\/05\/kerakoll.png\" alt=\"\" width=\"225\" height=\"225\" srcset=\"https:\/\/lmc2.univ-lyon1.fr\/wp-content\/uploads\/2025\/05\/kerakoll.png 225w, https:\/\/lmc2.univ-lyon1.fr\/wp-content\/uploads\/2025\/05\/kerakoll-150x150.png 150w\" sizes=\"auto, (max-width: 225px) 100vw, 225px\" \/><\/a><\/td>\n<td style=\"width: 20%; text-align: center;\"><a href=\"http:\/\/lmc2.univ-lyon1.fr\/wp-content\/uploads\/2025\/05\/roma.png\"><img loading=\"lazy\" decoding=\"async\" class=\"alignnone size-full wp-image-3232\" src=\"http:\/\/lmc2.univ-lyon1.fr\/wp-content\/uploads\/2025\/05\/roma.png\" alt=\"\" width=\"112\" height=\"63\" \/><\/a><\/td>\n<td style=\"width: 20%;\">\u00a0<\/td>\n<\/tr>\n<\/tbody>\n<\/table>\n\n\n\n\n\n<h3><strong><span class=\"TextRun SCXW185096134 BCX0\" lang=\"FR-FR\" style=\"color: #000000;\" xml:lang=\"FR-FR\" data-contrast=\"none\"><span class=\"NormalTextRun SCXW185096134 BCX0\" data-ccp-parastyle=\"heading 1\">Renforcement de ma\u00e7onneries historiques par composites \u00e0 matrice min\u00e9rale<\/span><\/span><\/strong><\/h3>\n<h4><span style=\"color: #ff9900;\"><strong>Objectifs<\/strong>&nbsp;:<\/span><\/h4>\n<ul>\n<li data-leveltext=\"\uf0b7\" data-font=\"Symbol\" data-listid=\"6\" data-list-defn-props=\"{&quot;335552541&quot;:1,&quot;335559685&quot;:720,&quot;335559991&quot;:360,&quot;469769226&quot;:&quot;Symbol&quot;,&quot;469769242&quot;:[8226],&quot;469777803&quot;:&quot;left&quot;,&quot;469777804&quot;:&quot;\uf0b7&quot;,&quot;469777815&quot;:&quot;hybridMultilevel&quot;}\" aria-setsize=\"-1\" data-aria-posinset=\"1\" data-aria-level=\"1\"><span data-contrast=\"auto\">D\u00e9velopper des solutions de renfort compatibles avec des structures en ma\u00e7onnerie historique\u202f;&nbsp;&nbsp;<\/span><span data-ccp-props=\"{}\">&nbsp;<\/span><\/li>\n<li data-leveltext=\"\uf0b7\" data-font=\"Symbol\" data-listid=\"6\" data-list-defn-props=\"{&quot;335552541&quot;:1,&quot;335559685&quot;:720,&quot;335559991&quot;:360,&quot;469769226&quot;:&quot;Symbol&quot;,&quot;469769242&quot;:[8226],&quot;469777803&quot;:&quot;left&quot;,&quot;469777804&quot;:&quot;\uf0b7&quot;,&quot;469777815&quot;:&quot;hybridMultilevel&quot;}\" aria-setsize=\"-1\" data-aria-posinset=\"1\" data-aria-level=\"1\"><span data-contrast=\"auto\">Evaluer les performances d\u2019un renfort TRM (Textile Reinforced Mortar) appliqu\u00e9 sur un support en pierre calcaire locale (Pierre dor\u00e9e)\u202f;&nbsp;&nbsp;<\/span><span data-ccp-props=\"{}\">&nbsp;<\/span><\/li>\n<li data-leveltext=\"\uf0b7\" data-font=\"Symbol\" data-listid=\"6\" data-list-defn-props=\"{&quot;335552541&quot;:1,&quot;335559685&quot;:720,&quot;335559991&quot;:360,&quot;469769226&quot;:&quot;Symbol&quot;,&quot;469769242&quot;:[8226],&quot;469777803&quot;:&quot;left&quot;,&quot;469777804&quot;:&quot;\uf0b7&quot;,&quot;469777815&quot;:&quot;hybridMultilevel&quot;}\" aria-setsize=\"-1\" data-aria-posinset=\"1\" data-aria-level=\"1\"><span data-contrast=\"auto\">Effectuer une analyse du comportement de la structure renforc\u00e9e par une campagne exp\u00e9rimentale multi-\u00e9chelle.&nbsp;<\/span><span data-ccp-props=\"{}\">&nbsp;<\/span><\/li>\n<\/ul>\n\n\n\n<h4><span style=\"color: #ff9900;\"><strong>Partenaires<\/strong> :&nbsp; <span style=\"font-size: 16px; color: #808080;\">LMC2 , Universit\u00e9 Roma 3 , Kerakoll<\/span><\/span><\/h4>\n<h4><span style=\"color: #ff9900;\"><strong>Implication du LMC2<\/strong>&nbsp;:&nbsp;<\/span><\/h4>\n<p><span class=\"TextRun SCXW31385852 BCX0\" lang=\"FR-FR\" xml:lang=\"FR-FR\" data-contrast=\"auto\"><span class=\"NormalTextRun SCXW31385852 BCX0\">L&rsquo;implication du LMC2 dans le d\u00e9veloppement de solutions innovantes et compatibles pour le renfort des ma\u00e7onneries historiques a permis au laboratoire<\/span><span class=\"NormalTextRun SCXW31385852 BCX0\"> (E. Ferrier, A. Gabor, C. <\/span><span class=\"NormalTextRun SpellingErrorV2Themed SCXW31385852 BCX0\">Caggegi<\/span><span class=\"NormalTextRun SCXW31385852 BCX0\">)<\/span><span class=\"NormalTextRun SCXW31385852 BCX0\"> de faire partie du groupe \u00ab\u202fStructure\u202f\u00bb du chantier Scientifique <\/span><\/span><span class=\"TextRun SCXW31385852 BCX0\" lang=\"FR-FR\" xml:lang=\"FR-FR\" data-contrast=\"auto\"><span class=\"NormalTextRun SCXW31385852 BCX0\">Notre Dame<\/span><\/span><span class=\"TextRun SCXW31385852 BCX0\" lang=\"FR-FR\" xml:lang=\"FR-FR\" data-contrast=\"auto\"><span class=\"NormalTextRun SCXW31385852 BCX0\">.&nbsp;<\/span><\/span><span class=\"EOP SCXW31385852 BCX0\" data-ccp-props=\"{&quot;335551550&quot;:6,&quot;335551620&quot;:6}\">&nbsp;<\/span><\/p>\n<h4><span style=\"color: #ff9900;\"><strong>R\u00e9sultats<\/strong>&nbsp;:&nbsp;<\/span><\/h4>\n<ul>\n<li data-leveltext=\"\uf0b7\" data-font=\"Symbol\" data-listid=\"7\" data-list-defn-props=\"{&quot;335552541&quot;:1,&quot;335559685&quot;:720,&quot;335559991&quot;:360,&quot;469769226&quot;:&quot;Symbol&quot;,&quot;469769242&quot;:[8226],&quot;469777803&quot;:&quot;left&quot;,&quot;469777804&quot;:&quot;\uf0b7&quot;,&quot;469777815&quot;:&quot;hybridMultilevel&quot;}\" aria-setsize=\"-1\" data-aria-posinset=\"1\" data-aria-level=\"1\"><span data-contrast=\"auto\">Le renfort des murs par application externe d\u2019un enduit en TRM augmente de fa\u00e7on importante la r\u00e9sistance \u00e0 cisaillement des \u00e9l\u00e9ments renforc\u00e9s.<\/span><span data-ccp-props=\"{&quot;335551550&quot;:6,&quot;335551620&quot;:6}\">&nbsp;<\/span><\/li>\n<li data-leveltext=\"\uf0b7\" data-font=\"Symbol\" data-listid=\"7\" data-list-defn-props=\"{&quot;335552541&quot;:1,&quot;335559685&quot;:720,&quot;335559991&quot;:360,&quot;469769226&quot;:&quot;Symbol&quot;,&quot;469769242&quot;:[8226],&quot;469777803&quot;:&quot;left&quot;,&quot;469777804&quot;:&quot;\uf0b7&quot;,&quot;469777815&quot;:&quot;hybridMultilevel&quot;}\" aria-setsize=\"-1\" data-aria-posinset=\"1\" data-aria-level=\"1\"><span data-contrast=\"auto\">La pr\u00e9sence du composite TRM conf\u00e8re au syst\u00e8me renforc\u00e9 un comportement ductile.&nbsp;&nbsp;<\/span><span data-ccp-props=\"{&quot;335551550&quot;:6,&quot;335551620&quot;:6}\">&nbsp;<\/span><\/li>\n<li data-leveltext=\"\uf0b7\" data-font=\"Symbol\" data-listid=\"7\" data-list-defn-props=\"{&quot;335552541&quot;:1,&quot;335559685&quot;:720,&quot;335559991&quot;:360,&quot;469769226&quot;:&quot;Symbol&quot;,&quot;469769242&quot;:[8226],&quot;469777803&quot;:&quot;left&quot;,&quot;469777804&quot;:&quot;\uf0b7&quot;,&quot;469777815&quot;:&quot;hybridMultilevel&quot;}\" aria-setsize=\"-1\" data-aria-posinset=\"1\" data-aria-level=\"1\"><span data-contrast=\"auto\">Les r\u00e9sultats soulignent que l\u2019usage de matrices \u00e0 base de Chaux est optimal pour le renfort de ma\u00e7onneries en pierre.<\/span><span data-ccp-props=\"{&quot;335551550&quot;:6,&quot;335551620&quot;:6}\">&nbsp;<\/span><\/li>\n<\/ul>\n<p><a href=\"http:\/\/lmc2.univ-lyon1.fr\/wp-content\/uploads\/2025\/05\/btrm.png\"><img loading=\"lazy\" decoding=\"async\" class=\"alignnone  wp-image-3235 aligncenter\" src=\"http:\/\/lmc2.univ-lyon1.fr\/wp-content\/uploads\/2025\/05\/btrm-300x107.png\" alt=\"\" width=\"370\" height=\"132\" srcset=\"https:\/\/lmc2.univ-lyon1.fr\/wp-content\/uploads\/2025\/05\/btrm-300x107.png 300w, https:\/\/lmc2.univ-lyon1.fr\/wp-content\/uploads\/2025\/05\/btrm.png 587w\" sizes=\"auto, (max-width: 370px) 100vw, 370px\" \/><\/a><a href=\"http:\/\/lmc2.univ-lyon1.fr\/wp-content\/uploads\/2025\/05\/graphe.png\"><img loading=\"lazy\" decoding=\"async\" class=\"wp-image-3236 aligncenter\" src=\"http:\/\/lmc2.univ-lyon1.fr\/wp-content\/uploads\/2025\/05\/graphe-300x136.png\" alt=\"\" width=\"408\" height=\"185\" srcset=\"https:\/\/lmc2.univ-lyon1.fr\/wp-content\/uploads\/2025\/05\/graphe-300x136.png 300w, https:\/\/lmc2.univ-lyon1.fr\/wp-content\/uploads\/2025\/05\/graphe.png 550w\" sizes=\"auto, (max-width: 408px) 100vw, 408px\" \/><\/a><\/p>\n\n\n\n<h4><span style=\"color: #ff9900;\"><strong>Publications<\/strong>\u00a0:\u00a0<\/span><\/h4>\n<ul>\n<li><span data-contrast=\"auto\">Aron GABOR et Carmelo CAGGEGI<\/span><b><span data-contrast=\"auto\">, <\/span><\/b><span data-contrast=\"auto\">\u2018\u2019Renforcement des ma\u00e7onneries par mat\u00e9riaux composites \u00e0 matrice min\u00e9rale\u2019\u2019, S\u00e9minaire,19 et 20 Octobre 2020, pour les membres du \u00ab\u202fchantier scientifiques Notre Dame de Paris\u202f\u00bb, Paris, Institut National du Patrimoine,\u00a0<\/span><\/li>\n<li>Meriggi P,\u202fCaggegi C,\u202f<a style=\"font-size: revert; background-color: #ffffff;\" href=\"https:\/\/www.scopus.com\/authid\/detail.uri?authorId=57195275374\"><span data-contrast=\"auto\">Gabor A<\/span><\/a><span style=\"color: #777777; font-size: revert;\" data-contrast=\"auto\">,\u202f<\/span><a style=\"font-size: revert; background-color: #ffffff;\" href=\"https:\/\/www.scopus.com\/authid\/detail.uri?authorId=57213360105\"><span data-contrast=\"auto\">de Felice G<\/span><\/a><span style=\"color: #777777; font-size: revert;\" data-contrast=\"auto\">, Shear-compression tests on stone masonry walls strengthened with basalt textile reinforced mortar (TRM), <\/span><a style=\"font-size: revert; background-color: #ffffff;\" href=\"https:\/\/www.scopus.com\/authid\/detail.uri?authorId=55974380200#disabled\"><span data-contrast=\"auto\">Construction and Building Materials<\/span><\/a><span style=\"color: #777777; font-size: revert;\" data-contrast=\"auto\">,\u202f2022, 316, 125804<\/span><span style=\"color: #777777; font-size: revert;\" data-ccp-props=\"{}\">\u00a0<\/span><\/li>\n<\/ul>\n","protected":false},"excerpt":{"rendered":"<p>\u00a0 \u00a0 Renforcement de ma\u00e7onneries historiques par composites \u00e0 matrice min\u00e9rale Objectifs&nbsp;: D\u00e9velopper des solutions [&hellip;]<\/p>\n","protected":false},"author":4,"featured_media":0,"parent":0,"menu_order":0,"comment_status":"closed","ping_status":"closed","template":"","meta":{"footnotes":""},"class_list":["post-3224","page","type-page","status-publish","hentry"],"_links":{"self":[{"href":"https:\/\/lmc2.univ-lyon1.fr\/index.php?rest_route=\/wp\/v2\/pages\/3224","targetHints":{"allow":["GET"]}}],"collection":[{"href":"https:\/\/lmc2.univ-lyon1.fr\/index.php?rest_route=\/wp\/v2\/pages"}],"about":[{"href":"https:\/\/lmc2.univ-lyon1.fr\/index.php?rest_route=\/wp\/v2\/types\/page"}],"author":[{"embeddable":true,"href":"https:\/\/lmc2.univ-lyon1.fr\/index.php?rest_route=\/wp\/v2\/users\/4"}],"replies":[{"embeddable":true,"href":"https:\/\/lmc2.univ-lyon1.fr\/index.php?rest_route=%2Fwp%2Fv2%2Fcomments&post=3224"}],"version-history":[{"count":6,"href":"https:\/\/lmc2.univ-lyon1.fr\/index.php?rest_route=\/wp\/v2\/pages\/3224\/revisions"}],"predecessor-version":[{"id":3344,"href":"https:\/\/lmc2.univ-lyon1.fr\/index.php?rest_route=\/wp\/v2\/pages\/3224\/revisions\/3344"}],"wp:attachment":[{"href":"https:\/\/lmc2.univ-lyon1.fr\/index.php?rest_route=%2Fwp%2Fv2%2Fmedia&parent=3224"}],"curies":[{"name":"wp","href":"https:\/\/api.w.org\/{rel}","templated":true}]}}