{"id":3269,"date":"2025-05-05T14:19:34","date_gmt":"2025-05-05T13:19:34","guid":{"rendered":"https:\/\/lmc2.univ-lyon1.fr\/?page_id=3269"},"modified":"2025-05-20T12:17:33","modified_gmt":"2025-05-20T11:17:33","slug":"rico2c-2020-2024","status":"publish","type":"page","link":"https:\/\/lmc2.univ-lyon1.fr\/?page_id=3269","title":{"rendered":"RICO2C (2020-2024)"},"content":{"rendered":"\n\n\n<table style=\"border-collapse: collapse; width: 100%;\">\n<tbody>\n<tr>\n<td style=\"width: 16.6667%;\">\u00a0<\/td>\n<td style=\"width: 16.6667%;\"><a href=\"http:\/\/lmc2.univ-lyon1.fr\/wp-content\/uploads\/2025\/05\/lmc2.png\"><img loading=\"lazy\" decoding=\"async\" class=\"alignnone size-full wp-image-3231\" src=\"http:\/\/lmc2.univ-lyon1.fr\/wp-content\/uploads\/2025\/05\/lmc2.png\" alt=\"\" width=\"113\" height=\"52\" \/><\/a><\/td>\n<td style=\"width: 16.6667%;\"><a href=\"http:\/\/lmc2.univ-lyon1.fr\/wp-content\/uploads\/2025\/05\/fibroline.png\"><img loading=\"lazy\" decoding=\"async\" class=\"alignnone size-medium wp-image-3270\" src=\"http:\/\/lmc2.univ-lyon1.fr\/wp-content\/uploads\/2025\/05\/fibroline-300x88.png\" alt=\"\" width=\"300\" height=\"88\" srcset=\"https:\/\/lmc2.univ-lyon1.fr\/wp-content\/uploads\/2025\/05\/fibroline-300x88.png 300w, https:\/\/lmc2.univ-lyon1.fr\/wp-content\/uploads\/2025\/05\/fibroline.png 356w\" sizes=\"auto, (max-width: 300px) 100vw, 300px\" \/><\/a><\/td>\n<td style=\"width: 16.6667%;\"><a href=\"http:\/\/lmc2.univ-lyon1.fr\/wp-content\/uploads\/2025\/05\/saertex.png\"><img loading=\"lazy\" decoding=\"async\" class=\"alignnone size-full wp-image-3271\" src=\"http:\/\/lmc2.univ-lyon1.fr\/wp-content\/uploads\/2025\/05\/saertex.png\" alt=\"\" width=\"160\" height=\"124\" \/><\/a><\/td>\n<td style=\"width: 16.6667%;\"><a href=\"http:\/\/lmc2.univ-lyon1.fr\/wp-content\/uploads\/2025\/05\/mateis.jpg\"><img loading=\"lazy\" decoding=\"async\" class=\"alignnone size-full wp-image-3273\" src=\"http:\/\/lmc2.univ-lyon1.fr\/wp-content\/uploads\/2025\/05\/mateis.jpg\" alt=\"\" width=\"203\" height=\"108\" \/><\/a><\/td>\n<td style=\"width: 16.6667%;\">\u00a0<\/td>\n<\/tr>\n<\/tbody>\n<\/table>\n\n\n<div class=\"wp-block-image\">\n<figure class=\"aligncenter size-full is-resized\"><a href=\"https:\/\/lmc2.univ-lyon1.fr\/wp-content\/uploads\/2025\/05\/logo_aura-1.jpg\"><img loading=\"lazy\" decoding=\"async\" width=\"854\" height=\"197\" src=\"https:\/\/lmc2.univ-lyon1.fr\/wp-content\/uploads\/2025\/05\/logo_aura-1.jpg\" alt=\"\" class=\"wp-image-3377\" style=\"width:256px;height:auto\" srcset=\"https:\/\/lmc2.univ-lyon1.fr\/wp-content\/uploads\/2025\/05\/logo_aura-1.jpg 854w, https:\/\/lmc2.univ-lyon1.fr\/wp-content\/uploads\/2025\/05\/logo_aura-1-300x69.jpg 300w, https:\/\/lmc2.univ-lyon1.fr\/wp-content\/uploads\/2025\/05\/logo_aura-1-768x177.jpg 768w\" sizes=\"auto, (max-width: 854px) 100vw, 854px\" \/><\/a><\/figure><\/div>\n\n\n\n\n<h3>\u00a0<\/h3>\n<h3><strong><span class=\"TextRun SCXW263944842 BCX0\" lang=\"FR-FR\" xml:lang=\"FR-FR\" data-contrast=\"none\"><span class=\"NormalTextRun SCXW263944842 BCX0\">R<\/span><\/span><span class=\"TextRun SCXW263944842 BCX0\" lang=\"FR-FR\" xml:lang=\"FR-FR\" data-contrast=\"none\"><span class=\"NormalTextRun SCXW263944842 BCX0\">\u00e9novation <\/span><\/span><span class=\"TextRun SCXW263944842 BCX0\" lang=\"FR-FR\" xml:lang=\"FR-FR\" data-contrast=\"none\"><span class=\"NormalTextRun SCXW263944842 BCX0\">I<\/span><\/span><span class=\"TextRun SCXW263944842 BCX0\" lang=\"FR-FR\" xml:lang=\"FR-FR\" data-contrast=\"none\"><span class=\"NormalTextRun SCXW263944842 BCX0\">nnovante des <\/span><\/span><span class=\"TextRun SCXW263944842 BCX0\" lang=\"FR-FR\" xml:lang=\"FR-FR\" data-contrast=\"none\"><span class=\"NormalTextRun SCXW263944842 BCX0\">C<\/span><\/span><span class=\"TextRun SCXW263944842 BCX0\" lang=\"FR-FR\" xml:lang=\"FR-FR\" data-contrast=\"none\"><span class=\"NormalTextRun SCXW263944842 BCX0\">onstructions et <\/span><\/span><span class=\"TextRun SCXW263944842 BCX0\" lang=\"FR-FR\" xml:lang=\"FR-FR\" data-contrast=\"none\"><span class=\"NormalTextRun SCXW263944842 BCX0\">O<\/span><\/span><span class=\"TextRun SCXW263944842 BCX0\" lang=\"FR-FR\" xml:lang=\"FR-FR\" data-contrast=\"none\"><span class=\"NormalTextRun SCXW263944842 BCX0\">uvrages d&rsquo;art par <\/span><\/span><span class=\"TextRun SCXW263944842 BCX0\" lang=\"FR-FR\" xml:lang=\"FR-FR\" data-contrast=\"none\"><span class=\"NormalTextRun SCXW263944842 BCX0\">C<\/span><\/span><span class=\"TextRun SCXW263944842 BCX0\" lang=\"FR-FR\" xml:lang=\"FR-FR\" data-contrast=\"none\"><span class=\"NormalTextRun SCXW263944842 BCX0\">omposite <\/span><\/span><span class=\"TextRun SCXW263944842 BCX0\" lang=\"FR-FR\" xml:lang=\"FR-FR\" data-contrast=\"none\"><span class=\"NormalTextRun SCXW263944842 BCX0\">C<\/span><\/span><span class=\"TextRun SCXW263944842 BCX0\" lang=\"FR-FR\" xml:lang=\"FR-FR\" data-contrast=\"none\"><span class=\"NormalTextRun SCXW263944842 BCX0\">imentaire.<\/span><\/span><\/strong><\/h3>\n<h4><span style=\"color: #ff9900;\"><strong>Objectifs\u00a0:<\/strong><\/span><\/h4>\n<ul>\n<li data-leveltext=\"\uf0b7\" data-font=\"Symbol\" data-listid=\"6\" data-list-defn-props=\"{&quot;335552541&quot;:1,&quot;335559685&quot;:720,&quot;335559991&quot;:360,&quot;469769226&quot;:&quot;Symbol&quot;,&quot;469769242&quot;:[8226],&quot;469777803&quot;:&quot;left&quot;,&quot;469777804&quot;:&quot;\uf0b7&quot;,&quot;469777815&quot;:&quot;hybridMultilevel&quot;}\" aria-setsize=\"-1\" data-aria-posinset=\"1\" data-aria-level=\"1\"><span data-contrast=\"auto\">Choix d\u2019architectures optimales des tissus et de la composition de la matrice cimentaire,<\/span><span data-ccp-props=\"{&quot;335551550&quot;:6,&quot;335551620&quot;:6}\">\u00a0<\/span><\/li>\n<li data-leveltext=\"\uf0b7\" data-font=\"Symbol\" data-listid=\"6\" data-list-defn-props=\"{&quot;335552541&quot;:1,&quot;335559685&quot;:720,&quot;335559991&quot;:360,&quot;469769226&quot;:&quot;Symbol&quot;,&quot;469769242&quot;:[8226],&quot;469777803&quot;:&quot;left&quot;,&quot;469777804&quot;:&quot;\uf0b7&quot;,&quot;469777815&quot;:&quot;hybridMultilevel&quot;}\" aria-setsize=\"-1\" data-aria-posinset=\"1\" data-aria-level=\"1\"><span data-contrast=\"auto\">Caract\u00e9risation microstructurale et m\u00e9canique des interfaces et du composite,<\/span><span data-ccp-props=\"{&quot;335551550&quot;:6,&quot;335551620&quot;:6}\">\u00a0<\/span><\/li>\n<li data-leveltext=\"\uf0b7\" data-font=\"Symbol\" data-listid=\"6\" data-list-defn-props=\"{&quot;335552541&quot;:1,&quot;335559685&quot;:720,&quot;335559991&quot;:360,&quot;469769226&quot;:&quot;Symbol&quot;,&quot;469769242&quot;:[8226],&quot;469777803&quot;:&quot;left&quot;,&quot;469777804&quot;:&quot;\uf0b7&quot;,&quot;469777815&quot;:&quot;hybridMultilevel&quot;}\" aria-setsize=\"-1\" data-aria-posinset=\"1\" data-aria-level=\"1\"><span data-contrast=\"auto\">Mise en \u0153uvre de mod\u00e8les num\u00e9riques permettant de simuler leur comportement in situ,<\/span><span data-ccp-props=\"{&quot;335551550&quot;:6,&quot;335551620&quot;:6}\">\u00a0<\/span><\/li>\n<li data-leveltext=\"\uf0b7\" data-font=\"Symbol\" data-listid=\"6\" data-list-defn-props=\"{&quot;335552541&quot;:1,&quot;335559685&quot;:720,&quot;335559991&quot;:360,&quot;469769226&quot;:&quot;Symbol&quot;,&quot;469769242&quot;:[8226],&quot;469777803&quot;:&quot;left&quot;,&quot;469777804&quot;:&quot;\uf0b7&quot;,&quot;469777815&quot;:&quot;hybridMultilevel&quot;}\" aria-setsize=\"-1\" data-aria-posinset=\"1\" data-aria-level=\"1\"><span data-contrast=\"auto\">Transfert \u00e0 l\u2019\u00e9chelle 1 et validation<\/span><span data-ccp-props=\"{&quot;335551550&quot;:6,&quot;335551620&quot;:6}\">\u00a0<\/span><\/li>\n<\/ul>\n<h4><span style=\"color: #ff9900;\"><strong>Partenaires :<\/strong><span style=\"color: #808080;\"> FIBROLINE SA , SAERTEX SAS , Mateis-INSA<\/span><\/span><\/h4>\n<h4><span style=\"color: #ff9900;\"><strong>Projet RICO2C en chiffres :<\/strong><\/span><\/h4>\n<ul>\n<li>Dur\u00e9e : 42 mois<\/li>\n<li>Financement LMC2 : 200k\u00a3<\/li>\n<\/ul>\n<h4><span style=\"color: #ff9900;\"><strong>Implication du laboratoire :\u00a0<\/strong><\/span><\/h4>\n<p>LMC2 a particip\u00e9 a l&rsquo;a<span class=\"TextRun SCXW168828268 BCX0\" lang=\"FR-FR\" xml:lang=\"FR-FR\" data-contrast=\"auto\"><span class=\"NormalTextRun SCXW168828268 BCX0\">nalyse en diffraction des rayons X\u202f: diffractom\u00e8tre D8-ADVANCE\u202f; A la comparaison des diff\u00e9rents dosages en TiO2 sur l\u2019hydratation de la matrice<\/span><\/span><span class=\"EOP SCXW168828268 BCX0\" data-ccp-props=\"{}\"> .<\/span><\/p>\n<h4><span style=\"color: #ff9900;\"><strong>R\u00e9sultats :\u00a0<\/strong><\/span><\/h4>\n<ul>\n<li>1 th\u00e8se en cours<\/li>\n<li>Formulation d\u2019une matrice min\u00e9rale avec des propri\u00e9t\u00e9s photocatalytiques.<\/li>\n<li>Caract\u00e9risation microscopique, physico-chimique et m\u00e9canique de la matrice.<\/li>\n<li>D\u00e9veloppement d\u2019un textile technique avec une architecture innovante<\/li>\n<li>Adaptation d\u2019un nouveau proc\u00e9d\u00e9 d&rsquo;impr\u00e9gnation des tissus par voie s\u00e8che<\/li>\n<li>Evaluation de la capacit\u00e9 photocatalytique de la matrice<\/li>\n<\/ul>\n<p>\u00a0<\/p>\n<table style=\"border-collapse: collapse; width: 100%;\">\n<tbody>\n<tr>\n<td style=\"width: 25%;\">\u00a0<\/td>\n<td style=\"width: 25%; text-align: center;\"><a href=\"http:\/\/lmc2.univ-lyon1.fr\/wp-content\/uploads\/2025\/05\/analyse.png\"><img loading=\"lazy\" decoding=\"async\" class=\"alignnone size-medium wp-image-3333\" src=\"http:\/\/lmc2.univ-lyon1.fr\/wp-content\/uploads\/2025\/05\/analyse-300x271.png\" alt=\"\" width=\"300\" height=\"271\" srcset=\"https:\/\/lmc2.univ-lyon1.fr\/wp-content\/uploads\/2025\/05\/analyse-300x271.png 300w, https:\/\/lmc2.univ-lyon1.fr\/wp-content\/uploads\/2025\/05\/analyse-768x694.png 768w, https:\/\/lmc2.univ-lyon1.fr\/wp-content\/uploads\/2025\/05\/analyse.png 869w\" sizes=\"auto, (max-width: 300px) 100vw, 300px\" \/><\/a><\/td>\n<td style=\"width: 25%; text-align: center;\"><a href=\"http:\/\/lmc2.univ-lyon1.fr\/wp-content\/uploads\/2025\/05\/graphe2.png\"><img loading=\"lazy\" decoding=\"async\" class=\"alignnone size-medium wp-image-3328\" src=\"http:\/\/lmc2.univ-lyon1.fr\/wp-content\/uploads\/2025\/05\/graphe2-300x214.png\" alt=\"\" width=\"300\" height=\"214\" srcset=\"https:\/\/lmc2.univ-lyon1.fr\/wp-content\/uploads\/2025\/05\/graphe2-300x214.png 300w, https:\/\/lmc2.univ-lyon1.fr\/wp-content\/uploads\/2025\/05\/graphe2.png 608w\" sizes=\"auto, (max-width: 300px) 100vw, 300px\" \/><\/a><\/td>\n<td style=\"width: 25%;\">\u00a0<\/td>\n<\/tr>\n<\/tbody>\n<\/table>\n<p style=\"text-align: center;\"><span class=\"TextRun SCXW62599604 BCX0\" lang=\"FR-FR\" xml:lang=\"FR-FR\" data-contrast=\"auto\"><span class=\"NormalTextRun SCXW62599604 BCX0\">Analyse en diffraction des rayons X\u202f: diffractom\u00e8tre D8-ADVANCE\u202f; comparaison des diff\u00e9rents dosages en TiO2 sur l\u2019hydratation de la matrice<\/span><\/span><span class=\"EOP SCXW62599604 BCX0\" data-ccp-props=\"{}\">\u00a0<\/span><\/p>\n<p>\u00a0<\/p>\n<table style=\"border-collapse: collapse; width: 100%;\">\n<tbody>\n<tr>\n<td style=\"width: 25%;\">\u00a0<\/td>\n<td style=\"width: 25%; text-align: center;\"><a href=\"http:\/\/lmc2.univ-lyon1.fr\/wp-content\/uploads\/2025\/05\/essai.png\"><img loading=\"lazy\" decoding=\"async\" class=\"alignnone size-medium wp-image-3329\" src=\"http:\/\/lmc2.univ-lyon1.fr\/wp-content\/uploads\/2025\/05\/essai-251x300.png\" alt=\"\" width=\"251\" height=\"300\" srcset=\"https:\/\/lmc2.univ-lyon1.fr\/wp-content\/uploads\/2025\/05\/essai-251x300.png 251w, https:\/\/lmc2.univ-lyon1.fr\/wp-content\/uploads\/2025\/05\/essai.png 438w\" sizes=\"auto, (max-width: 251px) 100vw, 251px\" \/><\/a><\/td>\n<td style=\"width: 25%; text-align: center;\"><a href=\"http:\/\/lmc2.univ-lyon1.fr\/wp-content\/uploads\/2025\/05\/vieillissement.png\"><img loading=\"lazy\" decoding=\"async\" class=\"alignnone size-medium wp-image-3331\" src=\"http:\/\/lmc2.univ-lyon1.fr\/wp-content\/uploads\/2025\/05\/vieillissement-198x300.png\" alt=\"\" width=\"198\" height=\"300\" srcset=\"https:\/\/lmc2.univ-lyon1.fr\/wp-content\/uploads\/2025\/05\/vieillissement-198x300.png 198w, https:\/\/lmc2.univ-lyon1.fr\/wp-content\/uploads\/2025\/05\/vieillissement.png 393w\" sizes=\"auto, (max-width: 198px) 100vw, 198px\" \/><\/a><\/td>\n<td style=\"width: 25%;\">\u00a0<\/td>\n<\/tr>\n<\/tbody>\n<\/table>\n<p style=\"text-align: center;\"><span class=\"TextRun SCXW47144072 BCX0\" lang=\"FR-FR\" xml:lang=\"FR-FR\" data-contrast=\"auto\"><span class=\"NormalTextRun SCXW47144072 BCX0\">Essais de vieillissement acc\u00e9l\u00e9r\u00e9 sous UV pour \u00e9valuer l\u2019efficacit\u00e9 du dosage en photocatalyseur.<\/span><\/span><span class=\"EOP SCXW47144072 BCX0\" data-ccp-props=\"{&quot;335551550&quot;:2,&quot;335551620&quot;:2}\">\u00a0<\/span><\/p>\n<p>\u00a0<\/p>\n<h4><span style=\"color: #ff9900;\"><strong>Publications :\u00a0<\/strong><\/span><\/h4>\n<p>D.C. LE, M. MICHEL, E. PRUD\u2019HOMME, T. BARANGER\u00a0; Impact du dioxyde de titane sur la microstructure d\u2019une matrice min\u00e9rale \u00e0 base de liant ettringitique\u00a0; NOMAD 2022 : 4e \u00e9dition de la conf\u00e9rence internationale francophone \u00ab\u00a0Nouveaux Mat\u00e9riaux et Durabilit\u00e9\u00a0\u00bb, Montpellier, 16-17 nov. 2022<\/p>\n\n\n\n<p>\u00a0<\/p>\n<p>\u00a0<\/p>\n","protected":false},"excerpt":{"rendered":"<p>\u00a0 \u00a0 \u00a0 R\u00e9novation Innovante des Constructions et Ouvrages d&rsquo;art par Composite Cimentaire. Objectifs\u00a0: Choix [&hellip;]<\/p>\n","protected":false},"author":4,"featured_media":0,"parent":0,"menu_order":0,"comment_status":"closed","ping_status":"closed","template":"","meta":{"footnotes":""},"class_list":["post-3269","page","type-page","status-publish","hentry"],"_links":{"self":[{"href":"https:\/\/lmc2.univ-lyon1.fr\/index.php?rest_route=\/wp\/v2\/pages\/3269","targetHints":{"allow":["GET"]}}],"collection":[{"href":"https:\/\/lmc2.univ-lyon1.fr\/index.php?rest_route=\/wp\/v2\/pages"}],"about":[{"href":"https:\/\/lmc2.univ-lyon1.fr\/index.php?rest_route=\/wp\/v2\/types\/page"}],"author":[{"embeddable":true,"href":"https:\/\/lmc2.univ-lyon1.fr\/index.php?rest_route=\/wp\/v2\/users\/4"}],"replies":[{"embeddable":true,"href":"https:\/\/lmc2.univ-lyon1.fr\/index.php?rest_route=%2Fwp%2Fv2%2Fcomments&post=3269"}],"version-history":[{"count":13,"href":"https:\/\/lmc2.univ-lyon1.fr\/index.php?rest_route=\/wp\/v2\/pages\/3269\/revisions"}],"predecessor-version":[{"id":3378,"href":"https:\/\/lmc2.univ-lyon1.fr\/index.php?rest_route=\/wp\/v2\/pages\/3269\/revisions\/3378"}],"wp:attachment":[{"href":"https:\/\/lmc2.univ-lyon1.fr\/index.php?rest_route=%2Fwp%2Fv2%2Fmedia&parent=3269"}],"curies":[{"name":"wp","href":"https:\/\/api.w.org\/{rel}","templated":true}]}}