{"id":3472,"date":"2025-07-30T16:00:03","date_gmt":"2025-07-30T15:00:03","guid":{"rendered":"https:\/\/lmc2.univ-lyon1.fr\/?page_id=3472"},"modified":"2025-07-30T16:00:04","modified_gmt":"2025-07-30T15:00:04","slug":"assal-roufaida","status":"publish","type":"page","link":"https:\/\/lmc2.univ-lyon1.fr\/?page_id=3472","title":{"rendered":"ASSAL Roufaida"},"content":{"rendered":"\n<h4><span style=\"color: #ff6600;\"><em><strong>Sujet de doctorat<\/strong><\/em><\/span><\/h4>\n<p>Comportement thermom\u00e9canique des panneaux de fa\u00e7ade en bois-b\u00e9ton coll\u00e9 : \u00c9tude exp\u00e9rimentale et num\u00e9rique<\/p>\n<h4><span style=\"color: #ff6600;\"><em><strong>R\u00e9sum\u00e9 de la th\u00e8se<\/strong><\/em><\/span><\/h4>\n<p>L&rsquo;int\u00e9gration du bois et du b\u00e9ton dans les fa\u00e7ades repr\u00e9sente une avanc\u00e9e majeure combinant les propri\u00e9t\u00e9s compl\u00e9mentaires de ces mat\u00e9riaux pour r\u00e9duire les \u00e9missions de gaz \u00e0 effet de serre tout en optimisant l&rsquo;isolation thermique. Cependant, l&rsquo;assemblage bois-b\u00e9ton par collage adh\u00e9sif soul\u00e8ve des d\u00e9fis techniques, notamment face aux gradients thermiques o\u00f9 les mat\u00e9riaux se dilatent diff\u00e9remment, g\u00e9n\u00e9rant des contraintes \u00e0 l&rsquo;interface pouvant affecter la qualit\u00e9 du collage.<\/p>\n<p>Cette th\u00e8se analyse l&rsquo;influence du gradient thermique sur le comportement m\u00e9canique et l&rsquo;int\u00e9grit\u00e9 de l&rsquo;adh\u00e9rence selon trois approches :<\/p>\n<p><strong>(1) \u00c9tude exp\u00e9rimentale \u00e0 petite \u00e9chelle<\/strong> : Tests de cisaillement \u00ab\u00a0Push-Out\u00a0\u00bb pour \u00e9valuer la rigidit\u00e9 de l&rsquo;adh\u00e9sif avec b\u00e9tons fibr\u00e9 et non fibr\u00e9, tests de traction compl\u00e9t\u00e9s par corr\u00e9lation d&rsquo;image pour d\u00e9terminer rigidit\u00e9, r\u00e9sistance et modes de rupture des connexions coll\u00e9es.<\/p>\n<p><strong>(2) \u00c9tude exp\u00e9rimentale \u00e0 grande \u00e9chelle<\/strong> : Analyse thermom\u00e9canique de deux configurations de fa\u00e7ades bois-b\u00e9ton (\u00e9lanc\u00e9e et avec ouverture) en collaboration avec le laboratoire Tipee. \u00c9valuation du gradient thermique au joint de colle, \u00e9tude des dilatations thermiques et de la flexion thermique avec calculs de courbure locale et globale.<\/p>\n<p><strong>(3) Mod\u00e9lisation num\u00e9rique<\/strong> : Mod\u00e8le par \u00e9l\u00e9ments finis valid\u00e9 par comparaison aux donn\u00e9es exp\u00e9rimentales, mod\u00e9lisation des essais Push-Out, d\u00e9veloppement d&rsquo;un mod\u00e8le analytique pour pr\u00e9dire les contraintes de cisaillement thermiques, et \u00e9tude param\u00e9trique sur l&rsquo;impact de la longueur du panneau, rigidit\u00e9 de connexion et gradient de temp\u00e9rature.<\/p>\n<h4><span style=\"color: #ff6600;\"><em><strong>Encadrement<\/strong><\/em><\/span><\/h4>\n<ul>\n<li class=\"bulletBlanc\">Direction de th\u00e8se :\u00a0<b>Emmanuel FERRIER<\/b><\/li>\n<li class=\"bulletBlanc\">Co-encadrant de th\u00e8se :\u00a0<b>Laurent MICHEL<\/b>\u00a0<\/li>\n<\/ul>\n<p>La th\u00e8se est financ\u00e9 dans le cadre du projet <a href=\"https:\/\/lmc2.univ-lyon1.fr\/?page_id=1759\">HYBRIDAL\u00a0<\/a><\/p>\n","protected":false},"excerpt":{"rendered":"<p>Sujet de doctorat Comportement thermom\u00e9canique des panneaux de fa\u00e7ade en bois-b\u00e9ton coll\u00e9 : \u00c9tude exp\u00e9rimentale [&hellip;]<\/p>\n","protected":false},"author":1,"featured_media":0,"parent":0,"menu_order":0,"comment_status":"closed","ping_status":"closed","template":"","meta":{"footnotes":""},"class_list":["post-3472","page","type-page","status-publish","hentry"],"_links":{"self":[{"href":"https:\/\/lmc2.univ-lyon1.fr\/index.php?rest_route=\/wp\/v2\/pages\/3472","targetHints":{"allow":["GET"]}}],"collection":[{"href":"https:\/\/lmc2.univ-lyon1.fr\/index.php?rest_route=\/wp\/v2\/pages"}],"about":[{"href":"https:\/\/lmc2.univ-lyon1.fr\/index.php?rest_route=\/wp\/v2\/types\/page"}],"author":[{"embeddable":true,"href":"https:\/\/lmc2.univ-lyon1.fr\/index.php?rest_route=\/wp\/v2\/users\/1"}],"replies":[{"embeddable":true,"href":"https:\/\/lmc2.univ-lyon1.fr\/index.php?rest_route=%2Fwp%2Fv2%2Fcomments&post=3472"}],"version-history":[{"count":1,"href":"https:\/\/lmc2.univ-lyon1.fr\/index.php?rest_route=\/wp\/v2\/pages\/3472\/revisions"}],"predecessor-version":[{"id":3473,"href":"https:\/\/lmc2.univ-lyon1.fr\/index.php?rest_route=\/wp\/v2\/pages\/3472\/revisions\/3473"}],"wp:attachment":[{"href":"https:\/\/lmc2.univ-lyon1.fr\/index.php?rest_route=%2Fwp%2Fv2%2Fmedia&parent=3472"}],"curies":[{"name":"wp","href":"https:\/\/api.w.org\/{rel}","templated":true}]}}