{"id":370,"date":"2014-08-26T14:30:06","date_gmt":"2014-08-26T13:30:06","guid":{"rendered":"http:\/\/lmc2.univ-lyon1.fr\/?page_id=370"},"modified":"2017-02-13T16:02:16","modified_gmt":"2017-02-13T15:02:16","slug":"sylvain-bel","status":"publish","type":"page","link":"https:\/\/lmc2.univ-lyon1.fr\/?page_id=370","title":{"rendered":"BEL SYLVAIN"},"content":{"rendered":"<p><img loading=\"lazy\" decoding=\"async\" class=\"aligncenter size-full wp-image-934\" src=\"http:\/\/lmc2.univ-lyon1.fr\/wp-content\/uploads\/2014\/03\/Homme.jpg\" alt=\"Homme\" width=\"202\" height=\"201\" srcset=\"https:\/\/lmc2.univ-lyon1.fr\/wp-content\/uploads\/2014\/03\/Homme.jpg 202w, https:\/\/lmc2.univ-lyon1.fr\/wp-content\/uploads\/2014\/03\/Homme-150x150.jpg 150w\" sizes=\"auto, (max-width: 202px) 100vw, 202px\" \/><\/p>\n<p><strong><em>Mes activit\u00e9s de recherche<\/em><\/strong><\/p>\n<p style=\"text-align: justify;\">Ma recherche se focalise sur la caract\u00e9risation des mat\u00e9riaux composites \u00e0 matrice polym\u00e8re pour des applications de type G\u00e9nie Civil et a\u00e9ronautique.<\/p>\n<p><a href=\"http:\/\/lmc2.univ-lyon1.fr\/wp-content\/uploads\/2017\/02\/Liste_Bel.htm\" rel=\"\">Liste des publications<\/a><\/p>\n<p><strong><em>Mes activit\u00e9s d\u2019enseignement<\/em><\/strong><\/p>\n<p style=\"text-align: justify;\">J&rsquo;enseigne principalement dans les p\u00f4les \u00ab\u00a0structure\u00a0\u00bb et \u00ab\u00a0mat\u00e9riaux\u00a0\u00bb, au niveau IUT, dans les modules suivants :<\/p>\n<ul>\n<li>B\u00e9ton arm\u00e9<\/li>\n<li>Construction m\u00e9tallique<\/li>\n<li>Mat\u00e9riaux b\u00e9tons et enrob\u00e9s<\/li>\n<li>Mod\u00e9lisation des structures<\/li>\n<\/ul>\n<p style=\"text-align: justify;\">J&rsquo;interviens \u00e9galement au niveau M2 pour des cours sur les mat\u00e9riaux composites \u00e0 matrice polym\u00e8re.<\/p>\n<p><em><strong>Mail :<\/strong><\/em> <a href=\"mailto:sylvain.bel@univ-lyon1.fr\">Sylvain.bel@univ-lyon1.fr<\/a><\/p>\n","protected":false},"excerpt":{"rendered":"<p>Mes activit\u00e9s de recherche Ma recherche se focalise sur la caract\u00e9risation des mat\u00e9riaux composites \u00e0 [&hellip;]<\/p>\n","protected":false},"author":1,"featured_media":0,"parent":0,"menu_order":0,"comment_status":"closed","ping_status":"open","template":"","meta":{"footnotes":""},"class_list":["post-370","page","type-page","status-publish","hentry"],"_links":{"self":[{"href":"https:\/\/lmc2.univ-lyon1.fr\/index.php?rest_route=\/wp\/v2\/pages\/370","targetHints":{"allow":["GET"]}}],"collection":[{"href":"https:\/\/lmc2.univ-lyon1.fr\/index.php?rest_route=\/wp\/v2\/pages"}],"about":[{"href":"https:\/\/lmc2.univ-lyon1.fr\/index.php?rest_route=\/wp\/v2\/types\/page"}],"author":[{"embeddable":true,"href":"https:\/\/lmc2.univ-lyon1.fr\/index.php?rest_route=\/wp\/v2\/users\/1"}],"replies":[{"embeddable":true,"href":"https:\/\/lmc2.univ-lyon1.fr\/index.php?rest_route=%2Fwp%2Fv2%2Fcomments&post=370"}],"version-history":[{"count":18,"href":"https:\/\/lmc2.univ-lyon1.fr\/index.php?rest_route=\/wp\/v2\/pages\/370\/revisions"}],"predecessor-version":[{"id":2877,"href":"https:\/\/lmc2.univ-lyon1.fr\/index.php?rest_route=\/wp\/v2\/pages\/370\/revisions\/2877"}],"wp:attachment":[{"href":"https:\/\/lmc2.univ-lyon1.fr\/index.php?rest_route=%2Fwp%2Fv2%2Fmedia&parent=370"}],"curies":[{"name":"wp","href":"https:\/\/api.w.org\/{rel}","templated":true}]}}