{"id":377,"date":"2014-08-26T14:33:37","date_gmt":"2014-08-26T13:33:37","guid":{"rendered":"http:\/\/lmc2.univ-lyon1.fr\/?page_id=377"},"modified":"2021-04-16T08:28:22","modified_gmt":"2021-04-16T07:28:22","slug":"vu-hong","status":"publish","type":"page","link":"https:\/\/lmc2.univ-lyon1.fr\/?page_id=377","title":{"rendered":"VU XUAN HONG"},"content":{"rendered":"<p><img loading=\"lazy\" decoding=\"async\" class=\"aligncenter size-medium wp-image-723\" src=\"http:\/\/lmc2.univ-lyon1.fr\/wp-content\/uploads\/2014\/08\/Hong1-270x300.jpg\" alt=\"OLYMPUS DIGITAL CAMERA\" width=\"270\" height=\"300\" srcset=\"https:\/\/lmc2.univ-lyon1.fr\/wp-content\/uploads\/2014\/08\/Hong1-270x300.jpg 270w, https:\/\/lmc2.univ-lyon1.fr\/wp-content\/uploads\/2014\/08\/Hong1.jpg 567w\" sizes=\"auto, (max-width: 270px) 100vw, 270px\" \/><\/p>\n<p><strong><em>Mes activit\u00e9s de recherche<\/em><\/strong><\/p>\n<ul>\n<li>Comportement thermom\u00e9canique et au feu des structures en G\u00e9nie Civil<\/li>\n<li style=\"text-align: justify;\">Comportement \u00e0 temp\u00e9rature \u00e9lev\u00e9e et au feu des mat\u00e9riaux composites pour la r\u00e9paration et\/ou le renforcement d\u2019ouvrages en g\u00e9nie civil (tunnels, ouvrages souterrains, b\u00e2timents\u2026)<\/li>\n<li style=\"text-align: justify;\">Comportement m\u00e9canique de diff\u00e9rents b\u00e9tons (b\u00e9ton ordinaire, b\u00e9ton haute performance, b\u00e9ton cellulaire) sous forte contrainte triaxiale.<\/li>\n<\/ul>\n<p><a href=\"http:\/\/lmc2.univ-lyon1.fr\/wp-content\/uploads\/2019\/07\/Liste_Vu.htm\" target=\"_blank\" rel=\"noopener\">Liste des publications<\/a><\/p>\n<p><strong><em>Mes activit\u00e9s d\u2019enseignement<\/em><\/strong><\/p>\n<p><strong>DUT G\u00e9nie Civil<\/strong> (IUT Lyon 1, Universit\u00e9 Lyon 1) :<\/p>\n<ul>\n<li>Mat\u00e9riaux de construction (b\u00e9tons, mortiers, mat\u00e9riaux de chauss\u00e9es) (Mtx3)<\/li>\n<li>Connaissance du mat\u00e9riau et de son origine (Mtx1)<\/li>\n<li>Mat\u00e9riaux granulaires (sols, granulats) (Mtx2)<\/li>\n<li>M\u00e9canique des sols<\/li>\n<li>G\u00e9otechnique 02- calcul des ouvrages<\/li>\n<li>Base de la g\u00e9otechnique<\/li>\n<li>Projet de fin d\u2019\u00e9tudes li\u00e9 \u00e0 la g\u00e9otechnique<\/li>\n<\/ul>\n<p><strong>Master 2 G\u00e9nie Civil <\/strong>(CFR M\u00e9canique, Universit\u00e9 Lyon 1)<strong>:<\/strong><\/p>\n<ul>\n<li>Dimensionnement au feu des structures en G\u00e9nie Civil<\/li>\n<li>Recherche bibliographique pour un sujet de recherche<\/li>\n<li>Projet de fin d\u2019\u00e9tudes\u00a0: recherche et d\u00e9veloppement<\/li>\n<\/ul>\n<p>Volume horaire annuel\u00a0: entre 220 et 250 heures \u00e9quivalentes des travaux dirig\u00e9s par an.<\/p>\n<p><em><strong>Mail :<\/strong><\/em> <a title=\"BENYOUB ANISSA\" href=\"mailto:xuan-hong.vu@univ-lyon1.fr\">Xuan-hong.vu@univ-lyon1.fr<\/a><\/p>\n","protected":false},"excerpt":{"rendered":"<p>Mes activit\u00e9s de recherche Comportement thermom\u00e9canique et au feu des structures en G\u00e9nie Civil Comportement [&hellip;]<\/p>\n","protected":false},"author":1,"featured_media":0,"parent":0,"menu_order":0,"comment_status":"closed","ping_status":"open","template":"","meta":{"footnotes":""},"class_list":["post-377","page","type-page","status-publish","hentry"],"_links":{"self":[{"href":"https:\/\/lmc2.univ-lyon1.fr\/index.php?rest_route=\/wp\/v2\/pages\/377","targetHints":{"allow":["GET"]}}],"collection":[{"href":"https:\/\/lmc2.univ-lyon1.fr\/index.php?rest_route=\/wp\/v2\/pages"}],"about":[{"href":"https:\/\/lmc2.univ-lyon1.fr\/index.php?rest_route=\/wp\/v2\/types\/page"}],"author":[{"embeddable":true,"href":"https:\/\/lmc2.univ-lyon1.fr\/index.php?rest_route=\/wp\/v2\/users\/1"}],"replies":[{"embeddable":true,"href":"https:\/\/lmc2.univ-lyon1.fr\/index.php?rest_route=%2Fwp%2Fv2%2Fcomments&post=377"}],"version-history":[{"count":20,"href":"https:\/\/lmc2.univ-lyon1.fr\/index.php?rest_route=\/wp\/v2\/pages\/377\/revisions"}],"predecessor-version":[{"id":2451,"href":"https:\/\/lmc2.univ-lyon1.fr\/index.php?rest_route=\/wp\/v2\/pages\/377\/revisions\/2451"}],"wp:attachment":[{"href":"https:\/\/lmc2.univ-lyon1.fr\/index.php?rest_route=%2Fwp%2Fv2%2Fmedia&parent=377"}],"curies":[{"name":"wp","href":"https:\/\/api.w.org\/{rel}","templated":true}]}}