{"id":458,"date":"2014-09-02T14:53:35","date_gmt":"2014-09-02T13:53:35","guid":{"rendered":"http:\/\/lmc2.univ-lyon1.fr\/?p=458"},"modified":"2016-10-21T07:51:51","modified_gmt":"2016-10-21T06:51:51","slug":"ngo-minh-duc","status":"publish","type":"page","link":"https:\/\/lmc2.univ-lyon1.fr\/?page_id=458","title":{"rendered":"NGO MINH Duc"},"content":{"rendered":"<p><img loading=\"lazy\" decoding=\"async\" class=\"aligncenter size-medium wp-image-871\" src=\"http:\/\/lmc2.univ-lyon1.fr\/wp-content\/uploads\/2014\/09\/Minh-Duc1-242x300.jpg\" alt=\"Minh Duc1\" width=\"242\" height=\"300\" srcset=\"https:\/\/lmc2.univ-lyon1.fr\/wp-content\/uploads\/2014\/09\/Minh-Duc1-242x300.jpg 242w, https:\/\/lmc2.univ-lyon1.fr\/wp-content\/uploads\/2014\/09\/Minh-Duc1-828x1024.jpg 828w, https:\/\/lmc2.univ-lyon1.fr\/wp-content\/uploads\/2014\/09\/Minh-Duc1.jpg 956w\" sizes=\"auto, (max-width: 242px) 100vw, 242px\" \/><\/p>\n<p><strong>Sujet de Doctorat<br \/>\n<\/strong><\/p>\n<h4><em><strong>Renforcement des structures en b\u00e9ton arm\u00e9 vis-\u00e0-vis du cisaillement par mat\u00e9riaux composites polym\u00e8re-Lin<\/strong> <\/em><\/h4>\n<p><strong>R\u00e9sum\u00e9<\/strong><\/p>\n<p style=\"text-align: justify;\">Dans le cadre de renforcement de structures par mat\u00e9riaux composites, la question de la pertinence des mat\u00e9riaux carbone et verre peut \u00eatre soulev\u00e9e vis-\u00e0-vis des probl\u00e8mes environnementaux et de masse des syst\u00e8mes de renforcement. L\u2019emploi de nouveaux mat\u00e9riaux tels que les composites utilisant des fibres naturelles peut alors devenir une voie prometteuse.<\/p>\n<p style=\"text-align: justify;\">Le but de cette th\u00e8se est pour \u00e9valuer le comportement des structures de poutres, voiles en b\u00e9ton arm\u00e9 renforc\u00e9 par des fibres naturels sous la sollicitation de cisaillement. Douze poutres et six voiles sont renforc\u00e9s par mat\u00e9riaux de Lin, et seront test\u00e9s sous la charge quasi-statique ou cyclique. A la fin, une mod\u00e8le de calcul (\u00e9l\u00e9ments finis, codes analytiques) va \u00eatre men\u00e9 pour reproduire les r\u00e9sultats exp\u00e9rimentaux et permettre d\u2019anticiper le comportement de ces renforcements.<\/p>\n<p style=\"text-align: justify;\"><strong>Encadrants<\/strong><\/p>\n<ul>\n<li>Emmanuel FERRIER<\/li>\n<li>Ali LIMAM<\/li>\n<li>Laurent MICHEL<\/li>\n<\/ul>\n<p><strong>D\u00e9but et fin de th\u00e8se<br \/>\n<\/strong><\/p>\n<p>01\/10\/2013 \u2013 23\/09\/2016<\/p>\n<p><strong>Activit\u00e9s p\u00e9dagogiques<br \/>\n<\/strong><\/p>\n<p>&#8230;<\/p>\n","protected":false},"excerpt":{"rendered":"<p>Sujet de Doctorat Renforcement des structures en b\u00e9ton arm\u00e9 vis-\u00e0-vis du cisaillement par mat\u00e9riaux composites [&hellip;]<\/p>\n","protected":false},"author":1,"featured_media":0,"parent":0,"menu_order":0,"comment_status":"closed","ping_status":"open","template":"","meta":{"footnotes":""},"class_list":["post-458","page","type-page","status-publish","hentry"],"_links":{"self":[{"href":"https:\/\/lmc2.univ-lyon1.fr\/index.php?rest_route=\/wp\/v2\/pages\/458","targetHints":{"allow":["GET"]}}],"collection":[{"href":"https:\/\/lmc2.univ-lyon1.fr\/index.php?rest_route=\/wp\/v2\/pages"}],"about":[{"href":"https:\/\/lmc2.univ-lyon1.fr\/index.php?rest_route=\/wp\/v2\/types\/page"}],"author":[{"embeddable":true,"href":"https:\/\/lmc2.univ-lyon1.fr\/index.php?rest_route=\/wp\/v2\/users\/1"}],"replies":[{"embeddable":true,"href":"https:\/\/lmc2.univ-lyon1.fr\/index.php?rest_route=%2Fwp%2Fv2%2Fcomments&post=458"}],"version-history":[{"count":5,"href":"https:\/\/lmc2.univ-lyon1.fr\/index.php?rest_route=\/wp\/v2\/pages\/458\/revisions"}],"predecessor-version":[{"id":1975,"href":"https:\/\/lmc2.univ-lyon1.fr\/index.php?rest_route=\/wp\/v2\/pages\/458\/revisions\/1975"}],"wp:attachment":[{"href":"https:\/\/lmc2.univ-lyon1.fr\/index.php?rest_route=%2Fwp%2Fv2%2Fmedia&parent=458"}],"curies":[{"name":"wp","href":"https:\/\/api.w.org\/{rel}","templated":true}]}}