{"id":533,"date":"2014-09-03T14:54:10","date_gmt":"2014-09-03T13:54:10","guid":{"rendered":"http:\/\/lmc2.univ-lyon1.fr\/?page_id=533"},"modified":"2025-04-24T12:44:35","modified_gmt":"2025-04-24T11:44:35","slug":"welcome-to-the-lgcie","status":"publish","type":"page","link":"https:\/\/lmc2.univ-lyon1.fr\/?page_id=533","title":{"rendered":"Welcome to the LMC2"},"content":{"rendered":"\n<div class=\"alignnormal\"><div id=\"metaslider-id-2771\" style=\"width: 100%; margin: 0 auto;\" class=\"ml-slider-3-97-0 metaslider metaslider-flex metaslider-2771 ml-slider hide-arrows-smartphone hide-arrows-tablet ms-theme-default\" role=\"region\" aria-roledescription=\"Slideshow\" aria-label=\"Diapo page d&#039;accueil\" data-width=\"400\">\n    <div id=\"metaslider_container_2771\">\n        <div id=\"metaslider_2771\">\n            <ul class='slides'>\n                <li style=\"display: none; width: 100%;\" class=\"slide-2776 ms-image \" aria-roledescription=\"slide\" aria-label=\"slide-2776\" data-date=\"2024-06-13 16:05:37\"><a href=\"https:\/\/lmc2.univ-lyon1.fr\/?page_id=3303\" target=\"_self\" class=\"metaslider_image_link\"><img loading=\"lazy\" decoding=\"async\" src=\"https:\/\/lmc2.univ-lyon1.fr\/wp-content\/uploads\/2025\/07\/carous01-400x400.jpg\" height=\"400\" width=\"400\" alt=\"\" class=\"slider-2771 slide-2776\" title=\"carous01\" \/><\/a><div class=\"caption-wrap\"><div class=\"caption\"><div><span style=\"font-size:11pt;line-height:107%;font-family:Calibri, sans-serif;\">Test en flexion jusqu\u2019\u00e0 la ruine d\u2019un module hybride acier \u2013 CLT\u00a0 - ANR <a href=\"https:\/\/lmc2.univ-lyon1.fr\/?page_id=3303\">MixAB<\/a><\/span><\/div><\/div><\/div><\/li>\n                <li style=\"display: none; width: 100%;\" class=\"slide-2777 ms-image \" aria-roledescription=\"slide\" aria-label=\"slide-2777\" data-date=\"2024-06-13 16:05:38\"><a href=\"https:\/\/lmc2.univ-lyon1.fr\/?page_id=3286\" target=\"_self\" class=\"metaslider_image_link\"><img loading=\"lazy\" decoding=\"async\" src=\"https:\/\/lmc2.univ-lyon1.fr\/wp-content\/uploads\/2025\/07\/carous02-400x400.jpg\" height=\"400\" width=\"400\" alt=\"\" class=\"slider-2771 slide-2777\" title=\"carous02\" \/><\/a><div class=\"caption-wrap\"><div class=\"caption\"><div><span style=\"font-size:11pt;line-height:107%;font-family:Calibri, sans-serif;\">Projet <a href=\"https:\/\/lmc2.univ-lyon1.fr\/?page_id=3286\">VIVALDI<\/a> - \u00c9tude de la variation dimensionnelle de murs en b\u00e9ton de bois <a href=\"https:\/\/ccbgreentech.com\/40-la-technologie-du-beton-de-bois-avec-ccb-greentech.htm\">(TIMBERROC) <\/a>sous conditions environnementales acc\u00e9l\u00e9r\u00e9es dans une enceinte climatique de 10m<sup>3\u00a0<\/sup><\/span><\/div><\/div><\/div><\/li>\n                <li style=\"display: none; width: 100%;\" class=\"slide-2778 ms-image \" aria-roledescription=\"slide\" aria-label=\"slide-2778\" data-date=\"2024-06-13 16:05:38\"><a href=\"https:\/\/lmc2.univ-lyon1.fr\/?page_id=1759\" target=\"_self\" class=\"metaslider_image_link\"><img loading=\"lazy\" decoding=\"async\" src=\"https:\/\/lmc2.univ-lyon1.fr\/wp-content\/uploads\/2025\/07\/carous03-400x400.jpg\" height=\"400\" width=\"400\" alt=\"\" class=\"slider-2771 slide-2778\" title=\"carous03\" \/><\/a><div class=\"caption-wrap\"><div class=\"caption\"><div>Installation des planchers <a href=\"https:\/\/lmc2.univ-lyon1.fr\/?page_id=1759\">Hybridal<\/a> lors d'un chantier de construction d'un b\u00e2timent \u00e0 plusieurs niveaux.<\/div><\/div><\/div><\/li>\n                <li style=\"display: none; width: 100%;\" class=\"slide-3509 ms-image \" aria-roledescription=\"slide\" aria-label=\"slide-3509\" data-date=\"2025-07-31 14:04:58\"><a href=\"https:\/\/lmc2.univ-lyon1.fr\/wp-content\/uploads\/2025\/04\/Banc-dessai-dynamique.pdf\" target=\"_self\" class=\"metaslider_image_link\"><img loading=\"lazy\" decoding=\"async\" src=\"https:\/\/lmc2.univ-lyon1.fr\/wp-content\/uploads\/2025\/07\/carous08-400x400.jpg\" height=\"400\" width=\"400\" alt=\"\" class=\"slider-2771 slide-3509\" title=\"carous08\" \/><\/a><div class=\"caption-wrap\"><div class=\"caption\"><div>Essai d'une poutre r\u00e9par\u00e9e par TRM sous <a href=\"https:\/\/lmc2.univ-lyon1.fr\/wp-content\/uploads\/2025\/04\/Banc-dessai-dynamique.pdf\">chargement cyclique.<\/a>\u00a0<\/div><\/div><\/div><\/li>\n                <li style=\"display: none; width: 100%;\" class=\"slide-2779 ms-image \" aria-roledescription=\"slide\" aria-label=\"slide-2779\" data-date=\"2024-06-13 16:05:38\"><a href=\"https:\/\/cice2025.org\/\" target=\"_self\" class=\"metaslider_image_link\"><img loading=\"lazy\" decoding=\"async\" src=\"https:\/\/lmc2.univ-lyon1.fr\/wp-content\/uploads\/2025\/07\/carous09-400x400.jpg\" height=\"400\" width=\"400\" alt=\"\" class=\"slider-2771 slide-2779\" title=\"carous09\" \/><\/a><div class=\"caption-wrap\"><div class=\"caption\"><div>Essai d'une poutre r\u00e9par\u00e9e par TRM. Mesure de la d\u00e9formation dans le composite TRM par <a href=\"https:\/\/lmc2.univ-lyon1.fr\/wp-content\/uploads\/2025\/04\/Dispositif-de-mesure-par-fibres-optiques-continues.pdf\">DFOS<\/a>. \u00a0R\u00e9sultats pr\u00e9sent\u00e9s lors de la conf\u00e9rence <a href=\"https:\/\/cice2025.org\/\" target=\"_blank\" rel=\"noreferrer noopener\">CICE 2025<\/a><\/div><\/div><\/div><\/li>\n                <li style=\"display: none; width: 100%;\" class=\"slide-3507 ms-image \" aria-roledescription=\"slide\" aria-label=\"slide-3507\" data-date=\"2025-07-31 13:56:39\"><a href=\"https:\/\/lmc2.univ-lyon1.fr\/?page_id=3241\" target=\"_self\" class=\"metaslider_image_link\"><img loading=\"lazy\" decoding=\"async\" src=\"https:\/\/lmc2.univ-lyon1.fr\/wp-content\/uploads\/2025\/07\/carous05-400x400.jpg\" height=\"400\" width=\"400\" alt=\"\" class=\"slider-2771 slide-3507\" title=\"carous05\" \/><\/a><div class=\"caption-wrap\"><div class=\"caption\"><div>Essais sur tirants en b\u00e9ton arm\u00e9 dans le cadre du projet <a href=\"https:\/\/lmc2.univ-lyon1.fr\/?page_id=3241\">RAFAL<\/a>. Travaux de recherche effectu\u00e9s pendant la th\u00e8se de <a href=\"https:\/\/lmc2.univ-lyon1.fr\/?page_id=3464\">A. Ben-Dahou<\/a><\/div><\/div><\/div><\/li>\n                <li style=\"display: none; width: 100%;\" class=\"slide-3508 ms-image \" aria-roledescription=\"slide\" aria-label=\"slide-3508\" data-date=\"2025-07-31 14:02:04\"><a href=\"https:\/\/lmc2.univ-lyon1.fr\/?page_id=3241\" target=\"_self\" class=\"metaslider_image_link\"><img loading=\"lazy\" decoding=\"async\" src=\"https:\/\/lmc2.univ-lyon1.fr\/wp-content\/uploads\/2025\/07\/carous04-400x400.jpg\" height=\"400\" width=\"400\" alt=\"\" class=\"slider-2771 slide-3508\" title=\"carous04\" \/><\/a><div class=\"caption-wrap\"><div class=\"caption\"><div>Essais quasi-statique cyclique des voiles BA dans le cadre du projet RAFAL. Travaux de recherche effectu\u00e9s pendant la th\u00e8se de <a href=\"https:\/\/lmc2.univ-lyon1.fr\/?page_id=3466\">M. Nasser<\/a><\/div><\/div><\/div><\/li>\n            <\/ul>\n        <\/div>\n        \n    <\/div>\n<\/div><\/div>\n\n\n<p><strong data-start=\"111\" data-end=\"203\">Welcome to the website of the Laboratory of Composite Materials for Construction (LMC\u00b2).<\/strong><\/p>\n<p class=\"\" data-start=\"205\" data-end=\"399\">LMC\u00b2 is a research laboratory affiliated with Claude Bernard University Lyon 1 (UCBL), dedicated to the study of composite materials and their applications in construction and civil engineering.<\/p>\n<p class=\"\" data-start=\"401\" data-end=\"532\">Our research focuses on the experimental analysis and modeling of the behaviour of materials and structures subjected to real-world loading conditions, including mechanical, environmental, thermal, and long-term effects.<\/p>\n<p class=\"\" data-start=\"534\" data-end=\"703\">We invite you to explore the various sections of our website, including those listed in the main menu, to learn more about our projects, expertise, and ongoing research.<\/p>\n<p>\u00a0<\/p>\n<p>\u00a0<\/p>\n\n\n<div class=\"wp-block-columns is-layout-flex wp-container-core-columns-is-layout-9d6595d7 wp-block-columns-is-layout-flex\">\n<div class=\"wp-block-column is-layout-flow wp-block-column-is-layout-flow\">\n<div class=\"wp-block-cover is-light\" style=\"min-height:210px;aspect-ratio:unset;\"><span aria-hidden=\"true\" class=\"wp-block-cover__background has-background-dim-100 has-background-dim\" style=\"background-color:#ff9900\"><\/span><div class=\"wp-block-cover__inner-container is-layout-constrained wp-block-cover-is-layout-constrained\">\n<p class=\"has-text-align-center has-primary-color has-text-color has-link-color has-large-font-size wp-elements-5492baab8c0e8feff4cdd0f7ca608ef4\"><a href=\"https:\/\/lmc2.univ-lyon1.fr\/?page_id=584\" data-type=\"page\" data-id=\"584\">Staff<\/a><\/p>\n<\/div><\/div>\n\n\n\n<div class=\"wp-block-cover is-light\" style=\"min-height:210px;aspect-ratio:unset;\"><span aria-hidden=\"true\" class=\"wp-block-cover__background has-background-dim-100 has-background-dim\" style=\"background-color:#ff9900\"><\/span><div class=\"wp-block-cover__inner-container is-layout-constrained wp-block-cover-is-layout-constrained\">\n<p class=\"has-text-align-center has-primary-color has-text-color has-link-color has-large-font-size wp-elements-bc09165ec0a61ec4049209bb254cd87d\"><a href=\"https:\/\/lmc2.univ-lyon1.fr\/?page_id=571\" data-type=\"page\" data-id=\"571\">Projects<\/a><\/p>\n<\/div><\/div>\n<\/div>\n\n\n\n<div class=\"wp-block-column is-layout-flow wp-block-column-is-layout-flow\">\n<div class=\"wp-block-cover is-light\" style=\"min-height:210px;aspect-ratio:unset;\"><span aria-hidden=\"true\" class=\"wp-block-cover__background has-background-dim-100 has-background-dim\" style=\"background-color:#ff9900\"><\/span><div class=\"wp-block-cover__inner-container is-layout-constrained wp-block-cover-is-layout-constrained\">\n<p class=\"has-text-align-center has-primary-color has-text-color has-link-color has-large-font-size wp-elements-8e12451aef2a28b4691f320335f7e328\"><a href=\"https:\/\/lmc2.univ-lyon1.fr\/?page_id=531\" data-type=\"page\" data-id=\"531\">Activities<\/a><\/p>\n<\/div><\/div>\n<\/div>\n<\/div>\n\n\n<p style=\"text-align: center;\"><span style=\"font-size: 12pt;\">\u00a0<strong>LMC2 EA 7427\/ Universit\u00e9 Lyon 1<\/strong><\/span><\/p>\n<p><img loading=\"lazy\" decoding=\"async\" class=\"aligncenter wp-image-1366 size-full\" src=\"http:\/\/lmc2.univ-lyon1.fr\/wp-content\/uploads\/2014\/09\/Logo2.jpg\" alt=\"\" width=\"1720\" height=\"589\" srcset=\"https:\/\/lmc2.univ-lyon1.fr\/wp-content\/uploads\/2014\/09\/Logo2.jpg 1720w, https:\/\/lmc2.univ-lyon1.fr\/wp-content\/uploads\/2014\/09\/Logo2-300x103.jpg 300w, https:\/\/lmc2.univ-lyon1.fr\/wp-content\/uploads\/2014\/09\/Logo2-1024x351.jpg 1024w\" sizes=\"auto, (max-width: 1720px) 100vw, 1720px\" \/><\/p>","protected":false},"excerpt":{"rendered":"<p>Welcome to the website of the Laboratory of Composite Materials for Construction (LMC\u00b2). LMC\u00b2 is [&hellip;]<\/p>\n","protected":false},"author":1,"featured_media":0,"parent":0,"menu_order":0,"comment_status":"closed","ping_status":"closed","template":"","meta":{"footnotes":""},"class_list":["post-533","page","type-page","status-publish","hentry"],"_links":{"self":[{"href":"https:\/\/lmc2.univ-lyon1.fr\/index.php?rest_route=\/wp\/v2\/pages\/533","targetHints":{"allow":["GET"]}}],"collection":[{"href":"https:\/\/lmc2.univ-lyon1.fr\/index.php?rest_route=\/wp\/v2\/pages"}],"about":[{"href":"https:\/\/lmc2.univ-lyon1.fr\/index.php?rest_route=\/wp\/v2\/types\/page"}],"author":[{"embeddable":true,"href":"https:\/\/lmc2.univ-lyon1.fr\/index.php?rest_route=\/wp\/v2\/users\/1"}],"replies":[{"embeddable":true,"href":"https:\/\/lmc2.univ-lyon1.fr\/index.php?rest_route=%2Fwp%2Fv2%2Fcomments&post=533"}],"version-history":[{"count":23,"href":"https:\/\/lmc2.univ-lyon1.fr\/index.php?rest_route=\/wp\/v2\/pages\/533\/revisions"}],"predecessor-version":[{"id":2881,"href":"https:\/\/lmc2.univ-lyon1.fr\/index.php?rest_route=\/wp\/v2\/pages\/533\/revisions\/2881"}],"wp:attachment":[{"href":"https:\/\/lmc2.univ-lyon1.fr\/index.php?rest_route=%2Fwp%2Fv2%2Fmedia&parent=533"}],"curies":[{"name":"wp","href":"https:\/\/api.w.org\/{rel}","templated":true}]}}